{"id":11265,"date":"2022-07-11T13:37:48","date_gmt":"2022-07-11T11:37:48","guid":{"rendered":"https:\/\/agora-eoi.xtec.cat\/eoigirona\/?page_id=11265"},"modified":"2022-07-11T17:13:21","modified_gmt":"2022-07-11T15:13:21","slug":"presentacion","status":"publish","type":"page","link":"https:\/\/agora-eoi.xtec.cat\/eoigirona\/la-escuela\/presentacion\/","title":{"rendered":"Presentaci\u00f3n"},"content":{"rendered":"<p>La Escuela Oficial de Idiomas de Girona se inaugur\u00f3 en septiembre de 1983 por iniciativa del Departament d&#8217;Ensenyament de la Generalitat de Catalunya. Es un centro p\u00fablico, no universitario de r\u00e9gimen especial, de ense\u00f1anza de idiomas modernos que imparte las ense\u00f1anzas especializadas reguladas por la Ley org\u00e1nica de educaci\u00f3n (LOE).<\/p>\n<p>Las escuelas oficiales de idiomas son centros p\u00fablicos destinados al aprendizaje de lenguas para personas adultas. La finalidad de las ense\u00f1anzas de idiomas que se imparten es el desarrollo de:<\/p>\n<p>&#8211; la capacidad del alumnado en el uso efectivo del idioma como veh\u00edculo de comunicaci\u00f3n general<br \/>\n&#8211; el reconocimiento y el respeto a la diversidad ling\u00fc\u00edstica y cultural como herramienta de di\u00e1logo entre los pueblos<\/p>\n<p>En la EOI Girona se pueden estudiar 8 idiomas: alem\u00e1n, ingl\u00e9s, \u00e1rabe, catal\u00e1n, espa\u00f1ol para extranjeros, franc\u00e9s, italiano y ruso.<\/p>\n<p>La EOI Girona tambi\u00e9n gestiona los centros p\u00fablicos delegados de Santa Coloma de Farners y Palafrugell.<\/p>\n<p><span style=\"color: #993300;\"><strong>CERTIFICADOS<\/strong><\/span><\/p>\n<p>Las escuelas oficiales de idiomas tambi\u00e9n gestionan las certificaciones acad\u00e9micas correspondientes a estas ense\u00f1anzas especializadas. Estas certificaciones son reconocidas en todo el Estado espa\u00f1ol, son las \u00fanicas oficiales, est\u00e1n validadas por el Consejo de Europa a trav\u00e9s del Marco Europeo de Referencia y pueden obtenerse tanto en convocatoria oficial, como en convocatoria libre.<\/p>\n<p>Cuando se alcanzan los objetivos finales del segundo curso, se obtiene el certificado del nivel b\u00e1sico A2.<\/p>\n<p>Los certificados de nivel intermedio B1, intermedio B2, avanzado C1 y avanzado C2 de las EOI pueden obtenerse tanto en convocatoria oficial como en convocatoria libre. Tienen validez nacional e internacional.<\/p>\n<p><span style=\"color: #993300;\"><strong>ERASMUS E INNOVACI\u00d3N<\/strong><\/span><\/p>\n<p>La EOI Girona participa en proyectos europeos y est\u00e1 reconocida como Centro Erasmus. Ha recibido el reconocimiento del Departamento de Educaci\u00f3n de innovaci\u00f3n pedag\u00f3gica.<\/p>\n<p><strong><span style=\"color: #993300;\">COLABORACIONES<\/span><\/strong><\/p>\n<p>La EOI Girona colabora en diferentes programas del Departamento de Educaci\u00f3n:<\/p>\n<p>&#8211; Programa de Certificaci\u00f3n de Lenguas Extranjeras<br \/>\n&#8211; Formaci\u00f3n de profesorado<br \/>\n&#8211; EOI&amp;FP Together<br \/>\n&#8211; Convalidaciones ESO y Bachillerato &#8211; EOI<\/p>\n<p>&nbsp;<\/p>\n","protected":false},"excerpt":{"rendered":"<p>La Escuela Oficial de Idiomas de Girona se inaugur\u00f3 en septiembre de 1983 por iniciativa del Departament d&#8217;Ensenyament de la Generalitat de Catalunya. Es un centro p\u00fablico, no universitario de r\u00e9gimen especial, de ense\u00f1anza de idiomas modernos que imparte las ense\u00f1anzas especializadas reguladas por la Ley org\u00e1nica de educaci\u00f3n (LOE). Las escuelas oficiales de idiomas [&hellip;]<\/p>\n","protected":false},"author":1,"featured_media":0,"parent":11307,"menu_order":1,"comment_status":"closed","ping_status":"closed","template":"page-templates\/side-menu.php","meta":{"_bbp_topic_count":0,"_bbp_reply_count":0,"_bbp_total_topic_count":0,"_bbp_total_reply_count":0,"_bbp_voice_count":0,"_bbp_anonymous_reply_count":0,"_bbp_topic_count_hidden":0,"_bbp_reply_count_hidden":0,"_bbp_forum_subforum_count":0,"site-sidebar-layout":"default","site-content-layout":"","ast-site-content-layout":"","site-content-style":"default","site-sidebar-style":"default","ast-global-header-display":"","ast-banner-title-visibility":"","ast-main-header-display":"","ast-hfb-above-header-display":"","ast-hfb-below-header-display":"","ast-hfb-mobile-header-display":"","site-post-title":"","ast-breadcrumbs-content":"","ast-featured-img":"","footer-sml-layout":"","theme-transparent-header-meta":"","adv-header-id-meta":"","stick-header-meta":"","header-above-stick-meta":"","header-main-stick-meta":"","header-below-stick-meta":"","astra-migrate-meta-layouts":"default","ast-page-background-enabled":"default","ast-page-background-meta":{"desktop":{"background-color":"var(--ast-global-color-4)","background-image":"","background-repeat":"repeat","background-position":"center center","background-size":"auto","background-attachment":"scroll","background-type":"","background-media":"","overlay-type":"","overlay-color":"","overlay-opacity":"","overlay-gradient":""},"tablet":{"background-color":"","background-image":"","background-repeat":"repeat","background-position":"center center","background-size":"auto","background-attachment":"scroll","background-type":"","background-media":"","overlay-type":"","overlay-color":"","overlay-opacity":"","overlay-gradient":""},"mobile":{"background-color":"","background-image":"","background-repeat":"repeat","background-position":"center center","background-size":"auto","background-attachment":"scroll","background-type":"","background-media":"","overlay-type":"","overlay-color":"","overlay-opacity":"","overlay-gradient":""}},"ast-content-background-meta":{"desktop":{"background-color":"var(--ast-global-color-5)","background-image":"","background-repeat":"repeat","background-position":"center center","background-size":"auto","background-attachment":"scroll","background-type":"","background-media":"","overlay-type":"","overlay-color":"","overlay-opacity":"","overlay-gradient":""},"tablet":{"background-color":"var(--ast-global-color-5)","background-image":"","background-repeat":"repeat","background-position":"center center","background-size":"auto","background-attachment":"scroll","background-type":"","background-media":"","overlay-type":"","overlay-color":"","overlay-opacity":"","overlay-gradient":""},"mobile":{"background-color":"var(--ast-global-color-5)","background-image":"","background-repeat":"repeat","background-position":"center center","background-size":"auto","background-attachment":"scroll","background-type":"","background-media":"","overlay-type":"","overlay-color":"","overlay-opacity":"","overlay-gradient":""}},"footnotes":""},"class_list":["post-11265","page","type-page","status-publish","hentry"],"post_mailing_queue_ids":[],"_links":{"self":[{"href":"https:\/\/agora-eoi.xtec.cat\/eoigirona\/wp-json\/wp\/v2\/pages\/11265","targetHints":{"allow":["GET"]}}],"collection":[{"href":"https:\/\/agora-eoi.xtec.cat\/eoigirona\/wp-json\/wp\/v2\/pages"}],"about":[{"href":"https:\/\/agora-eoi.xtec.cat\/eoigirona\/wp-json\/wp\/v2\/types\/page"}],"author":[{"embeddable":true,"href":"https:\/\/agora-eoi.xtec.cat\/eoigirona\/wp-json\/wp\/v2\/users\/1"}],"replies":[{"embeddable":true,"href":"https:\/\/agora-eoi.xtec.cat\/eoigirona\/wp-json\/wp\/v2\/comments?post=11265"}],"version-history":[{"count":1,"href":"https:\/\/agora-eoi.xtec.cat\/eoigirona\/wp-json\/wp\/v2\/pages\/11265\/revisions"}],"predecessor-version":[{"id":11278,"href":"https:\/\/agora-eoi.xtec.cat\/eoigirona\/wp-json\/wp\/v2\/pages\/11265\/revisions\/11278"}],"up":[{"embeddable":true,"href":"https:\/\/agora-eoi.xtec.cat\/eoigirona\/wp-json\/wp\/v2\/pages\/11307"}],"wp:attachment":[{"href":"https:\/\/agora-eoi.xtec.cat\/eoigirona\/wp-json\/wp\/v2\/media?parent=11265"}],"curies":[{"name":"wp","href":"https:\/\/api.w.org\/{rel}","templated":true}]}}