{"id":10642,"date":"2025-07-21T10:04:00","date_gmt":"2025-07-21T08:04:00","guid":{"rendered":"https:\/\/agora-eoi.xtec.cat\/eoigirona\/?page_id=10642"},"modified":"2025-11-11T12:00:23","modified_gmt":"2025-11-11T11:00:23","slug":"convalidacions-eso-i-batxillerat","status":"publish","type":"page","link":"https:\/\/agora-eoi.xtec.cat\/eoigirona\/el-servei-educatiu\/programes-departament-educacio\/convalidacions-eso-i-batxillerat\/","title":{"rendered":"Convalidacions ESO i Batxillerat"},"content":{"rendered":"\n<p>[<a href=\"https:\/\/www.canva.com\/design\/DAFBuRZMoHQ\/zwi-Bmc4uAS5v6okZXl-dg\/view?utm_content=DAFBuRZMoHQ&amp;utm_campaign=designshare&amp;utm_medium=link2&amp;utm_source=uniquelinks&amp;utlId=h2a6df9b88a\">Infografia<\/a>]<\/p>\n\n\n\n<p><span style=\"color: #c42300;\"><strong>CONVALIDACIONS ESO<\/strong><\/span><\/p>\n\n\n\n<p>L&#8217;alumnat que cursa una segona llengua estrangera en una escola oficial d&#8217;idiomes, que no s&#8217;ofereixi en el centre educatiu, pot sol\u00b7licitar-ne el reconeixement. En aquest cas, l&#8217;alumne o alumna ha d&#8217;acreditar que est\u00e0 matriculat en una EOI i ha de comunicar, si es dona el cas, l&#8217;abandonament d&#8217;aquests estudis.<\/p>\n\n\n\n<p>El tr\u00e0mit que han de fer les fam\u00edlies dels alumnes \u00e9s el seg\u00fcent:<\/p>\n\n\n\n<p>a. Sol\u00b7licitar al centre de secund\u00e0ria el reconeixement dels estudis com a mat\u00e8ria optativa de Segona Llengua Estrangera. Aquesta sol\u00b7licitud cal fer-la cada any.<\/p>\n\n\n\n<p>b. En la sol\u00b7licitud cal adjuntar el certificat expedit per l&#8217;EOI on s&#8217;acredita el curs de la segona llengua estrangera que cursa l&#8217;alumne\/a.<\/p>\n\n\n\n<p>c. Presentar al centre, a final de curs, un certificat de superaci\u00f3 dels estudis expedit per l&#8217;EOI.<\/p>\n\n\n\n<p>El reconeixement est\u00e0 condicionat a la valoraci\u00f3 favorable del seguiment de l&#8217;alumne o alumna. At\u00e8s que totes aquestes possibilitats es fonamenten en el fet de simultaniejar estudis ordinaris, la sol\u00b7licitud s&#8217;ha de renovar cada curs. El reconeixement de la formaci\u00f3 en cursos posteriors queda supeditada a l&#8217;acreditaci\u00f3 de la superaci\u00f3 del curs previ.<\/p>\n\n\n\n<p>&nbsp;El centre de secund\u00e0ria on l&#8217;alumne o alumna cursa l&#8217;ESO ha de fer el seguiment del proc\u00e9s de convalidaci\u00f3. D\u2019altra banda, l&#8217;EOI ha de comunicar al centre de secund\u00e0ria on cursa l&#8217;ESO i a l&#8217;alumne o alumna, (o al tutor legal, si \u00e9s menor d&#8217;edat), si hi ha faltes d&#8217;assist\u00e8ncia continuades de l&#8217;alumne o alumna, per evitar situacions que impedeixin avaluar-ne l\u2019aprenentatge.<\/p>\n\n\n\n<p><span style=\"color: #c42300;\"><strong>CONVALIDACIONS BATXILLERAT&nbsp;<\/strong><\/span><\/p>\n\n\n\n<p>Els i les alumnes que cursen el batxillerat i, al mateix temps, una segona llengua estrangera en una escola oficial d\u2019idiomes (EOI) poden sol\u00b7licitar:<\/p>\n\n\n\n<p>A <strong>primer curs<\/strong>, la convalidaci\u00f3 de 6 hores setmanals de mat\u00e8ries de la franja d\u2019optatives de qualsevol de les tres franges optatives, si es dona alguna de les condicions seg\u00fcents:<\/p>\n\n\n\n<ul class=\"wp-block-list\">\n<li>Es cursa a l\u2019EOI amb el nivell B2 o superior una segona llengua estrangera que ofereix el centre.<\/li>\n\n\n\n<li>Es cursa a l\u2019EOI una llengua estrangera que no ofereix el centre.<\/li>\n<\/ul>\n\n\n\n<p>La convalidaci\u00f3 tindr\u00e0 car\u00e0cter anual.<\/p>\n\n\n\n<p>A <strong>segon curs<\/strong>, la convalidaci\u00f3 de 4 hores setmanals de mat\u00e8ries optatives, si es dona alguna de les condicions seg\u00fcents:<\/p>\n\n\n\n<ul class=\"wp-block-list\">\n<li>Es cursa a l\u2019EOI amb el nivell B2 o superior una segona llengua estrangera que ofereix el centre.<\/li>\n\n\n\n<li>Es cursa a l\u2019EOI una llengua estrangera que no ofereix el centre.<\/li>\n<\/ul>\n\n\n\n<p>La sol\u00b7licitud de convalidaci\u00f3 la presenta l\u2019alumne\/a abans del darrer dia lectiu del mes d&#8217;octubre al centre on estudia batxillerat, juntament amb el certificat expedit per l&#8217;EOI on s&#8217;acredita el curs de la segona llengua estrangera que cursa l&#8217;alumne\/a. El director o directora del centre resol la sol\u00b7licitud.<\/p>\n\n\n\n<p>La convalidaci\u00f3 est\u00e0 condicionada a la valoraci\u00f3 favorable del seguiment de l&#8217;alumne\/a i l&#8217;aprofitament del curs a l&#8217;EOI, que cal documentar amb un certificat del nivell assolit expedit per la secretaria de l\u2019EOI durant la primera quinzena del mes de maig. <\/p>\n\n\n\n<p><\/p>\n","protected":false},"excerpt":{"rendered":"<p>[Infografia] CONVALIDACIONS ESO L&#8217;alumnat que cursa una segona llengua estrangera en una escola oficial d&#8217;idiomes, que no s&#8217;ofereixi en el centre educatiu, pot sol\u00b7licitar-ne el reconeixement. En aquest cas, l&#8217;alumne o alumna ha d&#8217;acreditar que est\u00e0 matriculat en una EOI i ha de comunicar, si es dona el cas, l&#8217;abandonament d&#8217;aquests estudis. El tr\u00e0mit que [&hellip;]<\/p>\n","protected":false},"author":1,"featured_media":0,"parent":13196,"menu_order":9,"comment_status":"closed","ping_status":"closed","template":"","meta":{"_bbp_topic_count":0,"_bbp_reply_count":0,"_bbp_total_topic_count":0,"_bbp_total_reply_count":0,"_bbp_voice_count":0,"_bbp_anonymous_reply_count":0,"_bbp_topic_count_hidden":0,"_bbp_reply_count_hidden":0,"_bbp_forum_subforum_count":0,"site-sidebar-layout":"default","site-content-layout":"","ast-site-content-layout":"default","site-content-style":"default","site-sidebar-style":"default","ast-global-header-display":"","ast-banner-title-visibility":"","ast-main-header-display":"","ast-hfb-above-header-display":"","ast-hfb-below-header-display":"","ast-hfb-mobile-header-display":"","site-post-title":"","ast-breadcrumbs-content":"","ast-featured-img":"","footer-sml-layout":"","theme-transparent-header-meta":"","adv-header-id-meta":"","stick-header-meta":"","header-above-stick-meta":"","header-main-stick-meta":"","header-below-stick-meta":"","astra-migrate-meta-layouts":"set","ast-page-background-enabled":"default","ast-page-background-meta":{"desktop":{"background-color":"var(--ast-global-color-4)","background-image":"","background-repeat":"repeat","background-position":"center center","background-size":"auto","background-attachment":"scroll","background-type":"","background-media":"","overlay-type":"","overlay-color":"","overlay-opacity":"","overlay-gradient":""},"tablet":{"background-color":"","background-image":"","background-repeat":"repeat","background-position":"center center","background-size":"auto","background-attachment":"scroll","background-type":"","background-media":"","overlay-type":"","overlay-color":"","overlay-opacity":"","overlay-gradient":""},"mobile":{"background-color":"","background-image":"","background-repeat":"repeat","background-position":"center center","background-size":"auto","background-attachment":"scroll","background-type":"","background-media":"","overlay-type":"","overlay-color":"","overlay-opacity":"","overlay-gradient":""}},"ast-content-background-meta":{"desktop":{"background-color":"var(--ast-global-color-5)","background-image":"","background-repeat":"repeat","background-position":"center center","background-size":"auto","background-attachment":"scroll","background-type":"","background-media":"","overlay-type":"","overlay-color":"","overlay-opacity":"","overlay-gradient":""},"tablet":{"background-color":"var(--ast-global-color-5)","background-image":"","background-repeat":"repeat","background-position":"center center","background-size":"auto","background-attachment":"scroll","background-type":"","background-media":"","overlay-type":"","overlay-color":"","overlay-opacity":"","overlay-gradient":""},"mobile":{"background-color":"var(--ast-global-color-5)","background-image":"","background-repeat":"repeat","background-position":"center center","background-size":"auto","background-attachment":"scroll","background-type":"","background-media":"","overlay-type":"","overlay-color":"","overlay-opacity":"","overlay-gradient":""}},"footnotes":""},"class_list":["post-10642","page","type-page","status-publish","hentry"],"post_mailing_queue_ids":[],"_links":{"self":[{"href":"https:\/\/agora-eoi.xtec.cat\/eoigirona\/wp-json\/wp\/v2\/pages\/10642","targetHints":{"allow":["GET"]}}],"collection":[{"href":"https:\/\/agora-eoi.xtec.cat\/eoigirona\/wp-json\/wp\/v2\/pages"}],"about":[{"href":"https:\/\/agora-eoi.xtec.cat\/eoigirona\/wp-json\/wp\/v2\/types\/page"}],"author":[{"embeddable":true,"href":"https:\/\/agora-eoi.xtec.cat\/eoigirona\/wp-json\/wp\/v2\/users\/1"}],"replies":[{"embeddable":true,"href":"https:\/\/agora-eoi.xtec.cat\/eoigirona\/wp-json\/wp\/v2\/comments?post=10642"}],"version-history":[{"count":6,"href":"https:\/\/agora-eoi.xtec.cat\/eoigirona\/wp-json\/wp\/v2\/pages\/10642\/revisions"}],"predecessor-version":[{"id":18593,"href":"https:\/\/agora-eoi.xtec.cat\/eoigirona\/wp-json\/wp\/v2\/pages\/10642\/revisions\/18593"}],"up":[{"embeddable":true,"href":"https:\/\/agora-eoi.xtec.cat\/eoigirona\/wp-json\/wp\/v2\/pages\/13196"}],"wp:attachment":[{"href":"https:\/\/agora-eoi.xtec.cat\/eoigirona\/wp-json\/wp\/v2\/media?parent=10642"}],"curies":[{"name":"wp","href":"https:\/\/api.w.org\/{rel}","templated":true}]}}