{"id":10262,"date":"2022-03-02T11:23:19","date_gmt":"2022-03-02T10:23:19","guid":{"rendered":"https:\/\/agora-eoi.xtec.cat\/eoigirona\/?page_id=10262"},"modified":"2026-01-08T15:46:11","modified_gmt":"2026-01-08T14:46:11","slug":"centre-formador","status":"publish","type":"page","link":"https:\/\/agora-eoi.xtec.cat\/eoigirona\/el-servei-educatiu\/centre-formador\/","title":{"rendered":"Centre formador"},"content":{"rendered":"<h4><span style=\"color: #9f4948;\"><strong>SOM CENTRE FORMADOR de pr\u00e0ctiques del M\u00e0ster de Formaci\u00f3 de Professorat<\/strong><\/span><\/h4>\n<div class=\"x-text e9-123 m9-1r m9-1s m9-1w m9-1x m9-1z m9-22 m9-25 m9-2b\">\n<p><a href=\"https:\/\/agora-eoi.xtec.cat\/eoigirona\/wp-content\/uploads\/usu2632\/2025\/10\/web-fotos-arrodonides-300-x-200-px-300-x-200-px-3.svg\"><img decoding=\"async\" class=\"size-full wp-image-18447 alignleft\" src=\"https:\/\/agora-eoi.xtec.cat\/eoigirona\/wp-content\/uploads\/usu2632\/2025\/10\/web-fotos-arrodonides-300-x-200-px-300-x-200-px-3.svg\" alt=\"\" \/><\/a>Les pr\u00e0ctiques del m\u00e0ster de formaci\u00f3 del professorat d\u2019ensenyament d\u2019idiomes generalment tenen una c\u00e0rrega docent de 14 ECTS. Els 14 ECTS, unes 350 hores, es reparteixen en 200 hores d\u2019estada al centre (pr\u00e0ctiques d&#8217;observaci\u00f3, pr\u00e0ctiques d&#8217;intervenci\u00f3 acompanyada, pr\u00e0ctiques d&#8217;intervenci\u00f3 aut\u00f2noma, assist\u00e8ncia a reunions de departament i reunions de nivell, entrevistes amb diferents \u00f2rgans de coordinaci\u00f3 i direcci\u00f3, etc.) i 150 hores de preparaci\u00f3 de sessions, materials, elaboraci\u00f3 d\u2019informes, document de s\u00edntesi del pr\u00e0cticum, etc.<\/p>\n<p>El pla de pr\u00e0ctiques s\u2019elabora a partir d\u2019uns objectius formatius i de les propostes de la nostra escola a l\u2019alumnat i al tutor\/a universit\u00e0ria de pr\u00e0ctiques, seguint l\u2019estructura, calendari i\/o per\u00edode(s) que proposi la universitat.<\/p>\n<p><strong>Llegeix l&#8217;experi\u00e8ncia d&#8217;alguns dels docents en pr\u00e0ctiques que han passat per la nostra escola.<\/strong><\/p>\n<p><a href=\"https:\/\/drive.google.com\/file\/d\/1OOdko37MB_U0kilsmaIG7j5j9aaa67HI\/view?usp=sharing\">David Mu\u00f1oz de Le\u00f3n<\/a><\/p>\n<p><a href=\"https:\/\/drive.google.com\/file\/d\/1JtfEs7dwCqmncYufXICRE39LOcaZ3NhM\/view?usp=sharing\">Cristina Canamases i Guitart<\/a><\/p>\n<p><a href=\"https:\/\/drive.google.com\/file\/d\/1pbPIC0bnxY1j6kImBKnTFEiGT3u3oLr8\/view?usp=sharing\">Inga Novak<\/a><\/p>\n<\/div>\n\n\n<p><\/p>\n","protected":false},"excerpt":{"rendered":"<p>SOM CENTRE FORMADOR de pr\u00e0ctiques del M\u00e0ster de Formaci\u00f3 de Professorat Les pr\u00e0ctiques del m\u00e0ster de formaci\u00f3 del professorat d\u2019ensenyament d\u2019idiomes generalment tenen una c\u00e0rrega docent de 14 ECTS. Els 14 ECTS, unes 350 hores, es reparteixen en 200 hores d\u2019estada al centre (pr\u00e0ctiques d&#8217;observaci\u00f3, pr\u00e0ctiques d&#8217;intervenci\u00f3 acompanyada, pr\u00e0ctiques d&#8217;intervenci\u00f3 aut\u00f2noma, assist\u00e8ncia a reunions de [&hellip;]<\/p>\n","protected":false},"author":1,"featured_media":0,"parent":806,"menu_order":9,"comment_status":"closed","ping_status":"closed","template":"","meta":{"_bbp_topic_count":0,"_bbp_reply_count":0,"_bbp_total_topic_count":0,"_bbp_total_reply_count":0,"_bbp_voice_count":0,"_bbp_anonymous_reply_count":0,"_bbp_topic_count_hidden":0,"_bbp_reply_count_hidden":0,"_bbp_forum_subforum_count":0,"site-sidebar-layout":"default","site-content-layout":"","ast-site-content-layout":"default","site-content-style":"default","site-sidebar-style":"default","ast-global-header-display":"","ast-banner-title-visibility":"","ast-main-header-display":"","ast-hfb-above-header-display":"","ast-hfb-below-header-display":"","ast-hfb-mobile-header-display":"","site-post-title":"","ast-breadcrumbs-content":"","ast-featured-img":"","footer-sml-layout":"","theme-transparent-header-meta":"","adv-header-id-meta":"","stick-header-meta":"","header-above-stick-meta":"","header-main-stick-meta":"","header-below-stick-meta":"","astra-migrate-meta-layouts":"set","ast-page-background-enabled":"default","ast-page-background-meta":{"desktop":{"background-color":"var(--ast-global-color-4)","background-image":"","background-repeat":"repeat","background-position":"center center","background-size":"auto","background-attachment":"scroll","background-type":"","background-media":"","overlay-type":"","overlay-color":"","overlay-opacity":"","overlay-gradient":""},"tablet":{"background-color":"","background-image":"","background-repeat":"repeat","background-position":"center center","background-size":"auto","background-attachment":"scroll","background-type":"","background-media":"","overlay-type":"","overlay-color":"","overlay-opacity":"","overlay-gradient":""},"mobile":{"background-color":"","background-image":"","background-repeat":"repeat","background-position":"center center","background-size":"auto","background-attachment":"scroll","background-type":"","background-media":"","overlay-type":"","overlay-color":"","overlay-opacity":"","overlay-gradient":""}},"ast-content-background-meta":{"desktop":{"background-color":"var(--ast-global-color-5)","background-image":"","background-repeat":"repeat","background-position":"center center","background-size":"auto","background-attachment":"scroll","background-type":"","background-media":"","overlay-type":"","overlay-color":"","overlay-opacity":"","overlay-gradient":""},"tablet":{"background-color":"var(--ast-global-color-5)","background-image":"","background-repeat":"repeat","background-position":"center center","background-size":"auto","background-attachment":"scroll","background-type":"","background-media":"","overlay-type":"","overlay-color":"","overlay-opacity":"","overlay-gradient":""},"mobile":{"background-color":"var(--ast-global-color-5)","background-image":"","background-repeat":"repeat","background-position":"center center","background-size":"auto","background-attachment":"scroll","background-type":"","background-media":"","overlay-type":"","overlay-color":"","overlay-opacity":"","overlay-gradient":""}},"footnotes":""},"class_list":["post-10262","page","type-page","status-publish","hentry"],"post_mailing_queue_ids":[],"_links":{"self":[{"href":"https:\/\/agora-eoi.xtec.cat\/eoigirona\/wp-json\/wp\/v2\/pages\/10262","targetHints":{"allow":["GET"]}}],"collection":[{"href":"https:\/\/agora-eoi.xtec.cat\/eoigirona\/wp-json\/wp\/v2\/pages"}],"about":[{"href":"https:\/\/agora-eoi.xtec.cat\/eoigirona\/wp-json\/wp\/v2\/types\/page"}],"author":[{"embeddable":true,"href":"https:\/\/agora-eoi.xtec.cat\/eoigirona\/wp-json\/wp\/v2\/users\/1"}],"replies":[{"embeddable":true,"href":"https:\/\/agora-eoi.xtec.cat\/eoigirona\/wp-json\/wp\/v2\/comments?post=10262"}],"version-history":[{"count":6,"href":"https:\/\/agora-eoi.xtec.cat\/eoigirona\/wp-json\/wp\/v2\/pages\/10262\/revisions"}],"predecessor-version":[{"id":18929,"href":"https:\/\/agora-eoi.xtec.cat\/eoigirona\/wp-json\/wp\/v2\/pages\/10262\/revisions\/18929"}],"up":[{"embeddable":true,"href":"https:\/\/agora-eoi.xtec.cat\/eoigirona\/wp-json\/wp\/v2\/pages\/806"}],"wp:attachment":[{"href":"https:\/\/agora-eoi.xtec.cat\/eoigirona\/wp-json\/wp\/v2\/media?parent=10262"}],"curies":[{"name":"wp","href":"https:\/\/api.w.org\/{rel}","templated":true}]}}