{"id":10078,"date":"2022-02-17T15:46:45","date_gmt":"2022-02-17T14:46:45","guid":{"rendered":"https:\/\/agora-eoi.xtec.cat\/eoigirona\/?page_id=10078"},"modified":"2025-10-24T19:30:45","modified_gmt":"2025-10-24T17:30:45","slug":"tandems","status":"publish","type":"page","link":"https:\/\/agora-eoi.xtec.cat\/eoigirona\/biblioteca-cam\/tandems\/","title":{"rendered":"T\u00e0ndems"},"content":{"rendered":"<p class=\"font_8\" style=\"text-align: left;\"><strong><a href=\"https:\/\/agora-eoi.xtec.cat\/eoigirona\/wp-content\/uploads\/usu2632\/2025\/10\/14.svg\"><img decoding=\"async\" class=\"size-full wp-image-18435 alignnone\" src=\"https:\/\/agora-eoi.xtec.cat\/eoigirona\/wp-content\/uploads\/usu2632\/2025\/10\/14.svg\" alt=\"\" \/><\/a><\/strong><\/p>\n<p class=\"font_8\" style=\"text-align: left;\"><span style=\"color: #9f4948;\"><strong>QU\u00c8 \u00c9S UN T\u00c0NDEM LING\u00dc\u00cdSTIC?<\/strong><\/span><\/p>\n<p class=\"cvGsUA direction-ltr align-center para-style-body\"><strong><span class=\"OYPEnA text-decoration-none text-strikethrough-none\">CATAL\u00c0<\/span><\/strong><\/p>\n<p class=\"cvGsUA direction-ltr align-justify para-style-body\"><span class=\"OYPEnA text-decoration-none text-strikethrough-none\">El t\u00e0ndem permet practicar i millorar els coneixements d&#8217;una llengua i entrar en contacte amb persones d&#8217;altres cultures. \u00c9s un complement ideal a l&#8217;aprenentatge formal i s&#8217;adapta a les necessitats i a la disponibilitat hor\u00e0ria de cada parella.\u00a0<\/span><span class=\"OYPEnA text-decoration-none text-strikethrough-none\">Busques una parella ling\u00fc\u00edstica? Emplena el formulari i penja\u2019l<\/span> al <span class=\"OYPEnA text-decoration-none text-strikethrough-none\">plaf\u00f3 de suro que hi ha a l&#8217;entrada de la Biblioteca-CAM. Contacta amb qui creguis que et pots entendre per practicar les dues lleng\u00fces. MOLTA SORT!<\/span><\/p>\n<p class=\"cvGsUA direction-ltr align-center para-style-body\"><strong><span class=\"OYPEnA text-decoration-none text-strikethrough-none\">ESPA\u00d1OL<\/span><\/strong><\/p>\n<p class=\"cvGsUA direction-ltr align-justify para-style-body\"><span class=\"OYPEnA text-decoration-none text-strikethrough-none\">El t\u00e1ndem permite practicar y mejorar los conocimientos de una lengua y entrar en contacto con personas de otras culturas. Es un complemento ideal al aprendizaje formal y se adapta a las necesidades y disponibilidad horaria de cada pareja. \u00bfBuscas una pareja ling\u00fc\u00edstica? Rellena el formulario y cu\u00e9lgalo en el panel que encontrar\u00e1s en la entrada de la Biblioteca-CAM. Contacta con quien creas que puede entenderte para practicar las dos lenguas. \u00a1MUCHA SUERTE!<\/span><\/p>\n<p class=\"cvGsUA direction-ltr align-center para-style-body\"><strong><span class=\"OYPEnA text-decoration-none text-strikethrough-none\">ENGLISH<\/span><\/strong><\/p>\n<p class=\"cvGsUA direction-ltr align-justify para-style-body\"><span class=\"OYPEnA text-decoration-none text-strikethrough-none\">Tandems allow you to practice and improve your knowledge of a language and contact people from other cultures. It is an ideal complement to formal learning and it adapts to the needs and time availability of each couple. Looking for a language partner? Fill out the form and post it on the school library panel. Contact whoever you think you can get on with to practice both languages. GOOD LUCK!<\/span><\/p>\n<p class=\"cvGsUA direction-ltr align-justify para-style-body\"><span style=\"font-weight: 400;\">\u00a0<\/span><\/p>\n<p class=\"font_8\"><strong><span class=\"OYPEnA text-decoration-none text-strikethrough-none\"><a href=\"https:\/\/docs.google.com\/document\/d\/e\/2PACX-1vQhbvXDa9BeWJgKcBtgXsdxZwnzutw-p8In3M1Ofta4ufHENeIbgvCmr1A2hWm4t-90DdRhy5W6WQub\/pub\"><b>PAUTES I CONSELLS PR\u00c0CTICS PER COMEN\u00c7AR AMB LA TEVA PARELLA LING\u00dc\u00cdSTICA<\/b><\/a><\/span><\/strong><\/p>\n","protected":false},"excerpt":{"rendered":"<p>QU\u00c8 \u00c9S UN T\u00c0NDEM LING\u00dc\u00cdSTIC? CATAL\u00c0 El t\u00e0ndem permet practicar i millorar els coneixements d&#8217;una llengua i entrar en contacte amb persones d&#8217;altres cultures. \u00c9s un complement ideal a l&#8217;aprenentatge formal i s&#8217;adapta a les necessitats i a la disponibilitat hor\u00e0ria de cada parella.\u00a0Busques una parella ling\u00fc\u00edstica? Emplena el formulari i penja\u2019l al plaf\u00f3 de [&hellip;]<\/p>\n","protected":false},"author":1,"featured_media":0,"parent":9837,"menu_order":6,"comment_status":"closed","ping_status":"closed","template":"","meta":{"_bbp_topic_count":0,"_bbp_reply_count":0,"_bbp_total_topic_count":0,"_bbp_total_reply_count":0,"_bbp_voice_count":0,"_bbp_anonymous_reply_count":0,"_bbp_topic_count_hidden":0,"_bbp_reply_count_hidden":0,"_bbp_forum_subforum_count":0,"site-sidebar-layout":"default","site-content-layout":"","ast-site-content-layout":"default","site-content-style":"default","site-sidebar-style":"default","ast-global-header-display":"","ast-banner-title-visibility":"","ast-main-header-display":"","ast-hfb-above-header-display":"","ast-hfb-below-header-display":"","ast-hfb-mobile-header-display":"","site-post-title":"","ast-breadcrumbs-content":"","ast-featured-img":"","footer-sml-layout":"","theme-transparent-header-meta":"","adv-header-id-meta":"","stick-header-meta":"","header-above-stick-meta":"","header-main-stick-meta":"","header-below-stick-meta":"","astra-migrate-meta-layouts":"set","ast-page-background-enabled":"default","ast-page-background-meta":{"desktop":{"background-color":"var(--ast-global-color-4)","background-image":"","background-repeat":"repeat","background-position":"center center","background-size":"auto","background-attachment":"scroll","background-type":"","background-media":"","overlay-type":"","overlay-color":"","overlay-opacity":"","overlay-gradient":""},"tablet":{"background-color":"","background-image":"","background-repeat":"repeat","background-position":"center center","background-size":"auto","background-attachment":"scroll","background-type":"","background-media":"","overlay-type":"","overlay-color":"","overlay-opacity":"","overlay-gradient":""},"mobile":{"background-color":"","background-image":"","background-repeat":"repeat","background-position":"center center","background-size":"auto","background-attachment":"scroll","background-type":"","background-media":"","overlay-type":"","overlay-color":"","overlay-opacity":"","overlay-gradient":""}},"ast-content-background-meta":{"desktop":{"background-color":"var(--ast-global-color-5)","background-image":"","background-repeat":"repeat","background-position":"center center","background-size":"auto","background-attachment":"scroll","background-type":"","background-media":"","overlay-type":"","overlay-color":"","overlay-opacity":"","overlay-gradient":""},"tablet":{"background-color":"var(--ast-global-color-5)","background-image":"","background-repeat":"repeat","background-position":"center center","background-size":"auto","background-attachment":"scroll","background-type":"","background-media":"","overlay-type":"","overlay-color":"","overlay-opacity":"","overlay-gradient":""},"mobile":{"background-color":"var(--ast-global-color-5)","background-image":"","background-repeat":"repeat","background-position":"center center","background-size":"auto","background-attachment":"scroll","background-type":"","background-media":"","overlay-type":"","overlay-color":"","overlay-opacity":"","overlay-gradient":""}},"footnotes":""},"class_list":["post-10078","page","type-page","status-publish","hentry"],"post_mailing_queue_ids":[],"_links":{"self":[{"href":"https:\/\/agora-eoi.xtec.cat\/eoigirona\/wp-json\/wp\/v2\/pages\/10078","targetHints":{"allow":["GET"]}}],"collection":[{"href":"https:\/\/agora-eoi.xtec.cat\/eoigirona\/wp-json\/wp\/v2\/pages"}],"about":[{"href":"https:\/\/agora-eoi.xtec.cat\/eoigirona\/wp-json\/wp\/v2\/types\/page"}],"author":[{"embeddable":true,"href":"https:\/\/agora-eoi.xtec.cat\/eoigirona\/wp-json\/wp\/v2\/users\/1"}],"replies":[{"embeddable":true,"href":"https:\/\/agora-eoi.xtec.cat\/eoigirona\/wp-json\/wp\/v2\/comments?post=10078"}],"version-history":[{"count":6,"href":"https:\/\/agora-eoi.xtec.cat\/eoigirona\/wp-json\/wp\/v2\/pages\/10078\/revisions"}],"predecessor-version":[{"id":18438,"href":"https:\/\/agora-eoi.xtec.cat\/eoigirona\/wp-json\/wp\/v2\/pages\/10078\/revisions\/18438"}],"up":[{"embeddable":true,"href":"https:\/\/agora-eoi.xtec.cat\/eoigirona\/wp-json\/wp\/v2\/pages\/9837"}],"wp:attachment":[{"href":"https:\/\/agora-eoi.xtec.cat\/eoigirona\/wp-json\/wp\/v2\/media?parent=10078"}],"curies":[{"name":"wp","href":"https:\/\/api.w.org\/{rel}","templated":true}]}}