{"id":9898,"date":"2021-06-08T16:03:11","date_gmt":"2021-06-08T14:03:11","guid":{"rendered":"https:\/\/agora-eoi.xtec.cat\/eoigarraf\/?page_id=9898"},"modified":"2025-07-15T11:06:27","modified_gmt":"2025-07-15T09:06:27","slug":"trasllats-dexpedient","status":"publish","type":"page","link":"https:\/\/agora-eoi.xtec.cat\/eoigarraf\/secretaria\/trasllats-dexpedient\/","title":{"rendered":"Trasllats d&#8217;expedient"},"content":{"rendered":"<h6><strong>Trasllat d&#8217;alumnat durant el curs acad\u00e8mic:<\/strong><\/h6>\n<p>Si despr\u00e9s de formalitzar la matr\u00edcula en un centre, un alumne demana poder continuar el curs en un altre centre, el trasllat s&#8217;anomena\u00a0<em>trasllat de matr\u00edcula viva<\/em>.<\/p>\n<p>Abans de formalitzar un\u00a0<strong>trasllat de matr\u00edcula viva<\/strong>, cal assegurar-se que a l&#8217;EOI de destinaci\u00f3 hi ha una pla\u00e7a vacant en l&#8217;idioma, curs i horari desitjats.<\/p>\n<p>La sol\u00b7licitud de\u00a0matr\u00edcula \u00a0es far\u00e0 al centre de destinaci\u00f3 mitjan\u00e7ant el model <a href=\"https:\/\/agora-eoi.xtec.cat\/eoigarraf\/wp-content\/uploads\/usu2250\/2022\/07\/sollicitud_de_trasllat_dexpedient.pdf\" target=\"_blank\" rel=\"noopener noreferrer\">&#8220;Sol\u00b7licitud de trasllat d&#8217;expedient&#8221;<\/a> i quedar\u00e0 condicionada a la disponibilitat de places en aquest centre. La documentaci\u00f3 que caldr\u00e0 aportar ser\u00e0 el full de pagament de la matr\u00edcula efectuada en el centre d&#8217;origen. En el moment de produir-se una vacant, l&#8217;EOI de destinaci\u00f3 ho comunicar\u00e0 al sol\u00b7licitant.<\/p>\n<p>L&#8217;EOI de destinaci\u00f3 tramitar\u00e0 d&#8217;ofici el trasllat d&#8217;expedient de l&#8217;alumne\/a. En cas de no haver-hi vacants en l&#8217;EOI de destinaci\u00f3, s&#8217;obrir\u00e0 una llista d&#8217;espera on els sol\u00b7licitants podran demanar els grups i horaris desitjats.<\/p>\n<p>Els trasllats de matr\u00edcula viva, entre EOIs de Catalunya, no tenen efectes econ\u00f2mics.<br \/>\nEls alumnes que arribin d&#8217;una EOI d&#8217;una altra comunitat aut\u00f2noma hauran de pagar la totalitat de la taxa per serveis acad\u00e8mics (Llei 20\/2001 de 28 de desembre de Taxes i Preus p\u00fablics de la Generalitat de Catalunya).<\/p>\n<p>En cas de trasllat a una altra comunitat aut\u00f2noma, l&#8217;alumne pot sol\u00b7licitar el retorn de taxes o preus p\u00fablics a la CCAA on s&#8217;ha fet el pagament, en els terminis que marca la normativa.<strong>\u00a0<\/strong><\/p>\n<h6><strong>Trasllat de l&#8217;alumnat en per\u00edode no lectiu:<\/strong><\/h6>\n<p>De manera extraordin\u00e0ria, dins el per\u00edode no lectiu, els alumnes <strong>oficials<\/strong>, un cop hagin formalitzat la matr\u00edcula al seu centre d\u2019origen, podran sol\u00b7licitar un trasllat de matr\u00edcula a una altra escola en dates marcades per la normativa durant el mes de juliol, en dates a determinar pel Departament d&#8217;Educaci\u00f3. La sol\u00b7licitud es far\u00e0 a l\u2019escola de destinaci\u00f3 i quedar\u00e0 condicionada a la disponibilitat de places. L\u2019escola de destinaci\u00f3 es posar\u00e0 en contacte amb els alumnes, a trav\u00e9s dels mitjans que estableixi, per notificar\u00a0 l\u2019acceptaci\u00f3 o la denegaci\u00f3 del trasllat. En cas d\u2019acceptaci\u00f3, caldr\u00e0 tramitar el trasllat d\u2019expedient a l\u2019EOI Garraf mitjan\u00e7ant el correu electr\u00f2nic (<a href=\"mailto:eoigarraf@xtec.cat\">eoigarraf@xtec.cat<\/a>). La documentaci\u00f3 que caldr\u00e0 aportar en el moment de sol\u00b7licitar el trasllat ser\u00e0 el full de pagament de la matr\u00edcula.<\/p>\n","protected":false},"excerpt":{"rendered":"<p>Trasllat d&#8217;alumnat durant el curs acad\u00e8mic:<br \/>\nSi despr\u00e9s de formalitzar la matr\u00edcula en un centre, un alumne demana poder continuar el curs en un altre centre, el trasllat s&#8217;anomena\u00a0trasllat de matr\u00edcula viva.<br \/>\nAbans de formalitzar un\u00a0trasllat de matr\u00edcula viva, cal assegurar-se que a l&#8217;EOI de destinaci\u00f3 hi&hellip;  <a href=\"https:\/\/agora-eoi.xtec.cat\/eoigarraf\/secretaria\/trasllats-dexpedient\/\" title=\"Read Trasllats d&#8217;expedient\">Llegeix m\u00e9s\u00bb<\/a><\/p>\n","protected":false},"author":1,"featured_media":0,"parent":8358,"menu_order":60,"comment_status":"closed","ping_status":"closed","template":"","meta":{"_bbp_topic_count":0,"_bbp_reply_count":0,"_bbp_total_topic_count":0,"_bbp_total_reply_count":0,"_bbp_voice_count":0,"_bbp_anonymous_reply_count":0,"_bbp_topic_count_hidden":0,"_bbp_reply_count_hidden":0,"_bbp_forum_subforum_count":0,"footnotes":""},"class_list":["post-9898","page","type-page","status-publish","hentry"],"post_mailing_queue_ids":[],"_links":{"self":[{"href":"https:\/\/agora-eoi.xtec.cat\/eoigarraf\/wp-json\/wp\/v2\/pages\/9898","targetHints":{"allow":["GET"]}}],"collection":[{"href":"https:\/\/agora-eoi.xtec.cat\/eoigarraf\/wp-json\/wp\/v2\/pages"}],"about":[{"href":"https:\/\/agora-eoi.xtec.cat\/eoigarraf\/wp-json\/wp\/v2\/types\/page"}],"author":[{"embeddable":true,"href":"https:\/\/agora-eoi.xtec.cat\/eoigarraf\/wp-json\/wp\/v2\/users\/1"}],"replies":[{"embeddable":true,"href":"https:\/\/agora-eoi.xtec.cat\/eoigarraf\/wp-json\/wp\/v2\/comments?post=9898"}],"version-history":[{"count":6,"href":"https:\/\/agora-eoi.xtec.cat\/eoigarraf\/wp-json\/wp\/v2\/pages\/9898\/revisions"}],"predecessor-version":[{"id":12078,"href":"https:\/\/agora-eoi.xtec.cat\/eoigarraf\/wp-json\/wp\/v2\/pages\/9898\/revisions\/12078"}],"up":[{"embeddable":true,"href":"https:\/\/agora-eoi.xtec.cat\/eoigarraf\/wp-json\/wp\/v2\/pages\/8358"}],"wp:attachment":[{"href":"https:\/\/agora-eoi.xtec.cat\/eoigarraf\/wp-json\/wp\/v2\/media?parent=9898"}],"curies":[{"name":"wp","href":"https:\/\/api.w.org\/{rel}","templated":true}]}}