{"id":9844,"date":"2021-05-28T09:29:58","date_gmt":"2021-05-28T07:29:58","guid":{"rendered":"https:\/\/agora-eoi.xtec.cat\/eoigarraf\/?page_id=9844"},"modified":"2025-07-15T10:38:05","modified_gmt":"2025-07-15T08:38:05","slug":"programa-pia","status":"publish","type":"page","link":"https:\/\/agora-eoi.xtec.cat\/eoigarraf\/cursos-horaris\/programa-pia\/","title":{"rendered":"Programa PIA+"},"content":{"rendered":"<p>El programa PIA+ \u00e9s una <strong>acci\u00f3 per a la millora de la compet\u00e8ncia comunicativa en llengua estrangera del professorat no universitari<\/strong> de centres educatius finan\u00e7ats amb fons p\u00fablics.<\/p>\n<p>L\u2019acci\u00f3 permet que el professorat matriculat en un curs de llengua d\u2019una Escola Oficial d\u2019Idiomes (EOI) o de l\u2019Institut Obert de Catalunya (IOC) pugui sol\u00b7licitar la devoluci\u00f3 de l\u2019ingr\u00e9s de l\u2019import base de la matr\u00edcula. La devoluci\u00f3 es fa efectiva pr\u00e8via obtenci\u00f3 de la qualificaci\u00f3 d\u2019aprovat (APTE) o de certificat d\u2019aprofitament (matr\u00edcula d\u2019actualitzaci\u00f3). La devoluci\u00f3 no inclou els costos de material, d\u2019acc\u00e9s a plataformes digitals, d\u2019expedici\u00f3 de t\u00edtols ni les penalitzacions per repetici\u00f3 de curs, si escau.<\/p>\n<p>El retorn de l\u2019import de matr\u00edcula nom\u00e9s es pot sol\u00b7licitar per un curs i per una llengua en concret.<br \/>\nEl curs ha de tenir car\u00e0cter extensiu en el cas de les EOI (no s\u2019hi inclouen, per tant, els cursos d\u2019estiu) o b\u00e9 de car\u00e0cter semestral en el cas de l\u2019IOC. L&#8217;alumnat lliure no pot acollir-se al programa PIA+.<\/p>\n<p><strong>Destinataris:\u00a0<\/strong>professorat en actiu a centres p\u00fablics, privats concertats i municipals; professorat en actiu als Serveis Territorials, al Consorci d\u2019Educaci\u00f3 de Barcelona i als Serveis Centrals del Departament d\u2019Educaci\u00f3 i inspectores i inspectors en actiu al cos de la Inspecci\u00f3 Educativa.<\/p>\n<p><strong>Requisits:<\/strong><\/p>\n<p>Ser docent i estar en actiu a un dels llocs seg\u00fcents:<\/p>\n<ul>\n<li>A un centre p\u00fablic, concertat o municipal<\/li>\n<li>Als Serveis Territorials, al Consorci d\u2019Educaci\u00f3 de Barcelona o als Serveis Centrals del Departament d\u2019Educaci\u00f3<\/li>\n<li>Al cos de la Inspecci\u00f3 Educativa<\/li>\n<li>Disposar de correu .xtec\u00a0actiu<\/li>\n<\/ul>\n<p>Podeu consultar tota la informaci\u00f3 sobre el programa PIA+ en aquest <strong><a href=\"https:\/\/xtec.gencat.cat\/ca\/formacio\/formaciogeneralprofessorat\/llengues\/programa-pia\/\" target=\"_blank\" rel=\"noopener noreferrer\">enlla\u00e7<\/a>.<\/strong><\/p>\n<hr \/>\n<p><strong>Sol\u00b7licitud de la devoluci\u00f3:<\/strong><\/p>\n<p>Podr\u00e0 sol\u00b7licitar la devoluci\u00f3 de l\u2019import base de la matr\u00edcula el\u00a0<strong>professorat que obtingui la qualificaci\u00f3 d\u2019APTE\/A o el certificat d\u2019aprofitament<\/strong> (alumnes d\u2019actualitzaci\u00f3 de matr\u00edcula) al final del curs.<\/p>\n<ul>\n<li>El termini de presentaci\u00f3 de sol\u00b7licituds per al curs 2024-2025\u00a0\u00e9s de l&#8217;<strong>1 al 14 de juliol de 2025.\u00a0<\/strong>Nom\u00e9s s&#8217;acceptaran sol\u00b7licituds dins aquest termini establert.<\/li>\n<li>Es far\u00e0 exclusivament per internet a trav\u00e9s de la p\u00e0gina web de\u00a0<strong><a href=\"https:\/\/educacio.gencat.cat\/ca\/tramits\/tramits-temes\/devolucio-matricula-pia\" target=\"_blank\" rel=\"noopener\">tr\u00e0mits<\/a><\/strong>.\u00a0Cal que llegiu atentament tots els apartats del tr\u00e0mit abans d\u2019emplenar i enviar la sol\u00b7licitud.<\/li>\n<li>Es podr\u00e0 consultar l\u2019estat de la tramitaci\u00f3 de la devoluci\u00f3 a l\u2019<strong><a href=\"https:\/\/web.gencat.cat\/ca\/tramits\/area-privada\/index.html\" target=\"_blank\" rel=\"noopener\">\u00c0rea privada<\/a><\/strong>\u00a0de l\u2019entorn gencat.cat.<\/li>\n<\/ul>\n<p>&nbsp;<\/p>\n","protected":false},"excerpt":{"rendered":"<p>El programa PIA+ \u00e9s una acci\u00f3 per a la millora de la compet\u00e8ncia comunicativa en llengua estrangera del professorat no universitari de centres educatius finan\u00e7ats amb fons p\u00fablics.<br \/>\nL\u2019acci\u00f3 permet que el professorat matriculat en un curs de llengua d\u2019una Escola Oficial d\u2019Idiomes (EOI) o de&hellip;  <a href=\"https:\/\/agora-eoi.xtec.cat\/eoigarraf\/cursos-horaris\/programa-pia\/\" title=\"Read Programa PIA+\">Llegeix m\u00e9s\u00bb<\/a><\/p>\n","protected":false},"author":1,"featured_media":0,"parent":8149,"menu_order":30,"comment_status":"closed","ping_status":"closed","template":"page-templates\/side-menu.php","meta":{"_bbp_topic_count":0,"_bbp_reply_count":0,"_bbp_total_topic_count":0,"_bbp_total_reply_count":0,"_bbp_voice_count":0,"_bbp_anonymous_reply_count":0,"_bbp_topic_count_hidden":0,"_bbp_reply_count_hidden":0,"_bbp_forum_subforum_count":0,"footnotes":""},"class_list":["post-9844","page","type-page","status-publish","hentry"],"post_mailing_queue_ids":[],"_links":{"self":[{"href":"https:\/\/agora-eoi.xtec.cat\/eoigarraf\/wp-json\/wp\/v2\/pages\/9844","targetHints":{"allow":["GET"]}}],"collection":[{"href":"https:\/\/agora-eoi.xtec.cat\/eoigarraf\/wp-json\/wp\/v2\/pages"}],"about":[{"href":"https:\/\/agora-eoi.xtec.cat\/eoigarraf\/wp-json\/wp\/v2\/types\/page"}],"author":[{"embeddable":true,"href":"https:\/\/agora-eoi.xtec.cat\/eoigarraf\/wp-json\/wp\/v2\/users\/1"}],"replies":[{"embeddable":true,"href":"https:\/\/agora-eoi.xtec.cat\/eoigarraf\/wp-json\/wp\/v2\/comments?post=9844"}],"version-history":[{"count":6,"href":"https:\/\/agora-eoi.xtec.cat\/eoigarraf\/wp-json\/wp\/v2\/pages\/9844\/revisions"}],"predecessor-version":[{"id":12074,"href":"https:\/\/agora-eoi.xtec.cat\/eoigarraf\/wp-json\/wp\/v2\/pages\/9844\/revisions\/12074"}],"up":[{"embeddable":true,"href":"https:\/\/agora-eoi.xtec.cat\/eoigarraf\/wp-json\/wp\/v2\/pages\/8149"}],"wp:attachment":[{"href":"https:\/\/agora-eoi.xtec.cat\/eoigarraf\/wp-json\/wp\/v2\/media?parent=9844"}],"curies":[{"name":"wp","href":"https:\/\/api.w.org\/{rel}","templated":true}]}}