{"id":9839,"date":"2021-05-26T19:31:38","date_gmt":"2021-05-26T17:31:38","guid":{"rendered":"https:\/\/agora-eoi.xtec.cat\/eoigarraf\/?page_id=9839"},"modified":"2025-07-15T10:34:45","modified_gmt":"2025-07-15T08:34:45","slug":"matricula-dactualitzacio","status":"publish","type":"page","link":"https:\/\/agora-eoi.xtec.cat\/eoigarraf\/secretaria\/matricula\/matricula-dactualitzacio\/","title":{"rendered":"Matr\u00edcula d&#8217;actualitzaci\u00f3"},"content":{"rendered":"<h6><b>Flexibilitzaci\u00f3 de l&#8217;itinerari educatiu: matricula d&#8217;actualitzaci\u00f3<\/b><\/h6>\n<p>Les persones que ja hagin cursat i superat amb anterioritat cursos de les Escoles Oficials d\u2019Idiomes, i que vulguin actualitzar-ne els coneixements, poden sol\u00b7licitar matricular-se en l\u2019\u00faltim curs realitzat o en qualsevol dels cursos inferiors.<\/p>\n<p>Tamb\u00e9 poden inscriure&#8217;s en un curs d&#8217;actualitzaci\u00f3 de coneixements els i les alumnes que hagin cursat i superat amb anterioritat cursos de nivell A1 i A2 als centres de formaci\u00f3 d&#8217;adults. Igualment, poden inscriure&#8217;s en cursos d&#8217;actualitzaci\u00f3 les persones que s&#8217;hagin presentat a les proves lliures i hagin obtingut el certificat corresponent en els mateixos termes.<\/p>\n<p>La sol\u00b7licitud per a aquest tipus de matr\u00edcula s&#8217;ha de presentar al centre un cop finalitzat el per\u00edode d&#8217;admissi\u00f3 (a partir del <strong>23 de setembre de 2025<\/strong>), i nom\u00e9s s&#8217;admet si existeixen vacants en el curs i idioma sol\u00b7licitat. La sol\u00b7licitud \u00e9s v\u00e0lida nom\u00e9s per al curs acad\u00e8mic en qu\u00e8 se sol\u00b7licita i s&#8217;ha de tornar a presentar per a cursos acad\u00e8mics posteriors, si l&#8217;alumne\/a aix\u00ed ho vol.<\/p>\n<p>Podeu descarregar-vos la sol\u00b7licitud des d&#8217;aquest <strong><a href=\"https:\/\/agora-eoi.xtec.cat\/eoigarraf\/wp-content\/uploads\/usu2250\/2021\/05\/Matr\u00edcula_Actualitzaci\u00f3.pdf\" target=\"_blank\" rel=\"noopener noreferrer\">enlla\u00e7<\/a><\/strong>.<\/p>\n<p>Aquest tipus de matr\u00edcula\u00a0<strong>no t\u00e9 efectes acad\u00e8mics ni dona lloc a cap certificat oficial<\/strong>. La qualificaci\u00f3 que es fa constar a l&#8217;expedient acad\u00e8mic de l&#8217;alumne \u00e9s de &#8220;no qualificat\/ada&#8221;. En el cas dels cursos que condueixen a l&#8217;obtenci\u00f3 d&#8217;un certificat, els alumnes en aquesta situaci\u00f3 no tenen dret a sol\u00b7licitar una nova expedici\u00f3 del certificat obtingut anteriorment, per\u00f2 poden sol\u00b7licitar un certificat d&#8217;actualitzaci\u00f3 al centre on estiguin matriculats.<\/p>\n<p>Pel que fa al preu del servei, aquests alumnes han de pagar la taxa o el preu p\u00fablic corresponent, sense penalitzaci\u00f3 per repetici\u00f3. Durant un mateix curs acad\u00e8mic no es pot simultanejar una matr\u00edcula ordin\u00e0ria als ensenyaments presencials amb una matr\u00edcula d&#8217;actualitzaci\u00f3 del mateix idioma. El personal docent en actiu del departament d&#8217;Educaci\u00f3 pot acollir-se al <strong><a href=\"https:\/\/agora-eoi.xtec.cat\/eoigarraf\/cursos-horaris\/programa-pia\/\" target=\"_blank\" rel=\"noopener\">Programa PIA+<\/a><\/strong> cursant aquesta modalitat.<\/p>\n<p>Els alumnes de matr\u00edcula d&#8217;actualitzaci\u00f3 <strong>no passen al seg\u00fcent curs per defecte<\/strong>. Si volen accedir a un curs superior, han de fer preinscripci\u00f3 i matr\u00edcula com alumne nou al setembre.<\/p>\n","protected":false},"excerpt":{"rendered":"<p>Flexibilitzaci\u00f3 de l&#8217;itinerari educatiu: matricula d&#8217;actualitzaci\u00f3<br \/>\nLes persones que ja hagin cursat i superat amb anterioritat cursos de les Escoles Oficials d\u2019Idiomes, i que vulguin actualitzar-ne els coneixements, poden sol\u00b7licitar matricular-se en l\u2019\u00faltim curs realitzat o en qualsevol dels cursos inferiors.<br \/>\nTamb\u00e9 poden inscriure&#8217;s en un curs&hellip;  <a href=\"https:\/\/agora-eoi.xtec.cat\/eoigarraf\/secretaria\/matricula\/matricula-dactualitzacio\/\" title=\"Read Matr\u00edcula d&#8217;actualitzaci\u00f3\">Llegeix m\u00e9s\u00bb<\/a><\/p>\n","protected":false},"author":1,"featured_media":0,"parent":8161,"menu_order":50,"comment_status":"closed","ping_status":"closed","template":"page-templates\/side-menu.php","meta":{"_bbp_topic_count":0,"_bbp_reply_count":0,"_bbp_total_topic_count":0,"_bbp_total_reply_count":0,"_bbp_voice_count":0,"_bbp_anonymous_reply_count":0,"_bbp_topic_count_hidden":0,"_bbp_reply_count_hidden":0,"_bbp_forum_subforum_count":0,"footnotes":""},"class_list":["post-9839","page","type-page","status-publish","hentry"],"post_mailing_queue_ids":[],"_links":{"self":[{"href":"https:\/\/agora-eoi.xtec.cat\/eoigarraf\/wp-json\/wp\/v2\/pages\/9839","targetHints":{"allow":["GET"]}}],"collection":[{"href":"https:\/\/agora-eoi.xtec.cat\/eoigarraf\/wp-json\/wp\/v2\/pages"}],"about":[{"href":"https:\/\/agora-eoi.xtec.cat\/eoigarraf\/wp-json\/wp\/v2\/types\/page"}],"author":[{"embeddable":true,"href":"https:\/\/agora-eoi.xtec.cat\/eoigarraf\/wp-json\/wp\/v2\/users\/1"}],"replies":[{"embeddable":true,"href":"https:\/\/agora-eoi.xtec.cat\/eoigarraf\/wp-json\/wp\/v2\/comments?post=9839"}],"version-history":[{"count":6,"href":"https:\/\/agora-eoi.xtec.cat\/eoigarraf\/wp-json\/wp\/v2\/pages\/9839\/revisions"}],"predecessor-version":[{"id":12073,"href":"https:\/\/agora-eoi.xtec.cat\/eoigarraf\/wp-json\/wp\/v2\/pages\/9839\/revisions\/12073"}],"up":[{"embeddable":true,"href":"https:\/\/agora-eoi.xtec.cat\/eoigarraf\/wp-json\/wp\/v2\/pages\/8161"}],"wp:attachment":[{"href":"https:\/\/agora-eoi.xtec.cat\/eoigarraf\/wp-json\/wp\/v2\/media?parent=9839"}],"curies":[{"name":"wp","href":"https:\/\/api.w.org\/{rel}","templated":true}]}}