{"id":9218,"date":"2020-06-11T19:37:38","date_gmt":"2020-06-11T17:37:38","guid":{"rendered":"https:\/\/agora-eoi.xtec.cat\/eoigarraf\/?page_id=9218"},"modified":"2023-12-05T16:18:10","modified_gmt":"2023-12-05T15:18:10","slug":"normativa","status":"publish","type":"page","link":"https:\/\/agora-eoi.xtec.cat\/eoigarraf\/cursos-horaris\/normativa\/","title":{"rendered":"Normativa"},"content":{"rendered":"<p>Es consideren cursos monogr\u00e0fics els cursos de llengua d\u2019especialitat (negocis, llenguatge jur\u00eddic, m\u00e8dic, etc.), d\u2019aprofundiment en el coneixement de la realitat sociocultural dels pa\u00efsos on es parla la llengua que \u00e9s objecte d\u2019estudi (literatura, hist\u00f2ria, civilitzaci\u00f3, costums, institucions, etc.), o b\u00e9 de treball d\u2019actualitzaci\u00f3 ling\u00fc\u00edstica o de treball espec\u00edfic per destreses.<\/p>\n<p>L\u2019EOI Garraf tamb\u00e9 pot organitzar cursos d\u2019actualitzaci\u00f3 i especialitzaci\u00f3 de les lleng\u00fces ofertades al centre de manera reglada,\u00a0 aix\u00ed com cursos de llengua instrumental d\u2019idiomes que no formen part d\u2019aquesta oferta reglada.<\/p>\n<p>Els cursos de llengua\u00a0 instrumentals i monogr\u00e0fics s\u00f3n cursos de diferent durada, extensi\u00f3 i preu als que tenen lloc al llarg d\u2019un any acad\u00e8mic. El certificat que s\u2019hi obt\u00e9 no \u00e9s equivalent al dels estudis oficials al centre, per tant no permet una convalidaci\u00f3 directa, ni garanteix el pas autom\u00e0tic al nivell seg\u00fcent d\u2019un curs regular. Tampoc no garanteix que es pugui obtenir una pla\u00e7a en els cursos oficials.<\/p>\n<p>L\u2019edat m\u00ednima per matricular-s\u2019hi \u00e9s de 16 anys.<\/p>\n<p>El nombre m\u00ednim d\u2019alumnat per formar un grup \u00e9s de 9. Cas que el grup no es pugui formar, es retornaran els diners de la matr\u00edcula als interessats.<\/p>\n<p>Un cop finalitzat el curs, l&#8217;alumnat rebr\u00e0 un certificat d&#8217;aprofitament del mateix, sempre que es tingui un m\u00ednim d&#8217;assist\u00e8ncia del 80%.<\/p>\n","protected":false},"excerpt":{"rendered":"<p>Es consideren cursos monogr\u00e0fics els cursos de llengua d\u2019especialitat (negocis, llenguatge jur\u00eddic, m\u00e8dic, etc.), d\u2019aprofundiment en el coneixement de la realitat sociocultural dels pa\u00efsos on es parla la llengua que \u00e9s objecte d\u2019estudi (literatura, hist\u00f2ria, civilitzaci\u00f3, costums, institucions, etc.), o b\u00e9 de treball d\u2019actualitzaci\u00f3 ling\u00fc\u00edstica&hellip;  <a href=\"https:\/\/agora-eoi.xtec.cat\/eoigarraf\/cursos-horaris\/normativa\/\" title=\"Read Normativa\">Llegeix m\u00e9s\u00bb<\/a><\/p>\n","protected":false},"author":1,"featured_media":0,"parent":8149,"menu_order":40,"comment_status":"closed","ping_status":"closed","template":"page-templates\/side-menu.php","meta":{"_bbp_topic_count":0,"_bbp_reply_count":0,"_bbp_total_topic_count":0,"_bbp_total_reply_count":0,"_bbp_voice_count":0,"_bbp_anonymous_reply_count":0,"_bbp_topic_count_hidden":0,"_bbp_reply_count_hidden":0,"_bbp_forum_subforum_count":0,"footnotes":""},"class_list":["post-9218","page","type-page","status-publish","hentry"],"post_mailing_queue_ids":[],"_links":{"self":[{"href":"https:\/\/agora-eoi.xtec.cat\/eoigarraf\/wp-json\/wp\/v2\/pages\/9218","targetHints":{"allow":["GET"]}}],"collection":[{"href":"https:\/\/agora-eoi.xtec.cat\/eoigarraf\/wp-json\/wp\/v2\/pages"}],"about":[{"href":"https:\/\/agora-eoi.xtec.cat\/eoigarraf\/wp-json\/wp\/v2\/types\/page"}],"author":[{"embeddable":true,"href":"https:\/\/agora-eoi.xtec.cat\/eoigarraf\/wp-json\/wp\/v2\/users\/1"}],"replies":[{"embeddable":true,"href":"https:\/\/agora-eoi.xtec.cat\/eoigarraf\/wp-json\/wp\/v2\/comments?post=9218"}],"version-history":[{"count":2,"href":"https:\/\/agora-eoi.xtec.cat\/eoigarraf\/wp-json\/wp\/v2\/pages\/9218\/revisions"}],"predecessor-version":[{"id":11606,"href":"https:\/\/agora-eoi.xtec.cat\/eoigarraf\/wp-json\/wp\/v2\/pages\/9218\/revisions\/11606"}],"up":[{"embeddable":true,"href":"https:\/\/agora-eoi.xtec.cat\/eoigarraf\/wp-json\/wp\/v2\/pages\/8149"}],"wp:attachment":[{"href":"https:\/\/agora-eoi.xtec.cat\/eoigarraf\/wp-json\/wp\/v2\/media?parent=9218"}],"curies":[{"name":"wp","href":"https:\/\/api.w.org\/{rel}","templated":true}]}}