{"id":9179,"date":"2020-06-01T19:30:21","date_gmt":"2020-06-01T17:30:21","guid":{"rendered":"https:\/\/agora-eoi.xtec.cat\/eoigarraf\/?page_id=9179"},"modified":"2025-12-10T11:08:09","modified_gmt":"2025-12-10T10:08:09","slug":"preguntes-mes-frequents","status":"publish","type":"page","link":"https:\/\/agora-eoi.xtec.cat\/eoigarraf\/serveis\/preguntes-mes-frequents\/","title":{"rendered":"Preguntes m\u00e9s freq\u00fcents"},"content":{"rendered":"<h3><strong>A quina edat puc comen\u00e7ar a estudiar a l\u2019EOI?<\/strong><\/h3>\n<p>L\u2019edat m\u00ednima per estudiar cursos oficials reglats a les Escoles Oficials d&#8217;Idiomes \u00e9s la seg\u00fcent:<\/p>\n<ul>\n<li>Per a qualsevol llengua,\u00a0haver complert els 16 anys (o fer-los l\u2019any natural en qu\u00e8 s\u2019efectua la matr\u00edcula)<\/li>\n<li>Per a una llengua diferent de la cursada com a primera llengua estrangera en l\u2019ESO,\u00a0haver complert els 14 anys (o fer-los l\u2019any en qu\u00e8 s\u2019efectua la matr\u00edcula)<\/li>\n<li>Per estudiar qualsevol altre tipus de curs NO OFICIAL l\u2019edat m\u00ednima s\u00f3n 14 anys.<\/li>\n<\/ul>\n<h3><strong>Si un any no em matriculo, perdo la prioritat de matr\u00edcula i la garantia de pla\u00e7a com a antic alumne?<\/strong><\/h3>\n<p>Nom\u00e9s l\u2019alumnat de l\u2019any acad\u00e8mic immediatament anterior t\u00e9 prioritat de matr\u00edcula i pla\u00e7a garantida en el mateix idioma. La persona que est\u00e0 un any acad\u00e8mic, o m\u00e9s, sense matricular-se haur\u00e0 de seguir el sistema d\u2019acc\u00e9s dels candidats nous.<\/p>\n<h3><strong>Si un cop comen\u00e7at el curs, em sorgeix algun impediment que em priva de continuar assistint a classe, qu\u00e8 he de fer?<\/strong><\/h3>\n<p>\u00c9s convenient fer una <a href=\"https:\/\/agora-eoi.xtec.cat\/eoigarraf\/wp-content\/uploads\/usu2250\/2022\/06\/Sollicitud_de_renuncia_matricula.pdf\">renuncia<\/a> a la matr\u00edcula, ja que aix\u00ed la convocat\u00f2ria no comptar\u00e0 a efectes de repetici\u00f3. Nom\u00e9s es pot demanar una ren\u00fancia per curs. La ren\u00fancia amb dret a devoluci\u00f3 de taxes t\u00e9 com a data l\u00edmit el 10 d&#8217;octubre de 2025. La ren\u00fancia sense devoluci\u00f3 de taxes per\u00f2 amb reserva de places t\u00e9 com a data l\u00edmit el 28 de novembre de 2025.<\/p>\n<p>Es pot sol\u00b7licitar un <a href=\"https:\/\/agora-eoi.xtec.cat\/eoigarraf\/wp-content\/uploads\/usu2250\/2022\/06\/Sollicitud-de-canvi-horari-new.doc\">canvi d\u2019horari<\/a> si, per causes de for\u00e7a major (estudis, feina o salut), no podem continuar assistint a l\u2019horari en qu\u00e8 estem matriculats. El canvi est\u00e0, per\u00f2, subjecte a la disponibilitat de places, i, per tant, l\u2019escola no el pot garantir.<\/p>\n<h3><strong>Puc assistir a classe com a oient, sense haver-me matriculat?<\/strong><\/h3>\n<p>No existeix aquesta possibilitat.<\/p>\n<h3><strong>Qu\u00e8 he de fer si no puc venir algun dia a un examen?<\/strong><\/h3>\n<p>Si es tracta d\u2019un examen al llarg del curs, cal posar-se en contacte amb el professorat qui determinar\u00e0, si ho creu convenient, la manera de recuperar-lo. No \u00e9s un dret de l\u2019alumnat poder fer l\u2019examen un altre dia.<\/p>\n<p>Si es tracta d\u2019una prova final, cal presentar una sol\u00b7licitud adre\u00e7ada al cap d\u2019estudis i justificar documentalment que es tracta d\u2019una incid\u00e8ncia per q\u00fcestions laborals ineludibles, q\u00fcestions de salut, ex\u00e0mens oficials la data dels qual no es pot canviar, o altres deures inexcusables. Un cop presentada, cap d&#8217;estudis donar\u00e0 resposta al sol\u00b7licitant i, si \u00e9s favorable, es podr\u00e0 fer la prova en una data especial per a incid\u00e8ncies, de la qual s\u2019informar\u00e0 puntualment.<\/p>\n<h3><strong>Puc demanar revisi\u00f3 d\u2019examen?<\/strong><\/h3>\n<p>El professorat rep l\u2019alumnat a la seva aula habitual durant la tarda de la publicaci\u00f3 de les qualificacions, per ajudar a valorar el resultat de la prova. L\u2019alumnat t\u00e9 dret per\u00f2, a demanar una <a href=\"https:\/\/agora-eoi.xtec.cat\/eoigarraf\/wp-content\/uploads\/usu2250\/2021\/06\/Sol%C2%B7licitud_revisi%C3%B3_examen.pdf\" target=\"_blank\" rel=\"noopener\">revisi\u00f3<\/a> oficial d\u2019examen.<\/p>\n<h3><strong>Puc obtenir copia de l\u2019examen?<\/strong><\/h3>\n<p>No. Seguint instruccions normatives, la documentaci\u00f3 oficial queda custodiada pel propi centre.<\/p>\n<h3><strong>Fins quan puc accedir a les aules virtuals a Moodle?<\/strong><\/h3>\n<p>Les aules Moodle s\u00f3n accessibles fins finals d&#8217;agost. Despr\u00e9s es tanca l\u2019acc\u00e9s a l\u2019alumnat per tal de configurar el seg\u00fcent curs.<\/p>\n<h3><strong>M&#8217;he d&#8217;inscriure a Moodle cada curs?.<\/strong><\/h3>\n<p>Si ja s&#8217;ha estat inscrit al Moodle de l&#8217;EOI Garraf el curs anterior, al seg\u00fcent curs no caldr\u00e0 donar-se d&#8217;alta al sistema un altre cop. Si que caldr\u00e0, per\u00f2, inscriure\u2019s al grup assignat per al nou curs que realitzar\u00e0s. A l\u2019inici del per\u00edode lectiu el professorat us facilitar\u00e0 tota la informaci\u00f3 i el codi d&#8217;acc\u00e8s a la vostra aula.<\/p>\n<h3><strong>Com aconseguir el carnet d&#8217;estudiant i per a qu\u00e8 serveix?<\/strong><\/h3>\n<p>Un cop feta la matr\u00edcula, l&#8217;alumnat que aix\u00ed ho desitgi pot descarregar-se el carnet d&#8217;aquest <strong><a href=\"https:\/\/agora-eoi.xtec.cat\/eoigarraf\/serveis\/carnet-destudiant\/\" target=\"_blank\" rel=\"noopener\">enlla\u00e7<\/a>,<\/strong> emplenar-lo i imprimir-lo. Caldr\u00e0 llavors adre\u00e7ar-se a la consergeria del centre perqu\u00e8 us posin el segell i us facin el carnet. El carnet serveix per fer \u00fas del pr\u00e9stec de biblioteca i accedir a les activitats organitzades pels departaments d&#8217;idiomes. Tamb\u00e9 es poden aconseguir descomptes en algunes institucions.<\/p>\n<h3><strong>Qu\u00e8 necessito per presentar-me a com a candidat lliure a les proves de certificaci\u00f3?<\/strong><\/h3>\n<ul>\n<li>Tenir com a m\u00ednim quinze anys o complir-los durant l\u2019any de la inscripci\u00f3 a la prova.<\/li>\n<li>No ser alumne\/a oficial del mateix idioma. Si es detecta una matr\u00edcula lliure d\u2019un alumne\/a oficial, es produeix la baixa d\u2019ofici en el r\u00e8gim oficial d\u2019aquell idioma.<\/li>\n<li>Cal formalitzar-ne la matr\u00edcula dins el per\u00edode establert i efectuar el pagament de la taxa corresponent.<\/li>\n<\/ul>\n<h3><strong>Els cursos de l\u2019EOI Garraf donen cr\u00e8dits de lliure elecci\u00f3 reconeguts per les universitats?<\/strong><\/h3>\n<p>Les universitats catalanes poden assignar cr\u00e8dits d\u2019idiomes de lliure elecci\u00f3 als cursos oficials reglats (130 hores), i de formaci\u00f3 interna (durada variable) de l\u2019EOI Garraf. \u00a0Cal consultar el procediment a seguir i el nombre de cr\u00e8dits concedits a la secretaria de cada facultat.<\/p>\n<h3><strong>Si he fet una prova de nivell al setembre, puc demanar un certificat d&#8217;acreditaci\u00f3 del nivell per a una altra instituci\u00f3?<\/strong><\/h3>\n<p>No, les proves d&#8217;anivellament nom\u00e9s serveixen per accedir al centre en la finestra de matr\u00edcula durant la qual s&#8217;efectuen. No s\u00f3n certificacions de nivell.<\/p>\n<h3><strong>Qu\u00e8 he de fer si tinc una discapacitat o trastorn pel qual necessito una adaptaci\u00f3 de les classes o dels ex\u00e0mens?<\/strong><\/h3>\n<p>Les EOI no disposen de personal especialitzat, per\u00f2 el professorat s\u2019adapta a les necessitats espec\u00edfiques de l\u2019alumnat amb l\u2019ajuda i assessorament, si escau, del Departament d&#8217;Educaci\u00f3 i d\u2019organitzacions dedicades a aquest prop\u00f2sit, com ara l\u2019ONCE. Si la persona necessita una adaptaci\u00f3 curricular durant el curs \u00e9s convenient posar-se en contacte de seguida amb la secretaria del centre, un cop feta la matr\u00edcula, per tal que el professorat n\u2019estigui informat i pugui realitzar les adaptacions necess\u00e0ries.<\/p>\n<p>Si es tracta d\u2019una adaptaci\u00f3 de la prova final cal presentar amb temps suficient, una <a href=\"https:\/\/agora-eoi.xtec.cat\/eoigarraf\/wp-content\/uploads\/usu2250\/2025\/07\/sollicitud-prova-adaptada-editable.pdf\" target=\"_blank\" rel=\"noopener\">inst\u00e0ncia<\/a> adre\u00e7ada al cap d\u2019estudis, justificar documentalment el tipus de trastorn o discapacitat de qu\u00e8 es tracta i especificar els recursos addicionals o les adaptacions que es necessiten. Un cop presentada la inst\u00e0ncia, es donar\u00e0 resposta especificant quin tipus d\u2019adaptaci\u00f3 s\u2019ha resolt aplicar.<\/p>\n<h3><strong>Quines equival\u00e8ncies tenen els cursos de l\u2019EOI Garraf amb els d\u2019altres institucions com ara l\u2019Institut Franc\u00e8s, l\u2019Alian\u00e7a Francesa, l\u2019Institut Itali\u00e0 de Cultura, el Goethe Institut, l\u2019Institut Brit\u00e0nic, etc.?<\/strong><\/h3>\n<p>No hi ha equival\u00e8ncies oficials dels nivells de les EOI amb els d\u2019altres institucions, excepte per al Certificat de nivell intermedi B1 i el Certificat de nivell intermedi B2 d\u2019espanyol i tots els nivells de catal\u00e0, per\u00f2 s\u00ed que hi ha correspond\u00e8ncia de nivells amb els nivells del Marc Europeu Com\u00fa de Refer\u00e8ncia.<\/p>\n<p>Els posse\u00efdors d\u2019alguns certificats d\u2019idiomes de certes institucions poden accedir directament a determinats cursos sense fer la prova d&#8217;anivellament.<\/p>\n<h3><strong>Quantes vegades puc repetir un curs?<\/strong><\/h3>\n<p>Dins de cada nivell \u2013 b\u00e0sic, intermedi B1, intermedi B2 i i C1 \u2013, us podeu matricular com a alumne\/a oficial presencial un m\u00e0xim de vegades equivalents al doble dels cursos regulats per al corresponent nivell de l\u2019idioma. Si heu accedit directament a A2, B1 o B2.2, nom\u00e9s podreu fer aquest curs dues vegades.<\/p>\n<p>Podeu sol\u00b7licitar una convocat\u00f2ria addicional. Nom\u00e9s es concedir\u00e0 aquest perm\u00eds en casos justificats. En cap cas no s\u2019acceptar\u00e0 una 4a matr\u00edcula d\u2019un mateix curs.<\/p>\n<p>Tamb\u00e9 podeu fer una 3a matr\u00edcula si heu renunciat a un dels dos cursos anteriors. Nom\u00e9s podreu sol\u00b7licitar la ren\u00fancia una vegada per curs.<\/p>\n<h3><strong>Puc repetir un curs aprovat si el meu nivell ha baixat?<\/strong><\/h3>\n<p>Les persones que ja hagin cursat i superat amb anterioritat cursos de les Escoles Oficials d\u2019Idiomes, i que vulguin actualitzar-ne els coneixements, poden sol\u00b7licitar matricular-se en l\u2019\u00faltim curs realitzat o en qualsevol dels cursos inferiors. Teniu tota la informaci\u00f3 en aquest <strong><a href=\"https:\/\/agora-eoi.xtec.cat\/eoigarraf\/secretaria\/matricula\/matricula-dactualitzacio\/\" target=\"_blank\" rel=\"noopener\">enlla\u00e7<\/a><\/strong>.<\/p>\n","protected":false},"excerpt":{"rendered":"<p>A quina edat puc comen\u00e7ar a estudiar a l\u2019EOI?<br \/>\nL\u2019edat m\u00ednima per estudiar cursos oficials reglats a les Escoles Oficials d&#8217;Idiomes \u00e9s la seg\u00fcent:<\/p>\n<ul>\n<li>Per a qualsevol llengua,\u00a0haver complert els 16 anys (o fer-los l\u2019any natural en qu\u00e8 s\u2019efectua la matr\u00edcula)<\/li>\n<li>Per a una llengua diferent de la&hellip;  <a href=\"https:\/\/agora-eoi.xtec.cat\/eoigarraf\/serveis\/preguntes-mes-frequents\/\" title=\"Read Preguntes m\u00e9s freq\u00fcents\">Llegeix m\u00e9s\u00bb<\/a><br \/>\n","protected":false},"author":1,"featured_media":0,"parent":8411,"menu_order":60,"comment_status":"closed","ping_status":"closed","template":"page-templates\/side-menu.php","meta":{"_bbp_topic_count":0,"_bbp_reply_count":0,"_bbp_total_topic_count":0,"_bbp_total_reply_count":0,"_bbp_voice_count":0,"_bbp_anonymous_reply_count":0,"_bbp_topic_count_hidden":0,"_bbp_reply_count_hidden":0,"_bbp_forum_subforum_count":0,"footnotes":""},"class_list":["post-9179","page","type-page","status-publish","hentry"],"post_mailing_queue_ids":[],"_links":{"self":[{"href":"https:\/\/agora-eoi.xtec.cat\/eoigarraf\/wp-json\/wp\/v2\/pages\/9179","targetHints":{"allow":["GET"]}}],"collection":[{"href":"https:\/\/agora-eoi.xtec.cat\/eoigarraf\/wp-json\/wp\/v2\/pages"}],"about":[{"href":"https:\/\/agora-eoi.xtec.cat\/eoigarraf\/wp-json\/wp\/v2\/types\/page"}],"author":[{"embeddable":true,"href":"https:\/\/agora-eoi.xtec.cat\/eoigarraf\/wp-json\/wp\/v2\/users\/1"}],"replies":[{"embeddable":true,"href":"https:\/\/agora-eoi.xtec.cat\/eoigarraf\/wp-json\/wp\/v2\/comments?post=9179"}],"version-history":[{"count":7,"href":"https:\/\/agora-eoi.xtec.cat\/eoigarraf\/wp-json\/wp\/v2\/pages\/9179\/revisions"}],"predecessor-version":[{"id":12197,"href":"https:\/\/agora-eoi.xtec.cat\/eoigarraf\/wp-json\/wp\/v2\/pages\/9179\/revisions\/12197"}],"up":[{"embeddable":true,"href":"https:\/\/agora-eoi.xtec.cat\/eoigarraf\/wp-json\/wp\/v2\/pages\/8411"}],"wp:attachment":[{"href":"https:\/\/agora-eoi.xtec.cat\/eoigarraf\/wp-json\/wp\/v2\/media?parent=9179"}],"curies":[{"name":"wp","href":"https:\/\/api.w.org\/{rel}","templated":true}]}}