{"id":8377,"date":"2016-06-13T13:50:10","date_gmt":"2016-06-13T12:50:10","guid":{"rendered":"http:\/\/agora-eoi.xtec.cat\/eoigarraf\/?page_id=8377"},"modified":"2025-07-15T10:57:19","modified_gmt":"2025-07-15T08:57:19","slug":"expedicio-de-titols","status":"publish","type":"page","link":"https:\/\/agora-eoi.xtec.cat\/eoigarraf\/secretaria\/expedicio-de-titols\/","title":{"rendered":"Expedici\u00f3 de t\u00edtols"},"content":{"rendered":"<h3>Nivell B\u00e0sic i Nivell B1<\/h3>\n<ul>\n<li>L\u2019alumnat oficial que hagi superat el nivell A2 obtindr\u00e0 el <em>Certificat de Nivell B\u00e0sic<\/em>.<\/li>\n<li>L\u2019alumnat oficial de nivell B1 o els candidats o candidates lliures que hagin superat les proves corresponents obtindran el <em>Certificat de Nivell Intermedi B1.<\/em><\/li>\n<\/ul>\n<p><strong>Procediment<\/strong><\/p>\n<ul style=\"list-style-type: disc;\">\n<li>L\u2019escola expedeix ambd\u00f3s certificats de manera autom\u00e0tica, sense que calgui sol\u00b7licitud pr\u00e8via ni pagament de taxes.<\/li>\n<li>Es pot recollir personalment a la secretaria del centre presentant un document acreditatiu d&#8217;identitat (DNI \/ NIE \/ passaport) de la persona interessada. Calendari de recollida:<\/li>\n<\/ul>\n<ul>\n<li style=\"list-style-type: none;\">\n<ul style=\"list-style-type: circle;\">\n<li>Alumnat aprovat al mes de juny &#8211; a partir del mes d\u2019octubre.<\/li>\n<li>Alumnat aprovat al mes de febrer\u00a0 &#8211; a partir del mes d\u2019abril.<\/li>\n<\/ul>\n<\/li>\n<\/ul>\n<h3>Nivell B2 i Nivell C1<\/h3>\n<ul>\n<li>L\u2019alumnat oficial de nivell B2.2 i nivell C1 o el candidats lliures d&#8217;ambd\u00f3s nivells que hagin superat les proves corresponents obtindran el <em>Certificat de Nivell Intermedi B2 <\/em>o el <em>Certificat de Nivell Avan\u00e7at C1<\/em> respectivament.<\/li>\n<\/ul>\n<p><strong>Procediment<\/strong><\/p>\n<p>El <em>Certificat del Nivell Intermedi B2<\/em> i el <em>Certificat de Nivell Avan\u00e7at C1<\/em> els expedeix el Departament d\u2019Educaci\u00f3 pr\u00e8via sol\u00b7licitud i abonament de les taxes corresponents.<\/p>\n<p>Cal emplenar la <strong><a href=\"https:\/\/agora-eoi.xtec.cat\/eoigarraf\/wp-content\/uploads\/usu2250\/2021\/06\/sol%C2%B7licitud-de-t%C3%ADtol-acad%C3%A8mic.pdf\" target=\"_blank\" rel=\"noopener\">sol\u00b7licitud del t\u00edtol<\/a> <\/strong>corresponent i lliurar-la <strong>presencialment<\/strong> al centre, adjuntant document acreditatiu d&#8217;identitat (DNI \/ NIE \/ Passaport) i, si s&#8217;ha al\u00b7legat algun motiu de bonificaci\u00f3 o exempci\u00f3 de taxes, la documentaci\u00f3 corresponent. L&#8217;escola emetr\u00e0 un document de pagament que haur\u00e0 d&#8217;abonar-se per completar el tr\u00e0mit. Un cop fet l&#8217;abonament, el resguard d&#8217;expedici\u00f3 t\u00e9 la mateixa validesa que el t\u00edtol.<\/p>\n<p>Dates de sol\u00b7licitud dels t\u00edtol acad\u00e8mic del Nivell B2 i del Nivell C1:<\/p>\n<ul>\n<li style=\"list-style-type: none;\">\n<ul style=\"list-style-type: circle;\">\n<li>Alumnat aprovat al mes de juny &#8211; a partir del mes de<strong>\u00a0setembre.<\/strong><\/li>\n<li>Alumnat aprovat al mes de febrer\u00a0 &#8211; a partir del mes d\u2019<strong>abril<\/strong>.<\/li>\n<\/ul>\n<\/li>\n<\/ul>\n<h3>Abonament de les taxes d\u2019expedici\u00f3<\/h3>\n<p>Existeixen dues opcions de pagament de les taxes d&#8217;expedici\u00f3 de t\u00edtols:<\/p>\n<ol>\n<li>\u00a0A trav\u00e9s dels caixers de CaixaBank mitjan\u00e7ant el codi de barres del document de pagament.<\/li>\n<li><span style=\"font-family: inherit; font-size: 1em;\">\u00a0Al portal de pagaments de CaixaBank.<\/span><\/li>\n<\/ol>\n<p>En qualsevol cas, un cop abonada la taxa, caldr\u00e0 retornar el comprovant a la secretaria del centre, juntament amb el document de pagament.<\/p>\n<p>Tan bon punt l\u2019escola rebi el t\u00edtol, s\u2019avisar\u00e0 per correu electr\u00f2nic a la persona interessada.\u00a0Els t\u00edtols han de recollir-se personalment a la secretaria del centre presentant un document acreditatiu d&#8217;identitat (DNI \/ NIE \/ passaport) de la persona interessada i el resguard de pagament de les taxes.\u00a0En el cas de no poder-lo recollir personalment, caldr\u00e0 presentar-hi una\u00a0<strong><a href=\"https:\/\/agora-eoi.xtec.cat\/eoigarraf\/secretaria\/instancies-i-solicituts\/autoritzacio-per-a-la-recollida-de-certificats\/\" target=\"_blank\" rel=\"noopener\">autoritzaci\u00f3<\/a>.<\/strong><\/p>\n<h3>Taxes per a l\u2019expedici\u00f3 de t\u00edtols<\/h3>\n<p><span style=\"font-family: inherit; font-size: 1em;\">Podeu consultar les taxes per expedici\u00f3 de t\u00edtols del <\/span><em style=\"font-family: inherit; font-size: 1em;\">Certificat de Nivell Intermedi B2<\/em><span style=\"font-family: inherit; font-size: 1em;\"> i del <\/span><em style=\"font-family: inherit; font-size: 1em;\">Certificat de Nivell Avan\u00e7at C1<\/em><span style=\"font-family: inherit; font-size: 1em;\">, aix\u00ed com la taxa per expedici\u00f3 de duplicats, en aquest <\/span><strong><a style=\"font-family: inherit; font-size: 1em;\" href=\"http:\/\/educacio.gencat.cat\/ca\/departament\/normativa\/taxes-preus-publics\/taxes\/\" target=\"_blank\" rel=\"noopener noreferrer\">enlla\u00e7<\/a><\/strong><span style=\"font-family: inherit; font-size: 1em;\">.\u00a0<\/span><\/p>\n","protected":false},"excerpt":{"rendered":"<p>Nivell B\u00e0sic i Nivell B1<\/p>\n<ul>\n<li>L\u2019alumnat oficial que hagi superat el nivell A2 obtindr\u00e0 el Certificat de Nivell B\u00e0sic.<\/li>\n<li>L\u2019alumnat oficial de nivell B1 o els candidats o candidates lliures que hagin superat les proves corresponents obtindran el Certificat de Nivell Intermedi B1.<\/li>\n<\/ul>\n<p>Procediment<\/p>\n<ul style=\"list-style-type: disc;\">\n<li>L\u2019escola expedeix ambd\u00f3s&hellip;  <a href=\"https:\/\/agora-eoi.xtec.cat\/eoigarraf\/secretaria\/expedicio-de-titols\/\" title=\"Read Expedici\u00f3 de t\u00edtols\">Llegeix m\u00e9s\u00bb<\/a><br \/>\n","protected":false},"author":1,"featured_media":0,"parent":8358,"menu_order":80,"comment_status":"closed","ping_status":"closed","template":"page-templates\/side-menu.php","meta":{"_bbp_topic_count":0,"_bbp_reply_count":0,"_bbp_total_topic_count":0,"_bbp_total_reply_count":0,"_bbp_voice_count":0,"_bbp_anonymous_reply_count":0,"_bbp_topic_count_hidden":0,"_bbp_reply_count_hidden":0,"_bbp_forum_subforum_count":0,"footnotes":""},"class_list":["post-8377","page","type-page","status-publish","hentry"],"post_mailing_queue_ids":[],"_links":{"self":[{"href":"https:\/\/agora-eoi.xtec.cat\/eoigarraf\/wp-json\/wp\/v2\/pages\/8377","targetHints":{"allow":["GET"]}}],"collection":[{"href":"https:\/\/agora-eoi.xtec.cat\/eoigarraf\/wp-json\/wp\/v2\/pages"}],"about":[{"href":"https:\/\/agora-eoi.xtec.cat\/eoigarraf\/wp-json\/wp\/v2\/types\/page"}],"author":[{"embeddable":true,"href":"https:\/\/agora-eoi.xtec.cat\/eoigarraf\/wp-json\/wp\/v2\/users\/1"}],"replies":[{"embeddable":true,"href":"https:\/\/agora-eoi.xtec.cat\/eoigarraf\/wp-json\/wp\/v2\/comments?post=8377"}],"version-history":[{"count":4,"href":"https:\/\/agora-eoi.xtec.cat\/eoigarraf\/wp-json\/wp\/v2\/pages\/8377\/revisions"}],"predecessor-version":[{"id":12075,"href":"https:\/\/agora-eoi.xtec.cat\/eoigarraf\/wp-json\/wp\/v2\/pages\/8377\/revisions\/12075"}],"up":[{"embeddable":true,"href":"https:\/\/agora-eoi.xtec.cat\/eoigarraf\/wp-json\/wp\/v2\/pages\/8358"}],"wp:attachment":[{"href":"https:\/\/agora-eoi.xtec.cat\/eoigarraf\/wp-json\/wp\/v2\/media?parent=8377"}],"curies":[{"name":"wp","href":"https:\/\/api.w.org\/{rel}","templated":true}]}}