{"id":8370,"date":"2016-06-13T13:38:46","date_gmt":"2016-06-13T12:38:46","guid":{"rendered":"http:\/\/agora-eoi.xtec.cat\/eoigarraf\/?page_id=8370"},"modified":"2025-07-16T09:12:51","modified_gmt":"2025-07-16T07:12:51","slug":"instancies-i-solicituts","status":"publish","type":"page","link":"https:\/\/agora-eoi.xtec.cat\/eoigarraf\/secretaria\/instancies-i-solicituts\/","title":{"rendered":"Inst\u00e0ncies i sol\u00b7licituds"},"content":{"rendered":"<p>Per tal de facilitar la realitzaci\u00f3 de gestions administratives podeu descarregar-vos inst\u00e0ncies i sol\u00b7licituds dels tr\u00e0mits m\u00e9s freq\u00fcents. Empleneu-les i lliureu-les a la secretaria del centre <a href=\"https:\/\/agora-eoi.xtec.cat\/eoigarraf\/secretaria\/horari\/\" target=\"_blank\" rel=\"noopener\">en horari d&#8217;atenci\u00f3<\/a>, tot aportant la documentaci\u00f3 requerida per a cada gesti\u00f3.<\/p>\n<ul>\n<li><strong><a href=\"https:\/\/agora-eoi.xtec.cat\/eoigarraf\/secretaria\/instancies-i-solicituts\/prova-sollicitud\/\" target=\"_blank\" rel=\"noopener\">Sol\u00b7licitud general<\/a><\/strong><\/li>\n<li><strong><a href=\"https:\/\/agora-eoi.xtec.cat\/eoigarraf\/secretaria\/instancies-i-solicituts\/sollicitud-de-renuncia-de-matricula\/\" target=\"_blank\" rel=\"noopener\">Sol\u00b7licitud de ren\u00fancia de matr\u00edcula<\/a><\/strong><\/li>\n<li><strong><a href=\"https:\/\/agora-eoi.xtec.cat\/eoigarraf\/secretaria\/instancies-i-solicituts\/sollicitud-de-trasllat-de-matricula-i-expedient\/\" target=\"_blank\" rel=\"noopener\">Sol\u00b7licitud de trasllat de matr\u00edcula i expedient<\/a><\/strong><\/li>\n<li><strong><a href=\"https:\/\/agora-eoi.xtec.cat\/eoigarraf\/secretaria\/instancies-i-solicituts\/sollicitud-de-revisio-dexamen-final\/\" target=\"_blank\" rel=\"noopener\">Sol\u00b7licitud de revisi\u00f3 d\u2019ex\u00e0men final<\/a><\/strong><\/li>\n<li><strong><a href=\"https:\/\/agora-eoi.xtec.cat\/eoigarraf\/secretaria\/instancies-i-solicituts\/sollicitud-de-devolucio-de-taxes-cursos-reglats\/\" target=\"_blank\" rel=\"noopener\">Sol\u00b7licitud de devoluci\u00f3 de taxes (cursos reglats)<\/a><\/strong><\/li>\n<li><strong><a href=\"https:\/\/agora-eoi.xtec.cat\/eoigarraf\/secretaria\/instancies-i-solicituts\/sollicitud-de-convocatoria-addicional\/\" target=\"_blank\" rel=\"noopener\">Sol\u00b7licitud de convocat\u00f2ria addicional<\/a><\/strong><\/li>\n<li><strong><a href=\"https:\/\/agora-eoi.xtec.cat\/eoigarraf\/secretaria\/instancies-i-solicituts\/sollicitud-de-canvi-dhorari-lectiu\/\" target=\"_blank\" rel=\"noopener\">Sol\u00b7licitud de canvi d\u2019horari lectiu<\/a><\/strong><\/li>\n<li><strong><a href=\"https:\/\/agora-eoi.xtec.cat\/eoigarraf\/secretaria\/instancies-i-solicituts\/sollicitud-de-titol-academic-nivells-b2-i-c1\/\" target=\"_blank\" rel=\"noopener\">Sol\u00b7licitud de t\u00edtol acad\u00e8mic (nivells B2 i C1)<\/a><\/strong><\/li>\n<li><strong><a href=\"https:\/\/agora-eoi.xtec.cat\/eoigarraf\/secretaria\/instancies-i-solicituts\/autoritzacio-per-a-la-recollida-de-certificats\/\" target=\"_blank\" rel=\"noopener\">Autoritzaci\u00f3 per a la recollida de certificats<\/a><\/strong><\/li>\n<li><strong><a href=\"https:\/\/agora-eoi.xtec.cat\/eoigarraf\/secretaria\/instancies-i-solicituts\/autoritzacio-dalumnat-menor-dedat\/\" target=\"_blank\" rel=\"noopener\">Autoritzaci\u00f3 d\u2019alumnat menor d\u2019edat<\/a><\/strong><\/li>\n<li><strong><a href=\"https:\/\/agora-eoi.xtec.cat\/eoigarraf\/secretaria\/instancies-i-solicituts\/sollicitud-de-canvi-de-data-dexamen\/\" target=\"_blank\" rel=\"noopener\">Sol\u00b7licitud de canvi de data d&#8217;ex\u00e0men final<\/a><\/strong><\/li>\n<li><strong><a href=\"https:\/\/agora-eoi.xtec.cat\/eoigarraf\/wp-content\/uploads\/usu2250\/2025\/07\/sollicitud-prova-adaptada-editable.pdf\" target=\"_blank\" rel=\"noopener\">Sol\u00b7licitud d&#8217;adaptaci\u00f3 de prova<\/a><\/strong><\/li>\n<\/ul>\n","protected":false},"excerpt":{"rendered":"<p>Per tal de facilitar la realitzaci\u00f3 de gestions administratives podeu descarregar-vos inst\u00e0ncies i sol\u00b7licituds dels tr\u00e0mits m\u00e9s freq\u00fcents. Empleneu-les i lliureu-les a la secretaria del centre <a href=\"https:\/\/agora-eoi.xtec.cat\/eoigarraf\/secretaria\/horari\/\" target=\"_blank\" rel=\"noopener\">en horari d&#8217;atenci\u00f3<\/a>, tot aportant la documentaci\u00f3 requerida per a cada gesti\u00f3.<\/p>\n<ul>\n<li><a href=\"https:\/\/agora-eoi.xtec.cat\/eoigarraf\/secretaria\/instancies-i-solicituts\/prova-sollicitud\/\" target=\"_blank\" rel=\"noopener\">Sol\u00b7licitud general<\/a><\/li>\n<li><a&hellip;  <a href=\"https:\/\/agora-eoi.xtec.cat\/eoigarraf\/secretaria\/instancies-i-solicituts\/\" title=\"Read Inst\u00e0ncies i sol\u00b7licituds\">Llegeix m\u00e9s\u00bb<\/a><br \/>\n","protected":false},"author":1,"featured_media":0,"parent":8358,"menu_order":35,"comment_status":"closed","ping_status":"closed","template":"page-templates\/side-menu.php","meta":{"_bbp_topic_count":0,"_bbp_reply_count":0,"_bbp_total_topic_count":0,"_bbp_total_reply_count":0,"_bbp_voice_count":0,"_bbp_anonymous_reply_count":0,"_bbp_topic_count_hidden":0,"_bbp_reply_count_hidden":0,"_bbp_forum_subforum_count":0,"footnotes":""},"class_list":["post-8370","page","type-page","status-publish","hentry"],"post_mailing_queue_ids":[],"_links":{"self":[{"href":"https:\/\/agora-eoi.xtec.cat\/eoigarraf\/wp-json\/wp\/v2\/pages\/8370","targetHints":{"allow":["GET"]}}],"collection":[{"href":"https:\/\/agora-eoi.xtec.cat\/eoigarraf\/wp-json\/wp\/v2\/pages"}],"about":[{"href":"https:\/\/agora-eoi.xtec.cat\/eoigarraf\/wp-json\/wp\/v2\/types\/page"}],"author":[{"embeddable":true,"href":"https:\/\/agora-eoi.xtec.cat\/eoigarraf\/wp-json\/wp\/v2\/users\/1"}],"replies":[{"embeddable":true,"href":"https:\/\/agora-eoi.xtec.cat\/eoigarraf\/wp-json\/wp\/v2\/comments?post=8370"}],"version-history":[{"count":5,"href":"https:\/\/agora-eoi.xtec.cat\/eoigarraf\/wp-json\/wp\/v2\/pages\/8370\/revisions"}],"predecessor-version":[{"id":12087,"href":"https:\/\/agora-eoi.xtec.cat\/eoigarraf\/wp-json\/wp\/v2\/pages\/8370\/revisions\/12087"}],"up":[{"embeddable":true,"href":"https:\/\/agora-eoi.xtec.cat\/eoigarraf\/wp-json\/wp\/v2\/pages\/8358"}],"wp:attachment":[{"href":"https:\/\/agora-eoi.xtec.cat\/eoigarraf\/wp-json\/wp\/v2\/media?parent=8370"}],"curies":[{"name":"wp","href":"https:\/\/api.w.org\/{rel}","templated":true}]}}