{"id":8366,"date":"2016-06-13T13:27:59","date_gmt":"2016-06-13T12:27:59","guid":{"rendered":"http:\/\/agora-eoi.xtec.cat\/eoigarraf\/?page_id=8366"},"modified":"2026-03-25T12:48:46","modified_gmt":"2026-03-25T11:48:46","slug":"horari","status":"publish","type":"page","link":"https:\/\/agora-eoi.xtec.cat\/eoigarraf\/secretaria\/horari\/","title":{"rendered":"Horari d&#8217;atenci\u00f3"},"content":{"rendered":"<h5 style=\"text-align: left;\"><b><img loading=\"lazy\" decoding=\"async\" class=\"alignleft wp-image-10795 size-medium\" src=\"https:\/\/agora-eoi.xtec.cat\/eoigarraf\/wp-content\/uploads\/usu2250\/2023\/02\/mike-meyers-haAxbjiHds-unsplash-300x300.jpg\" alt=\"\" width=\"300\" height=\"300\" srcset=\"https:\/\/agora-eoi.xtec.cat\/eoigarraf\/wp-content\/uploads\/usu2250\/2023\/02\/mike-meyers-haAxbjiHds-unsplash-300x300.jpg 300w, https:\/\/agora-eoi.xtec.cat\/eoigarraf\/wp-content\/uploads\/usu2250\/2023\/02\/mike-meyers-haAxbjiHds-unsplash-1024x1024.jpg 1024w, https:\/\/agora-eoi.xtec.cat\/eoigarraf\/wp-content\/uploads\/usu2250\/2023\/02\/mike-meyers-haAxbjiHds-unsplash-150x150.jpg 150w, https:\/\/agora-eoi.xtec.cat\/eoigarraf\/wp-content\/uploads\/usu2250\/2023\/02\/mike-meyers-haAxbjiHds-unsplash-768x768.jpg 768w, https:\/\/agora-eoi.xtec.cat\/eoigarraf\/wp-content\/uploads\/usu2250\/2023\/02\/mike-meyers-haAxbjiHds-unsplash-1536x1536.jpg 1536w, https:\/\/agora-eoi.xtec.cat\/eoigarraf\/wp-content\/uploads\/usu2250\/2023\/02\/mike-meyers-haAxbjiHds-unsplash-2048x2048.jpg 2048w\" sizes=\"auto, (max-width: 300px) 100vw, 300px\" \/><\/b><\/h5>\n<p><span style=\"color: #ff0000;\">DIMECRES DIA 24 DE MAR\u00c7 DE 16h a 19h no hi haur\u00e0 atenci\u00f3 al p\u00fablic.\u00a0<\/span><\/p>\n<p><strong>MAT\u00cd: <\/strong>de dilluns a divendres, de 10.00 a 13.00h<\/p>\n<p><strong>TARDA<\/strong>: de dimarts a dijous, de 16.00 a 19.00h<\/p>\n<p>Per a qualsevol consulta, tr\u00e0mit o sol\u00b7licitud,\u00a0 tamb\u00e9 poder fer servir el correu electr\u00f2nic del centre: <a href=\"mailto:eoigarraf@xtec.cat\">eoigarraf@xtec.cat<\/a><strong>.<\/strong><\/p>\n<p>Per facilitar la gesti\u00f3 us preguem que us identifiqueu correctament (nom, idioma i grup). Podeu deixar tamb\u00e9 un tel\u00e8fon de contacte.<\/p>\n<p>&nbsp;<\/p>\n","protected":false},"excerpt":{"rendered":"<p>DIMECRES DIA 24 DE MAR\u00c7 DE 16h a 19h no hi haur\u00e0 atenci\u00f3 al p\u00fablic.\u00a0<br \/>\nMAT\u00cd: de dilluns a divendres, de 10.00 a 13.00h<br \/>\nTARDA: de dimarts a dijous, de 16.00 a 19.00h<br \/>\nPer a qualsevol consulta, tr\u00e0mit o sol\u00b7licitud,\u00a0 tamb\u00e9 poder fer servir el correu electr\u00f2nic del&hellip;  <a href=\"https:\/\/agora-eoi.xtec.cat\/eoigarraf\/secretaria\/horari\/\" title=\"Read Horari d&#8217;atenci\u00f3\">Llegeix m\u00e9s\u00bb<\/a><\/p>\n","protected":false},"author":1,"featured_media":0,"parent":8358,"menu_order":10,"comment_status":"closed","ping_status":"closed","template":"page-templates\/side-menu.php","meta":{"_bbp_topic_count":0,"_bbp_reply_count":0,"_bbp_total_topic_count":0,"_bbp_total_reply_count":0,"_bbp_voice_count":0,"_bbp_anonymous_reply_count":0,"_bbp_topic_count_hidden":0,"_bbp_reply_count_hidden":0,"_bbp_forum_subforum_count":0,"footnotes":""},"class_list":["post-8366","page","type-page","status-publish","hentry"],"post_mailing_queue_ids":[],"_links":{"self":[{"href":"https:\/\/agora-eoi.xtec.cat\/eoigarraf\/wp-json\/wp\/v2\/pages\/8366","targetHints":{"allow":["GET"]}}],"collection":[{"href":"https:\/\/agora-eoi.xtec.cat\/eoigarraf\/wp-json\/wp\/v2\/pages"}],"about":[{"href":"https:\/\/agora-eoi.xtec.cat\/eoigarraf\/wp-json\/wp\/v2\/types\/page"}],"author":[{"embeddable":true,"href":"https:\/\/agora-eoi.xtec.cat\/eoigarraf\/wp-json\/wp\/v2\/users\/1"}],"replies":[{"embeddable":true,"href":"https:\/\/agora-eoi.xtec.cat\/eoigarraf\/wp-json\/wp\/v2\/comments?post=8366"}],"version-history":[{"count":7,"href":"https:\/\/agora-eoi.xtec.cat\/eoigarraf\/wp-json\/wp\/v2\/pages\/8366\/revisions"}],"predecessor-version":[{"id":12238,"href":"https:\/\/agora-eoi.xtec.cat\/eoigarraf\/wp-json\/wp\/v2\/pages\/8366\/revisions\/12238"}],"up":[{"embeddable":true,"href":"https:\/\/agora-eoi.xtec.cat\/eoigarraf\/wp-json\/wp\/v2\/pages\/8358"}],"wp:attachment":[{"href":"https:\/\/agora-eoi.xtec.cat\/eoigarraf\/wp-json\/wp\/v2\/media?parent=8366"}],"curies":[{"name":"wp","href":"https:\/\/api.w.org\/{rel}","templated":true}]}}