{"id":8170,"date":"2016-06-08T17:06:12","date_gmt":"2016-06-08T16:06:12","guid":{"rendered":"http:\/\/agora-eoi.xtec.cat\/eoigarraf\/?page_id=8170"},"modified":"2025-07-15T10:30:59","modified_gmt":"2025-07-15T08:30:59","slug":"alumnes-lliures","status":"publish","type":"page","link":"https:\/\/agora-eoi.xtec.cat\/eoigarraf\/secretaria\/matricula\/alumnes-lliures\/","title":{"rendered":"Alumnat lliure"},"content":{"rendered":"<p>La matr\u00edcula en modalitat <strong>lliure<\/strong> permet presentar-se a les proves per a l\u2019obtenci\u00f3 del <strong>Certificat de Nivell Intermedi B1, <\/strong>del <strong>Certificat de Nivell Intermedi B2\u00a0 <\/strong>i del\u00a0<strong>Certificat de Nivell Avan\u00e7at C1<\/strong>. El primer correspon a 390 hores lectives i al nivell B1 del Consell d&#8217;Europa; \u00a0el segon, a 650 hores lectives i al nivell B2 del Consell d&#8217;Europa; el tercer a 780 hores lectives i al nivell C1 del Consell d&#8217;Europa.<\/p>\n<p>Cada matr\u00edcula dona dret a una \u00fanica convocat\u00f2ria d\u2019examen. Durant el mateix any acad\u00e8mic no es pot estar matriculat en modalitat lliure i oficial d\u2019un mateix idioma, encara que sigui en nivells diferents.<\/p>\n<h5><strong>Requisits<\/strong><\/h5>\n<p>Per poder presentar-se a les proves, cal acreditar la superaci\u00f3 del segon curs de l&#8217;educaci\u00f3 secund\u00e0ria obligat\u00f2ria o nivell equivalent, i tenir com a m\u00ednim quinze anys o complir-los durant l&#8217;any de la inscripci\u00f3 a la prova.<\/p>\n<h5><strong>Convocat\u00f2ria ordin\u00e0ria<\/strong><\/h5>\n<p>La inscripci\u00f3 en r\u00e8gim lliure dona dret a una convocat\u00f2ria d&#8217;examen per a l&#8217;obtenci\u00f3 del certificat de nivell intermedi B1, del certificat de nivell intermedi B2 o del certificat de nivell avan\u00e7at C1. La <a href=\"https:\/\/educacio.gencat.cat\/ca\/serveis-tramits\/proves\/proves-lliures-obtencio-titols\/convocat-ordinaria-idiomes\/\" target=\"_blank\" rel=\"noopener\">convocat\u00f2ria ordin\u00e0ria<\/a> per a les proves lliures de \u00a0totes les lleng\u00fces i certificats tenen lloc durant el mesos de <strong>maig <\/strong> i <strong>juny<\/strong>. La inscripci\u00f3 t\u00e9 lloc a finals de febrer. Les dates i condicions de la inscripci\u00f3 per als candidats lliures es publiquen el desembre de l&#8217;any anterior.<\/p>\n<h5><strong>Convocat\u00f2ria extraordin\u00e0ria<\/strong><\/h5>\n<p>Per tal de poder atendre la demanda de certificacions d&#8217;angl\u00e8s, les EOI tamb\u00e9 ofereixen una <a href=\"https:\/\/educacio.gencat.cat\/ca\/serveis-tramits\/proves\/proves-lliures-obtencio-titols\/convocat-extraord-idiomes\/\" target=\"_blank\" rel=\"noopener\">convocat\u00f2ria extraordin\u00e0ria <\/a>al mes de <strong>febrer<\/strong>. La inscripci\u00f3 t\u00e9 lloc a finals de novembre de l&#8217;any anterior.<\/p>\n","protected":false},"excerpt":{"rendered":"<p>La matr\u00edcula en modalitat lliure permet presentar-se a les proves per a l\u2019obtenci\u00f3 del Certificat de Nivell Intermedi B1, del Certificat de Nivell Intermedi B2\u00a0 i del\u00a0Certificat de Nivell Avan\u00e7at C1. El primer correspon a 390 hores lectives i al nivell B1 del Consell d&#8217;Europa;&hellip;  <a href=\"https:\/\/agora-eoi.xtec.cat\/eoigarraf\/secretaria\/matricula\/alumnes-lliures\/\" title=\"Read Alumnat lliure\">Llegeix m\u00e9s\u00bb<\/a><\/p>\n","protected":false},"author":1,"featured_media":0,"parent":8161,"menu_order":40,"comment_status":"closed","ping_status":"closed","template":"page-templates\/side-menu.php","meta":{"_bbp_topic_count":0,"_bbp_reply_count":0,"_bbp_total_topic_count":0,"_bbp_total_reply_count":0,"_bbp_voice_count":0,"_bbp_anonymous_reply_count":0,"_bbp_topic_count_hidden":0,"_bbp_reply_count_hidden":0,"_bbp_forum_subforum_count":0,"footnotes":""},"class_list":["post-8170","page","type-page","status-publish","hentry"],"post_mailing_queue_ids":[],"_links":{"self":[{"href":"https:\/\/agora-eoi.xtec.cat\/eoigarraf\/wp-json\/wp\/v2\/pages\/8170","targetHints":{"allow":["GET"]}}],"collection":[{"href":"https:\/\/agora-eoi.xtec.cat\/eoigarraf\/wp-json\/wp\/v2\/pages"}],"about":[{"href":"https:\/\/agora-eoi.xtec.cat\/eoigarraf\/wp-json\/wp\/v2\/types\/page"}],"author":[{"embeddable":true,"href":"https:\/\/agora-eoi.xtec.cat\/eoigarraf\/wp-json\/wp\/v2\/users\/1"}],"replies":[{"embeddable":true,"href":"https:\/\/agora-eoi.xtec.cat\/eoigarraf\/wp-json\/wp\/v2\/comments?post=8170"}],"version-history":[{"count":6,"href":"https:\/\/agora-eoi.xtec.cat\/eoigarraf\/wp-json\/wp\/v2\/pages\/8170\/revisions"}],"predecessor-version":[{"id":12072,"href":"https:\/\/agora-eoi.xtec.cat\/eoigarraf\/wp-json\/wp\/v2\/pages\/8170\/revisions\/12072"}],"up":[{"embeddable":true,"href":"https:\/\/agora-eoi.xtec.cat\/eoigarraf\/wp-json\/wp\/v2\/pages\/8161"}],"wp:attachment":[{"href":"https:\/\/agora-eoi.xtec.cat\/eoigarraf\/wp-json\/wp\/v2\/media?parent=8170"}],"curies":[{"name":"wp","href":"https:\/\/api.w.org\/{rel}","templated":true}]}}