{"id":8164,"date":"2016-06-08T17:00:04","date_gmt":"2016-06-08T16:00:04","guid":{"rendered":"http:\/\/agora-eoi.xtec.cat\/eoigarraf\/?page_id=8164"},"modified":"2025-07-15T10:27:13","modified_gmt":"2025-07-15T08:27:13","slug":"alumnes-antics","status":"publish","type":"page","link":"https:\/\/agora-eoi.xtec.cat\/eoigarraf\/secretaria\/matricula\/alumnes-antics\/","title":{"rendered":"Antic alumnat"},"content":{"rendered":"<p>Les persones matriculades en un curs oficial del mateix idioma l\u2019any acad\u00e8mic immediatament anterior es consideren antic alumnat i tenen prefer\u00e8ncia per matricular-se el curs seg\u00fcent.<\/p>\n<h6><strong>Procediment de matr\u00edcula<\/strong><\/h6>\n<div><\/div>\n<div>\n<ul>\n<li>La matr\u00edcula \u00e9s nom\u00e9s <strong>telem\u00e0tica<\/strong> i segueix un ordre de prioritat i un calendari que estableix el Departament d\u2019Educaci\u00f3. Aquell alumnat oficial que no es matriculi dintre dels terminis previstos, al mes de juliol perdria la oficialitat i hauria de tornar a fer una preinscripci\u00f3 al setembre.<\/li>\n<li>No est\u00e0 perm\u00e8s matricular-se com a alumne oficial i lliure del mateix idioma el mateix any acad\u00e8mic.<\/li>\n<\/ul>\n<\/div>\n<hr \/>\n<h6><strong>Dates de matr\u00edcula (Curs 2024\/2025)<\/strong><\/h6>\n<p>El per\u00edode de matr\u00edcula comen\u00e7a a les 09.00h <strong>del 1 de juliol <\/strong>de 2025 i finalitza a les 23.59h del <strong>7 de juliol<\/strong> de 2025. Tot l&#8217;antic alumnat rep informaci\u00f3 personalitzada sobre la data concreta en que haur\u00e0 de matricular-se.<\/p>\n<hr \/>\n<h6><strong>Taxes i preus de matr\u00edcula<\/strong><\/h6>\n<p>Podeu trobar la informaci\u00f3 sobre les taxes i preus p\u00fablics de matricula, aix\u00ed com les bonificacions i exempcions generals que s&#8217;hi apliquen, en aquests enlla\u00e7os:<\/p>\n<ul>\n<li><a href=\"http:\/\/educacio.gencat.cat\/ca\/departament\/normativa\/taxes-preus-publics\/taxes\/\" target=\"_blank\" rel=\"noopener noreferrer\">Taxes de matr\u00edcula<\/a>. (Nivells Intermedi i Avan\u00e7at)<\/li>\n<li><a href=\"http:\/\/educacio.gencat.cat\/ca\/departament\/normativa\/taxes-preus-publics\/preu-public\/\" target=\"_blank\" rel=\"noopener noreferrer\">Preus p\u00fablics de matr\u00edcula<\/a> (Nivells B\u00e0sic, C1 i C2)<\/li>\n<\/ul>\n<p>Cal afegir un preu p\u00fablic de 30\u20ac en concepte de serveis d&#8217;acc\u00e9s a la plataforma i materials did\u00e0ctics dels ensenyaments d&#8217;idiomes.<\/p>\n<p>&nbsp;<\/p>\n","protected":false},"excerpt":{"rendered":"<p>Les persones matriculades en un curs oficial del mateix idioma l\u2019any acad\u00e8mic immediatament anterior es consideren antic alumnat i tenen prefer\u00e8ncia per matricular-se el curs seg\u00fcent.<br \/>\nProcediment de matr\u00edcula<\/p>\n<ul>\n<li>La matr\u00edcula \u00e9s nom\u00e9s telem\u00e0tica i segueix un ordre de prioritat i un calendari que estableix el Departament&hellip;  <a href=\"https:\/\/agora-eoi.xtec.cat\/eoigarraf\/secretaria\/matricula\/alumnes-antics\/\" title=\"Read Antic alumnat\">Llegeix m\u00e9s\u00bb<\/a><br \/>\n","protected":false},"author":1,"featured_media":0,"parent":8161,"menu_order":10,"comment_status":"closed","ping_status":"closed","template":"page-templates\/side-menu.php","meta":{"_bbp_topic_count":0,"_bbp_reply_count":0,"_bbp_total_topic_count":0,"_bbp_total_reply_count":0,"_bbp_voice_count":0,"_bbp_anonymous_reply_count":0,"_bbp_topic_count_hidden":0,"_bbp_reply_count_hidden":0,"_bbp_forum_subforum_count":0,"footnotes":""},"class_list":["post-8164","page","type-page","status-publish","hentry"],"post_mailing_queue_ids":[],"_links":{"self":[{"href":"https:\/\/agora-eoi.xtec.cat\/eoigarraf\/wp-json\/wp\/v2\/pages\/8164","targetHints":{"allow":["GET"]}}],"collection":[{"href":"https:\/\/agora-eoi.xtec.cat\/eoigarraf\/wp-json\/wp\/v2\/pages"}],"about":[{"href":"https:\/\/agora-eoi.xtec.cat\/eoigarraf\/wp-json\/wp\/v2\/types\/page"}],"author":[{"embeddable":true,"href":"https:\/\/agora-eoi.xtec.cat\/eoigarraf\/wp-json\/wp\/v2\/users\/1"}],"replies":[{"embeddable":true,"href":"https:\/\/agora-eoi.xtec.cat\/eoigarraf\/wp-json\/wp\/v2\/comments?post=8164"}],"version-history":[{"count":7,"href":"https:\/\/agora-eoi.xtec.cat\/eoigarraf\/wp-json\/wp\/v2\/pages\/8164\/revisions"}],"predecessor-version":[{"id":12071,"href":"https:\/\/agora-eoi.xtec.cat\/eoigarraf\/wp-json\/wp\/v2\/pages\/8164\/revisions\/12071"}],"up":[{"embeddable":true,"href":"https:\/\/agora-eoi.xtec.cat\/eoigarraf\/wp-json\/wp\/v2\/pages\/8161"}],"wp:attachment":[{"href":"https:\/\/agora-eoi.xtec.cat\/eoigarraf\/wp-json\/wp\/v2\/media?parent=8164"}],"curies":[{"name":"wp","href":"https:\/\/api.w.org\/{rel}","templated":true}]}}