{"id":8151,"date":"2016-06-08T16:42:13","date_gmt":"2016-06-08T15:42:13","guid":{"rendered":"http:\/\/agora-eoi.xtec.cat\/eoigarraf\/?page_id=8151"},"modified":"2020-12-04T19:50:05","modified_gmt":"2020-12-04T18:50:05","slug":"cursos-reglats","status":"publish","type":"page","link":"https:\/\/agora-eoi.xtec.cat\/eoigarraf\/cursos-horaris\/cursos-reglats\/","title":{"rendered":"CURSOS REGLATS"},"content":{"rendered":"<p>La LOMCE estableix l&#8217;ordenaci\u00f3 i el curr\u00edculum dels ensenyaments d\u2019idiomes de r\u00e8gim especial.<\/p>\n<p>Al nostre centre, el pla d\u2019estudis s\u2019estructura de la seg\u00fcent manera:<img loading=\"lazy\" decoding=\"async\" class=\"alignright wp-image-9423 size-full\" src=\"https:\/\/agora-eoi.xtec.cat\/eoigarraf\/wp-content\/uploads\/usu2250\/2020\/11\/the_searchers.jpg\" alt=\"\" width=\"189\" height=\"267\" \/><\/p>\n<ul>\n<li>Nivell B\u00e0sic: A1 i A2<\/li>\n<li>Nivell Intermedi: B1,\u00a0 B2.1 i B2.2<\/li>\n<li>Nivell Avan\u00e7at: C1<\/li>\n<\/ul>\n<p>Cada curs t\u00e9 una durada m\u00ednima de 130 hores.<\/p>\n<p>El\u00a0pla d&#8217;estudis\u00a0de les EOI desenvolupa la finalitat dels ensenyaments d&#8217;idiomes que s&#8217;hi imparteixen, que \u00e9s la capacitat de l&#8217;alumnat en l&#8217;\u00fas efectiu de l&#8217;idioma com a vehicle de comunicaci\u00f3 general. Per assolir aquesta finalitat, a les EOI es treballa per tal que l&#8217;alumnat:<\/p>\n<ul>\n<li>Adquireixi les habilitats b\u00e0siques receptives i productives, tant del llenguatge oral com de l&#8217;escrit.<\/li>\n<li>Desenvolupi estrat\u00e8gies comunicatives en diferents \u00e0rees de comunicaci\u00f3.<\/li>\n<li>Desenvolupi estrat\u00e8gies per a l&#8217;aprenentatge aut\u00f2nom i continu de lleng\u00fces, que puguin facilitar l&#8217;\u00fas de l&#8217;idioma en l&#8217;exercici d&#8217;activitats professionals i en altres \u00e0mbits de la cultura o d&#8217;inter\u00e8s personal.<\/li>\n<li>Desenvolupi actituds positives envers la diversitat ling\u00fc\u00edstica i el pluralisme cultural del m\u00f3n actual.<\/li>\n<\/ul>\n<p>Les escoles oficials d&#8217;idiomes faciliten un aprenentatge de lleng\u00fces efica\u00e7, amb:<\/p>\n<ul>\n<li>Cursos en la l\u00ednia de les directrius del Marc Europeu Com\u00fa de Refer\u00e8ncia per a les Lleng\u00fces (MECR) del Consell d&#8217;Europa.<\/li>\n<li>Classes i activitats did\u00e0ctiques que inclouen la llengua en \u00fas, oral i escrita.<\/li>\n<li>Cursos no reglats, monogr\u00e0fics i de llengua instrumental.<\/li>\n<li>\u00das d\u2019entorns Moodle.<\/li>\n<li>Professors especialistes i titulats.<\/li>\n<\/ul>\n","protected":false},"excerpt":{"rendered":"<p>La LOMCE estableix l&#8217;ordenaci\u00f3 i el curr\u00edculum dels ensenyaments d\u2019idiomes de r\u00e8gim especial.<br \/>\nAl nostre centre, el pla d\u2019estudis s\u2019estructura de la seg\u00fcent manera:<\/p>\n<ul>\n<li>Nivell B\u00e0sic: A1 i A2<\/li>\n<li>Nivell Intermedi: B1,\u00a0 B2.1 i B2.2<\/li>\n<li>Nivell Avan\u00e7at: C1<\/li>\n<\/ul>\n<p>Cada curs t\u00e9 una durada m\u00ednima de 130 hores.<br \/>\nEl\u00a0pla d&#8217;estudis\u00a0de les EOI&hellip;  <a href=\"https:\/\/agora-eoi.xtec.cat\/eoigarraf\/cursos-horaris\/cursos-reglats\/\" title=\"Read CURSOS REGLATS\">Llegeix m\u00e9s\u00bb<\/a><\/p>\n","protected":false},"author":1,"featured_media":0,"parent":8149,"menu_order":10,"comment_status":"closed","ping_status":"closed","template":"page-templates\/side-menu.php","meta":{"_bbp_topic_count":0,"_bbp_reply_count":0,"_bbp_total_topic_count":0,"_bbp_total_reply_count":0,"_bbp_voice_count":0,"_bbp_anonymous_reply_count":0,"_bbp_topic_count_hidden":0,"_bbp_reply_count_hidden":0,"_bbp_forum_subforum_count":0,"footnotes":""},"class_list":["post-8151","page","type-page","status-publish","hentry"],"post_mailing_queue_ids":[],"_links":{"self":[{"href":"https:\/\/agora-eoi.xtec.cat\/eoigarraf\/wp-json\/wp\/v2\/pages\/8151","targetHints":{"allow":["GET"]}}],"collection":[{"href":"https:\/\/agora-eoi.xtec.cat\/eoigarraf\/wp-json\/wp\/v2\/pages"}],"about":[{"href":"https:\/\/agora-eoi.xtec.cat\/eoigarraf\/wp-json\/wp\/v2\/types\/page"}],"author":[{"embeddable":true,"href":"https:\/\/agora-eoi.xtec.cat\/eoigarraf\/wp-json\/wp\/v2\/users\/1"}],"replies":[{"embeddable":true,"href":"https:\/\/agora-eoi.xtec.cat\/eoigarraf\/wp-json\/wp\/v2\/comments?post=8151"}],"version-history":[{"count":3,"href":"https:\/\/agora-eoi.xtec.cat\/eoigarraf\/wp-json\/wp\/v2\/pages\/8151\/revisions"}],"predecessor-version":[{"id":9570,"href":"https:\/\/agora-eoi.xtec.cat\/eoigarraf\/wp-json\/wp\/v2\/pages\/8151\/revisions\/9570"}],"up":[{"embeddable":true,"href":"https:\/\/agora-eoi.xtec.cat\/eoigarraf\/wp-json\/wp\/v2\/pages\/8149"}],"wp:attachment":[{"href":"https:\/\/agora-eoi.xtec.cat\/eoigarraf\/wp-json\/wp\/v2\/media?parent=8151"}],"curies":[{"name":"wp","href":"https:\/\/api.w.org\/{rel}","templated":true}]}}