{"id":797,"date":"2015-11-28T21:06:57","date_gmt":"2015-11-28T20:06:57","guid":{"rendered":"http:\/\/agora-eoi.xtec.cat\/eoigarraf\/?page_id=797"},"modified":"2025-07-14T09:13:07","modified_gmt":"2025-07-14T07:13:07","slug":"presentacio","status":"publish","type":"page","link":"https:\/\/agora-eoi.xtec.cat\/eoigarraf\/el-servei-educatiu\/presentacio\/","title":{"rendered":"Presentaci\u00f3"},"content":{"rendered":"<p style=\"text-align: justify;\">Les <a href=\"https:\/\/sites.google.com\/xtec.cat\/escoles-oficials-didiomes\/p%C3%A0gina-principal\" target=\"_blank\" rel=\"noopener\"><strong><span style=\"color: #33cccc;\">Escoles Oficials d&#8217;Idiomes de Catalunya<\/span><\/strong><\/a> s\u00f3n centres p\u00fablics no universitaris de r\u00e8gim especial dedicats a l\u2019&#8217;ensenyament d&#8217;idiomes moderns que depenen del Departament d\u2019Educaci\u00f3 i Formaci\u00f3 Professional de la Generalitat. Les EOIs imparteixen els ensenyaments especialitzats regulats per la LOMCE.<\/p>\n<p style=\"text-align: justify;\"><strong>L\u2019Escola Oficial d\u2019Idiomes Garraf <\/strong>t\u00e9 la seva seu a Vilanova i la Geltr\u00fa des de l\u2019any 2003.<\/p>\n<p style=\"text-align: justify;\">Actualment, el nostre centre imparteix cursos reglats <strong>d\u2019angl\u00e8s i alemany<\/strong>. D\u2019ambd\u00f3s idiomes s\u2019ofereixen els nivells <strong>b\u00e0sic<\/strong> <strong>(A1, A2)<\/strong>, <strong>intermedi<\/strong> <strong>B1<\/strong> <strong>(B1)<\/strong> i <strong>intermedi B2<\/strong> <strong>(B2.1, B2.2)<\/strong>. En angl\u00e8s tamb\u00e9 s&#8217;ofereix el nivell<strong> avan\u00e7at (C1).\u00a0<\/strong>Les classes s\u00f3n de dues hores en dies alterns (dilluns i dimecres o dimarts i dijous) en horari \u00fanicament de tarda.<\/p>\n<p style=\"text-align: justify;\">Les Escoles Oficials d\u2019Idiomes tamb\u00e9 gestionen les certificacions acad\u00e8miques corresponents als ensenyaments reglats. <strong>Aquestes certificacions s\u00f3n reconegudes arreu de l\u2019Estat espanyol, s\u00f3n les \u00faniques oficials<\/strong>, estan validades pel Consell d\u2019Europa per mitj\u00e0 del Marc Europeu de Refer\u00e8ncia i es poden obtenir tant en convocat\u00f2ria oficial, com en convocat\u00f2ria lliure. Teniu m\u00e9s sobre certificacions informaci\u00f3 en aquest <a href=\"https:\/\/educacio.gencat.cat\/ca\/serveis-tramits\/proves\/proves-lliures-obtencio-titols\/convocat-ordinaria-idiomes\/\" target=\"_blank\" rel=\"noopener\"><span style=\"color: #33cccc;\"><strong>enlla\u00e7<\/strong><\/span><\/a>.<\/p>\n<p>&nbsp;<\/p>\n","protected":false},"excerpt":{"rendered":"<p>Les <a href=\"https:\/\/sites.google.com\/xtec.cat\/escoles-oficials-didiomes\/p%C3%A0gina-principal\" target=\"_blank\" rel=\"noopener\">Escoles Oficials d&#8217;Idiomes de Catalunya<\/a> s\u00f3n centres p\u00fablics no universitaris de r\u00e8gim especial dedicats a l\u2019&#8217;ensenyament d&#8217;idiomes moderns que depenen del Departament d\u2019Educaci\u00f3 i Formaci\u00f3 Professional de la Generalitat. Les EOIs imparteixen els ensenyaments especialitzats regulats per la LOMCE.<br \/>\nL\u2019Escola Oficial d\u2019Idiomes&hellip;  <a href=\"https:\/\/agora-eoi.xtec.cat\/eoigarraf\/el-servei-educatiu\/presentacio\/\" title=\"Read Presentaci\u00f3\">Llegeix m\u00e9s\u00bb<\/a><\/p>\n","protected":false},"author":1,"featured_media":0,"parent":806,"menu_order":10,"comment_status":"closed","ping_status":"closed","template":"page-templates\/side-menu.php","meta":{"_bbp_topic_count":0,"_bbp_reply_count":0,"_bbp_total_topic_count":0,"_bbp_total_reply_count":0,"_bbp_voice_count":0,"_bbp_anonymous_reply_count":0,"_bbp_topic_count_hidden":0,"_bbp_reply_count_hidden":0,"_bbp_forum_subforum_count":0,"footnotes":""},"class_list":["post-797","page","type-page","status-publish","hentry"],"post_mailing_queue_ids":[],"_links":{"self":[{"href":"https:\/\/agora-eoi.xtec.cat\/eoigarraf\/wp-json\/wp\/v2\/pages\/797","targetHints":{"allow":["GET"]}}],"collection":[{"href":"https:\/\/agora-eoi.xtec.cat\/eoigarraf\/wp-json\/wp\/v2\/pages"}],"about":[{"href":"https:\/\/agora-eoi.xtec.cat\/eoigarraf\/wp-json\/wp\/v2\/types\/page"}],"author":[{"embeddable":true,"href":"https:\/\/agora-eoi.xtec.cat\/eoigarraf\/wp-json\/wp\/v2\/users\/1"}],"replies":[{"embeddable":true,"href":"https:\/\/agora-eoi.xtec.cat\/eoigarraf\/wp-json\/wp\/v2\/comments?post=797"}],"version-history":[{"count":6,"href":"https:\/\/agora-eoi.xtec.cat\/eoigarraf\/wp-json\/wp\/v2\/pages\/797\/revisions"}],"predecessor-version":[{"id":12065,"href":"https:\/\/agora-eoi.xtec.cat\/eoigarraf\/wp-json\/wp\/v2\/pages\/797\/revisions\/12065"}],"up":[{"embeddable":true,"href":"https:\/\/agora-eoi.xtec.cat\/eoigarraf\/wp-json\/wp\/v2\/pages\/806"}],"wp:attachment":[{"href":"https:\/\/agora-eoi.xtec.cat\/eoigarraf\/wp-json\/wp\/v2\/media?parent=797"}],"curies":[{"name":"wp","href":"https:\/\/api.w.org\/{rel}","templated":true}]}}