{"id":11076,"date":"2023-05-15T08:20:48","date_gmt":"2023-05-15T06:20:48","guid":{"rendered":"https:\/\/agora-eoi.xtec.cat\/eoigarraf\/?page_id=11076"},"modified":"2023-05-15T08:33:13","modified_gmt":"2023-05-15T06:33:13","slug":"equipament-informatic-i-serveis-digitals","status":"publish","type":"page","link":"https:\/\/agora-eoi.xtec.cat\/eoigarraf\/estrategia-digital-de-centre-edc\/cultura-digital\/equipament-informatic-i-serveis-digitals\/","title":{"rendered":"Equipament inform\u00e0tic i serveis digitals"},"content":{"rendered":"<ul>\n<li style=\"font-weight: 400;\" aria-level=\"1\"><span style=\"font-weight: 400;\">Ordinadors de sobretaula repartits pels departaments i despatxos<\/span><\/li>\n<li style=\"font-weight: 400;\" aria-level=\"1\"><span style=\"font-weight: 400;\">Tots els despatxos i departaments disposen de connexi\u00f3 LAN a impressores i esc\u00e0ner<\/span><\/li>\n<li style=\"font-weight: 400;\" aria-level=\"1\"><span style=\"font-weight: 400;\">Port\u00e0tils per a cada docent per a \u00fas personal i dins de l\u2019aula, amb connexi\u00f3 a\u00a0 impressores i esc\u00e0ner<\/span><\/li>\n<li style=\"font-weight: 400;\" aria-level=\"1\"><span style=\"font-weight: 400;\">Connexi\u00f3 a internet a departaments i despatxos<\/span><\/li>\n<li style=\"font-weight: 400;\" aria-level=\"1\"><span style=\"font-weight: 400;\">Connexi\u00f3 WIFI a tot l\u2019edifici, amb perfils diferenciats per a professorat, alumnat i secretaria.\u00a0<\/span><\/li>\n<\/ul>\n<p><span style=\"font-weight: 400;\"><strong>Notificaci\u00f3 d\u2019incid\u00e8ncies<\/strong>: Les incid\u00e8ncies o anomalies en algun recurs TIC es transmeten al coordinador digital, qui en fa la gesti\u00f3.\u00a0<\/span><\/p>\n<p><span style=\"font-weight: 400;\"><strong>Connexi\u00f3 sense fils<\/strong>: La connexi\u00f3 WIFI del centre, a la qual hi t\u00e9 acc\u00e9s tant el professorat com l&#8217;alumnat i el PAS,\u00a0 t\u00e9 limitacions i elements de seguretat per evitar accessos no desitjats.<\/span><\/p>\n","protected":false},"excerpt":{"rendered":"<ul>\n<li style=\"font-weight: 400;\" aria-level=\"1\">Ordinadors de sobretaula repartits pels departaments i despatxos<\/li>\n<li style=\"font-weight: 400;\" aria-level=\"1\">Tots els despatxos i departaments disposen de connexi\u00f3 LAN a impressores i esc\u00e0ner<\/li>\n<li style=\"font-weight: 400;\" aria-level=\"1\">Port\u00e0tils per a cada docent per a \u00fas personal i dins de l\u2019aula, amb connexi\u00f3 a\u00a0 impressores&hellip;  <a href=\"https:\/\/agora-eoi.xtec.cat\/eoigarraf\/estrategia-digital-de-centre-edc\/cultura-digital\/equipament-informatic-i-serveis-digitals\/\" title=\"Read Equipament inform\u00e0tic i serveis digitals\">Llegeix m\u00e9s\u00bb<\/a><br \/>\n","protected":false},"author":1,"featured_media":0,"parent":11053,"menu_order":3,"comment_status":"closed","ping_status":"closed","template":"page-templates\/side-menu.php","meta":{"_bbp_topic_count":0,"_bbp_reply_count":0,"_bbp_total_topic_count":0,"_bbp_total_reply_count":0,"_bbp_voice_count":0,"_bbp_anonymous_reply_count":0,"_bbp_topic_count_hidden":0,"_bbp_reply_count_hidden":0,"_bbp_forum_subforum_count":0,"footnotes":""},"class_list":["post-11076","page","type-page","status-publish","hentry"],"post_mailing_queue_ids":[],"_links":{"self":[{"href":"https:\/\/agora-eoi.xtec.cat\/eoigarraf\/wp-json\/wp\/v2\/pages\/11076","targetHints":{"allow":["GET"]}}],"collection":[{"href":"https:\/\/agora-eoi.xtec.cat\/eoigarraf\/wp-json\/wp\/v2\/pages"}],"about":[{"href":"https:\/\/agora-eoi.xtec.cat\/eoigarraf\/wp-json\/wp\/v2\/types\/page"}],"author":[{"embeddable":true,"href":"https:\/\/agora-eoi.xtec.cat\/eoigarraf\/wp-json\/wp\/v2\/users\/1"}],"replies":[{"embeddable":true,"href":"https:\/\/agora-eoi.xtec.cat\/eoigarraf\/wp-json\/wp\/v2\/comments?post=11076"}],"version-history":[{"count":3,"href":"https:\/\/agora-eoi.xtec.cat\/eoigarraf\/wp-json\/wp\/v2\/pages\/11076\/revisions"}],"predecessor-version":[{"id":11087,"href":"https:\/\/agora-eoi.xtec.cat\/eoigarraf\/wp-json\/wp\/v2\/pages\/11076\/revisions\/11087"}],"up":[{"embeddable":true,"href":"https:\/\/agora-eoi.xtec.cat\/eoigarraf\/wp-json\/wp\/v2\/pages\/11053"}],"wp:attachment":[{"href":"https:\/\/agora-eoi.xtec.cat\/eoigarraf\/wp-json\/wp\/v2\/media?parent=11076"}],"curies":[{"name":"wp","href":"https:\/\/api.w.org\/{rel}","templated":true}]}}