{"id":11065,"date":"2023-05-08T09:50:03","date_gmt":"2023-05-08T07:50:03","guid":{"rendered":"https:\/\/agora-eoi.xtec.cat\/eoigarraf\/?page_id=11065"},"modified":"2023-07-19T09:50:36","modified_gmt":"2023-07-19T07:50:36","slug":"normativa-i-documentacio-basica","status":"publish","type":"page","link":"https:\/\/agora-eoi.xtec.cat\/eoigarraf\/estrategia-digital-de-centre-edc\/cultura-digital\/normativa-i-documentacio-basica\/","title":{"rendered":"Normativa i documentaci\u00f3 b\u00e0sica"},"content":{"rendered":"<p>La cultura digital est\u00e0 referenciada en pr\u00e0cticament tots els documents d&#8217;organitzaci\u00f3 del centre. A continuaci\u00f3 es remarquen els aspectes m\u00e9s rellevants de cada un d&#8217;ells.<\/p>\n<h3>Projecte de direcci\u00f3.<\/h3>\n<p>Dins del\u00a0Projecte de Direcci\u00f3,\u00a0la cultura digital apareix en els seg\u00fcents punts:<\/p>\n<ul>\n<li aria-level=\"1\">Oferta de cursos semipresencials.<\/li>\n<li aria-level=\"1\">Formaci\u00f3 del professorat espec\u00edfica de compet\u00e8ncies digitals.<\/li>\n<li aria-level=\"1\">Pla de Millora del Moodle.<\/li>\n<li aria-level=\"1\">Digitalitzaci\u00f3 de la gesti\u00f3 econ\u00f2mica i administrativa del centre.<\/li>\n<\/ul>\n<h3><\/h3>\n<h3><strong>PAT (Pla d&#8217;Acci\u00f3 Tutorial).<\/strong><\/h3>\n<p>Dins del PAT ( Pla d\u2019acci\u00f3 tutorial) la cultura digital apareix en els seg\u00fcents punts:<\/p>\n<p>-Especifique la funci\u00f3 de l\u2019espai Moodle com a acompanyament del proc\u00e9s d\u2019aprenentatge de l\u2019alumnat.<\/p>\n<h3><\/h3>\n<h3><strong>Projecte educatiu de centre.<\/strong><\/h3>\n<p>Dins del PEC, la cultura digital apareix en els seg\u00fcents punts:<\/p>\n<p>Objectius:<\/p>\n<p>Fomentat l\u2019us de la tecnologia de la informaci\u00f3.<\/p>\n<h3><\/h3>\n<h3>Normes d&#8217;organitzaci\u00f3 i funcionament de centre.<\/h3>\n<p>Dins de les NORFC, la cultura digital apareix en els seg\u00fcents punts:<\/p>\n<p>-En les NOFC, t\u00edtol 1r, article 16, es detallen les funcions de la coordinaci\u00f3 digital.<\/p>\n<p>-En les NORFC, Cap. 2 Secc. 5 Article 109.2.<\/p>\n<p>\u201cLa recerca, l\u2019experimentaci\u00f3 i la millora cont\u00ednua dels processos<\/p>\n<p>d\u2019ensenyament corresponent. Aquesta millora implica la integraci\u00f3 de les<\/p>\n<p>noves tecnologies a la pr\u00e0ctica docent.\u201d<\/p>\n<p>-en les NORFC, Cap 5 secc. 2 Article 136.4.<\/p>\n<p>\u201cL\u2019alumnat t\u00e9 dret a l\u2019acompanyament digital per part del centre i el professorat,<\/p>\n<p>per tal d\u2019assolir els objectiu pedag\u00f2gics.\u201d<\/p>\n<p>-En les NORFC, t\u00edtol 5\u00e8, cap\u00edtol 6 secci\u00f3 1(protecci\u00f3 de dades personals), secci\u00f3 2 (autoritzacions per a la reproducci\u00f3 d\u2019imatges d\u2019alumnes), secci\u00f3 3(la p\u00e0gina web) i secci\u00f3 4(utilitzaci\u00f3 de les xarxes socials).<\/p>\n<p>-En les NORFC, Cap. Secc. 6 Article 150 Sobre la responsabilitat en l\u2019\u00fas per part de l\u2019alumnat dels mitjans digitalsi les mesures sancionadores previstes.<\/p>\n<p>&nbsp;<\/p>\n","protected":false},"excerpt":{"rendered":"<p>La cultura digital est\u00e0 referenciada en pr\u00e0cticament tots els documents d&#8217;organitzaci\u00f3 del centre. A continuaci\u00f3 es remarquen els aspectes m\u00e9s rellevants de cada un d&#8217;ells.<br \/>\nProjecte de direcci\u00f3.<br \/>\nDins del\u00a0Projecte de Direcci\u00f3,\u00a0la cultura digital apareix en els seg\u00fcents punts:<\/p>\n<ul>\n<li aria-level=\"1\">Oferta de cursos semipresencials.<\/li>\n<li aria-level=\"1\">Formaci\u00f3 del professorat espec\u00edfica&hellip;  <a href=\"https:\/\/agora-eoi.xtec.cat\/eoigarraf\/estrategia-digital-de-centre-edc\/cultura-digital\/normativa-i-documentacio-basica\/\" title=\"Read Normativa i documentaci\u00f3 b\u00e0sica\">Llegeix m\u00e9s\u00bb<\/a><br \/>\n","protected":false},"author":1,"featured_media":0,"parent":11053,"menu_order":1,"comment_status":"closed","ping_status":"closed","template":"page-templates\/side-menu.php","meta":{"_bbp_topic_count":0,"_bbp_reply_count":0,"_bbp_total_topic_count":0,"_bbp_total_reply_count":0,"_bbp_voice_count":0,"_bbp_anonymous_reply_count":0,"_bbp_topic_count_hidden":0,"_bbp_reply_count_hidden":0,"_bbp_forum_subforum_count":0,"footnotes":""},"class_list":["post-11065","page","type-page","status-publish","hentry"],"post_mailing_queue_ids":[],"_links":{"self":[{"href":"https:\/\/agora-eoi.xtec.cat\/eoigarraf\/wp-json\/wp\/v2\/pages\/11065","targetHints":{"allow":["GET"]}}],"collection":[{"href":"https:\/\/agora-eoi.xtec.cat\/eoigarraf\/wp-json\/wp\/v2\/pages"}],"about":[{"href":"https:\/\/agora-eoi.xtec.cat\/eoigarraf\/wp-json\/wp\/v2\/types\/page"}],"author":[{"embeddable":true,"href":"https:\/\/agora-eoi.xtec.cat\/eoigarraf\/wp-json\/wp\/v2\/users\/1"}],"replies":[{"embeddable":true,"href":"https:\/\/agora-eoi.xtec.cat\/eoigarraf\/wp-json\/wp\/v2\/comments?post=11065"}],"version-history":[{"count":3,"href":"https:\/\/agora-eoi.xtec.cat\/eoigarraf\/wp-json\/wp\/v2\/pages\/11065\/revisions"}],"predecessor-version":[{"id":11464,"href":"https:\/\/agora-eoi.xtec.cat\/eoigarraf\/wp-json\/wp\/v2\/pages\/11065\/revisions\/11464"}],"up":[{"embeddable":true,"href":"https:\/\/agora-eoi.xtec.cat\/eoigarraf\/wp-json\/wp\/v2\/pages\/11053"}],"wp:attachment":[{"href":"https:\/\/agora-eoi.xtec.cat\/eoigarraf\/wp-json\/wp\/v2\/media?parent=11065"}],"curies":[{"name":"wp","href":"https:\/\/api.w.org\/{rel}","templated":true}]}}