{"id":10382,"date":"2022-05-04T11:24:18","date_gmt":"2022-05-04T09:24:18","guid":{"rendered":"https:\/\/agora-eoi.xtec.cat\/eoigarraf\/?page_id=10382"},"modified":"2024-05-22T11:08:22","modified_gmt":"2024-05-22T09:08:22","slug":"sollicitud-de-canvi-de-data-dexamen","status":"publish","type":"page","link":"https:\/\/agora-eoi.xtec.cat\/eoigarraf\/secretaria\/instancies-i-solicituts\/sollicitud-de-canvi-de-data-dexamen\/","title":{"rendered":"Sol\u00b7licitud de canvi de data d&#8217;ex\u00e0men final"},"content":{"rendered":"<p>Podeu descarregar-vos un model de <b>sol\u00b7licitud de canvi de data d&#8217;examen final <\/b>des d&#8217;aquest <a href=\"https:\/\/agora-eoi.xtec.cat\/eoigarraf\/wp-content\/uploads\/usu2250\/2024\/05\/Sollicitud_de_canvi_de_data_dexamen.pdf\" target=\"_blank\" rel=\"noopener\"><strong>enlla\u00e7<\/strong><\/a>.<\/p>\n<hr \/>\n<p>\u2022 Empleneu-la i lliureu-la a la <strong>secretaria del centre<\/strong> en <a href=\"https:\/\/agora-eoi.xtec.cat\/eoigarraf\/secretaria\/horari\/\" target=\"_blank\" rel=\"noopener\">horari d\u2019atenci\u00f3<\/a> al p\u00fablic o b\u00e9 feu-nos-la arribar per <strong>correu electr\u00f2nic<\/strong>.<br \/>\n\u2022 No oblideu aportar\/adjuntar la <strong>documentaci\u00f3<\/strong> necess\u00e0ria per a la sol\u00b7licitud efectuada.<br \/>\n\u2022 Tots els camps del formulari s\u00f3n obligatoris.<\/p>\n","protected":false},"excerpt":{"rendered":"<p>Podeu descarregar-vos un model de sol\u00b7licitud de canvi de data d&#8217;examen final des d&#8217;aquest <a href=\"https:\/\/agora-eoi.xtec.cat\/eoigarraf\/wp-content\/uploads\/usu2250\/2024\/05\/Sollicitud_de_canvi_de_data_dexamen.pdf\" target=\"_blank\" rel=\"noopener\">enlla\u00e7<\/a>.<\/p>\n<p>\u2022 Empleneu-la i lliureu-la a la secretaria del centre en <a href=\"https:\/\/agora-eoi.xtec.cat\/eoigarraf\/secretaria\/horari\/\" target=\"_blank\" rel=\"noopener\">horari d\u2019atenci\u00f3<\/a> al p\u00fablic o b\u00e9 feu-nos-la arribar per correu electr\u00f2nic.<br \/>\n\u2022 No oblideu aportar\/adjuntar la&hellip;  <a href=\"https:\/\/agora-eoi.xtec.cat\/eoigarraf\/secretaria\/instancies-i-solicituts\/sollicitud-de-canvi-de-data-dexamen\/\" title=\"Read Sol\u00b7licitud de canvi de data d&#8217;ex\u00e0men final\">Llegeix m\u00e9s\u00bb<\/a><\/p>\n","protected":false},"author":1,"featured_media":0,"parent":8370,"menu_order":11,"comment_status":"closed","ping_status":"closed","template":"page-templates\/side-menu.php","meta":{"_bbp_topic_count":0,"_bbp_reply_count":0,"_bbp_total_topic_count":0,"_bbp_total_reply_count":0,"_bbp_voice_count":0,"_bbp_anonymous_reply_count":0,"_bbp_topic_count_hidden":0,"_bbp_reply_count_hidden":0,"_bbp_forum_subforum_count":0,"footnotes":""},"class_list":["post-10382","page","type-page","status-publish","hentry"],"post_mailing_queue_ids":[],"_links":{"self":[{"href":"https:\/\/agora-eoi.xtec.cat\/eoigarraf\/wp-json\/wp\/v2\/pages\/10382","targetHints":{"allow":["GET"]}}],"collection":[{"href":"https:\/\/agora-eoi.xtec.cat\/eoigarraf\/wp-json\/wp\/v2\/pages"}],"about":[{"href":"https:\/\/agora-eoi.xtec.cat\/eoigarraf\/wp-json\/wp\/v2\/types\/page"}],"author":[{"embeddable":true,"href":"https:\/\/agora-eoi.xtec.cat\/eoigarraf\/wp-json\/wp\/v2\/users\/1"}],"replies":[{"embeddable":true,"href":"https:\/\/agora-eoi.xtec.cat\/eoigarraf\/wp-json\/wp\/v2\/comments?post=10382"}],"version-history":[{"count":4,"href":"https:\/\/agora-eoi.xtec.cat\/eoigarraf\/wp-json\/wp\/v2\/pages\/10382\/revisions"}],"predecessor-version":[{"id":11703,"href":"https:\/\/agora-eoi.xtec.cat\/eoigarraf\/wp-json\/wp\/v2\/pages\/10382\/revisions\/11703"}],"up":[{"embeddable":true,"href":"https:\/\/agora-eoi.xtec.cat\/eoigarraf\/wp-json\/wp\/v2\/pages\/8370"}],"wp:attachment":[{"href":"https:\/\/agora-eoi.xtec.cat\/eoigarraf\/wp-json\/wp\/v2\/media?parent=10382"}],"curies":[{"name":"wp","href":"https:\/\/api.w.org\/{rel}","templated":true}]}}