{"id":10377,"date":"2022-05-04T11:17:53","date_gmt":"2022-05-04T09:17:53","guid":{"rendered":"https:\/\/agora-eoi.xtec.cat\/eoigarraf\/?page_id=10377"},"modified":"2024-05-22T11:07:23","modified_gmt":"2024-05-22T09:07:23","slug":"autoritzacio-dalumnat-menor-dedat","status":"publish","type":"page","link":"https:\/\/agora-eoi.xtec.cat\/eoigarraf\/secretaria\/instancies-i-solicituts\/autoritzacio-dalumnat-menor-dedat\/","title":{"rendered":"Autoritzaci\u00f3 d&#8217;alumnat menor d&#8217;edat"},"content":{"rendered":"<p>Podeu descarregar-vos un model d&#8217;<strong>autoritzaci\u00f3 d&#8217;alumnat menor<\/strong> des d&#8217;aquest <a href=\"https:\/\/agora-eoi.xtec.cat\/eoigarraf\/wp-content\/uploads\/usu2250\/2024\/05\/Autoritzacio_alumnes_menor_dedat.pdf\" target=\"_blank\" rel=\"noopener\"><strong>enlla\u00e7<\/strong><\/a>.<\/p>\n<hr \/>\n<p>\u2022 Empleneu-la i lliureu-la a la <strong>secretaria del centre<\/strong> en <a href=\"https:\/\/agora-eoi.xtec.cat\/eoigarraf\/secretaria\/horari\/\" target=\"_blank\" rel=\"noopener\">horari d\u2019atenci\u00f3<\/a> al p\u00fablic o b\u00e9 feu-nos-la arribar per <strong>correu electr\u00f2nic<\/strong>.<br \/>\n\u2022 Aquesta autoritzaci\u00f3 haur\u00e0 de fer-se arribar a la secretaria del centre <strong>tan bon punt es faci la matr\u00edcula<\/strong>.<br \/>\n\u2022 Tots els camps del formulari s\u00f3n obligatoris.<\/p>\n<p>&nbsp;<\/p>\n<p>&nbsp;<\/p>\n<p>&nbsp;<\/p>\n<p>&nbsp;<\/p>\n","protected":false},"excerpt":{"rendered":"<p>Podeu descarregar-vos un model d&#8217;autoritzaci\u00f3 d&#8217;alumnat menor des d&#8217;aquest <a href=\"https:\/\/agora-eoi.xtec.cat\/eoigarraf\/wp-content\/uploads\/usu2250\/2024\/05\/Autoritzacio_alumnes_menor_dedat.pdf\" target=\"_blank\" rel=\"noopener\">enlla\u00e7<\/a>.<\/p>\n<p>\u2022 Empleneu-la i lliureu-la a la secretaria del centre en <a href=\"https:\/\/agora-eoi.xtec.cat\/eoigarraf\/secretaria\/horari\/\" target=\"_blank\" rel=\"noopener\">horari d\u2019atenci\u00f3<\/a> al p\u00fablic o b\u00e9 feu-nos-la arribar per correu electr\u00f2nic.<br \/>\n\u2022 Aquesta autoritzaci\u00f3 haur\u00e0 de fer-se arribar a la secretaria&hellip;  <a href=\"https:\/\/agora-eoi.xtec.cat\/eoigarraf\/secretaria\/instancies-i-solicituts\/autoritzacio-dalumnat-menor-dedat\/\" title=\"Read Autoritzaci\u00f3 d&#8217;alumnat menor d&#8217;edat\">Llegeix m\u00e9s\u00bb<\/a><\/p>\n","protected":false},"author":1,"featured_media":0,"parent":8370,"menu_order":10,"comment_status":"closed","ping_status":"closed","template":"page-templates\/side-menu.php","meta":{"_bbp_topic_count":0,"_bbp_reply_count":0,"_bbp_total_topic_count":0,"_bbp_total_reply_count":0,"_bbp_voice_count":0,"_bbp_anonymous_reply_count":0,"_bbp_topic_count_hidden":0,"_bbp_reply_count_hidden":0,"_bbp_forum_subforum_count":0,"footnotes":""},"class_list":["post-10377","page","type-page","status-publish","hentry"],"post_mailing_queue_ids":[],"_links":{"self":[{"href":"https:\/\/agora-eoi.xtec.cat\/eoigarraf\/wp-json\/wp\/v2\/pages\/10377","targetHints":{"allow":["GET"]}}],"collection":[{"href":"https:\/\/agora-eoi.xtec.cat\/eoigarraf\/wp-json\/wp\/v2\/pages"}],"about":[{"href":"https:\/\/agora-eoi.xtec.cat\/eoigarraf\/wp-json\/wp\/v2\/types\/page"}],"author":[{"embeddable":true,"href":"https:\/\/agora-eoi.xtec.cat\/eoigarraf\/wp-json\/wp\/v2\/users\/1"}],"replies":[{"embeddable":true,"href":"https:\/\/agora-eoi.xtec.cat\/eoigarraf\/wp-json\/wp\/v2\/comments?post=10377"}],"version-history":[{"count":5,"href":"https:\/\/agora-eoi.xtec.cat\/eoigarraf\/wp-json\/wp\/v2\/pages\/10377\/revisions"}],"predecessor-version":[{"id":11702,"href":"https:\/\/agora-eoi.xtec.cat\/eoigarraf\/wp-json\/wp\/v2\/pages\/10377\/revisions\/11702"}],"up":[{"embeddable":true,"href":"https:\/\/agora-eoi.xtec.cat\/eoigarraf\/wp-json\/wp\/v2\/pages\/8370"}],"wp:attachment":[{"href":"https:\/\/agora-eoi.xtec.cat\/eoigarraf\/wp-json\/wp\/v2\/media?parent=10377"}],"curies":[{"name":"wp","href":"https:\/\/api.w.org\/{rel}","templated":true}]}}