{"id":10365,"date":"2022-05-04T11:01:00","date_gmt":"2022-05-04T09:01:00","guid":{"rendered":"https:\/\/agora-eoi.xtec.cat\/eoigarraf\/?page_id=10365"},"modified":"2026-02-09T08:51:55","modified_gmt":"2026-02-09T07:51:55","slug":"sollicitud-de-titol-academic-nivells-b2-i-c1","status":"publish","type":"page","link":"https:\/\/agora-eoi.xtec.cat\/eoigarraf\/secretaria\/instancies-i-solicituts\/sollicitud-de-titol-academic-nivells-b2-i-c1\/","title":{"rendered":"Sol\u00b7licitud de t\u00edtol acad\u00e8mic (nivells B2 i C1)"},"content":{"rendered":"<p>Els certificats d&#8217;idiomes dels nivells intermedi B2, avan\u00e7at C1 i avan\u00e7at C2 es tramitaran mitjan\u00e7ant l\u2019aplicaci\u00f3 <em>Registre i tramitaci\u00f3 de t\u00edtols (RTT).<\/em><\/p>\n<p>At\u00e8s que aquests certificats corresponen a ensenyaments no obligatoris, la seva tramitaci\u00f3 <strong>ja no es far\u00e0 presencialment des de l\u2019EOI<\/strong> sin\u00f3 que l\u2019alumnat haur\u00e0 de sol\u00b7licitar el seu certificat a trav\u00e9s d\u2019un tr\u00e0mit espec\u00edfic que nom\u00e9s podr\u00e0 fer-se de forma telem\u00e0tica. Aquest \u00e9s l\u2019enlla\u00e7 a l&#8217;aplicaci\u00f3:<\/p>\n<p><a href=\"https:\/\/web.gencat.cat\/ca\/tramits\/tramits-temes\/titols-academics-no-universitaris?category=742b7874-a82c-11e3-a972-000c29052e2c\" target=\"_blank\" rel=\"noopener\"><img loading=\"lazy\" decoding=\"async\" class=\"alignnone size-full wp-image-12213\" src=\"https:\/\/agora-eoi.xtec.cat\/eoigarraf\/wp-content\/uploads\/usu2250\/2026\/02\/enllac_tramitador.png\" alt=\"\" width=\"235\" height=\"43\" \/><\/a><\/p>\n<p><strong>Important<\/strong>: Un cop fet el tr\u00e0mit haureu de contactar per correu electr\u00f2nic amb la secretaria de la vostra EOI per tal d&#8217;informar-los que s&#8217;ha fet una sol\u00b7licitud de t\u00edtol i que, si \u00e9s el cas, es validin les dades personals i\/o econ\u00f2miques.<\/p>\n<p>Un cop el t\u00edtol s\u2019hagi expedit, rebreu un av\u00eds per correu electr\u00f2nic per passar a recollir-lo.<\/p>\n<hr \/>\n<p><strong>Sol\u00b7licitud de duplicats<\/strong><\/p>\n<p>L\u2019alumnat tamb\u00e9 pot sol\u00b7licitar a trav\u00e9s d\u2019aquest mateix enlla\u00e7 al tr\u00e0mit en l\u00ednia es dupliqui o s&#8217;actualitzi el seu certificat d&#8217;idiomes.<\/p>\n<p>&nbsp;<\/p>\n","protected":false},"excerpt":{"rendered":"<p>Els certificats d&#8217;idiomes dels nivells intermedi B2, avan\u00e7at C1 i avan\u00e7at C2 es tramitaran mitjan\u00e7ant l\u2019aplicaci\u00f3 Registre i tramitaci\u00f3 de t\u00edtols (RTT).<br \/>\nAt\u00e8s que aquests certificats corresponen a ensenyaments no obligatoris, la seva tramitaci\u00f3 ja no es far\u00e0 presencialment des de l\u2019EOI sin\u00f3 que l\u2019alumnat haur\u00e0&hellip;  <a href=\"https:\/\/agora-eoi.xtec.cat\/eoigarraf\/secretaria\/instancies-i-solicituts\/sollicitud-de-titol-academic-nivells-b2-i-c1\/\" title=\"Read Sol\u00b7licitud de t\u00edtol acad\u00e8mic (nivells B2 i C1)\">Llegeix m\u00e9s\u00bb<\/a><\/p>\n","protected":false},"author":1,"featured_media":0,"parent":8370,"menu_order":8,"comment_status":"closed","ping_status":"closed","template":"page-templates\/side-menu.php","meta":{"_bbp_topic_count":0,"_bbp_reply_count":0,"_bbp_total_topic_count":0,"_bbp_total_reply_count":0,"_bbp_voice_count":0,"_bbp_anonymous_reply_count":0,"_bbp_topic_count_hidden":0,"_bbp_reply_count_hidden":0,"_bbp_forum_subforum_count":0,"footnotes":""},"class_list":["post-10365","page","type-page","status-publish","hentry"],"post_mailing_queue_ids":[],"_links":{"self":[{"href":"https:\/\/agora-eoi.xtec.cat\/eoigarraf\/wp-json\/wp\/v2\/pages\/10365","targetHints":{"allow":["GET"]}}],"collection":[{"href":"https:\/\/agora-eoi.xtec.cat\/eoigarraf\/wp-json\/wp\/v2\/pages"}],"about":[{"href":"https:\/\/agora-eoi.xtec.cat\/eoigarraf\/wp-json\/wp\/v2\/types\/page"}],"author":[{"embeddable":true,"href":"https:\/\/agora-eoi.xtec.cat\/eoigarraf\/wp-json\/wp\/v2\/users\/1"}],"replies":[{"embeddable":true,"href":"https:\/\/agora-eoi.xtec.cat\/eoigarraf\/wp-json\/wp\/v2\/comments?post=10365"}],"version-history":[{"count":6,"href":"https:\/\/agora-eoi.xtec.cat\/eoigarraf\/wp-json\/wp\/v2\/pages\/10365\/revisions"}],"predecessor-version":[{"id":12220,"href":"https:\/\/agora-eoi.xtec.cat\/eoigarraf\/wp-json\/wp\/v2\/pages\/10365\/revisions\/12220"}],"up":[{"embeddable":true,"href":"https:\/\/agora-eoi.xtec.cat\/eoigarraf\/wp-json\/wp\/v2\/pages\/8370"}],"wp:attachment":[{"href":"https:\/\/agora-eoi.xtec.cat\/eoigarraf\/wp-json\/wp\/v2\/media?parent=10365"}],"curies":[{"name":"wp","href":"https:\/\/api.w.org\/{rel}","templated":true}]}}