{"id":10359,"date":"2022-05-04T10:57:06","date_gmt":"2022-05-04T08:57:06","guid":{"rendered":"https:\/\/agora-eoi.xtec.cat\/eoigarraf\/?page_id=10359"},"modified":"2022-05-04T10:59:56","modified_gmt":"2022-05-04T08:59:56","slug":"sollicitud-de-canvi-dhorari-lectiu","status":"publish","type":"page","link":"https:\/\/agora-eoi.xtec.cat\/eoigarraf\/secretaria\/instancies-i-solicituts\/sollicitud-de-canvi-dhorari-lectiu\/","title":{"rendered":"Sol\u00b7licitud de canvi d&#8217;horari lectiu"},"content":{"rendered":"<p>Aquest canvi es gestionar\u00e0 sempre des de secretaria. Quan el canvi sigui possible els alumnes seran informats presencialment, per tel\u00e8fon o per correu electr\u00f2nic. Des de secretaria es faran tamb\u00e9 els canvis necessaris i se n\u2019informar\u00e0 els professors afectats.<\/p>\n<p>Els alumnes podran demanar el canvi a 3 horaris diferents com a m\u00e0xim. Cas que la persona sol\u00b7licitant sigui menor d\u2019edat, el pare\/mare\/representant legal haur\u00e0 d\u2019emplenar l&#8217;impr\u00e8s de canvi d&#8217;horari.<\/p>\n<hr \/>\n<p>Podeu descarregar-vos un model de <strong>sol\u00b7licitud de cavi d&#8217;horari <\/strong>des d&#8217;aquest <a href=\"https:\/\/agora-eoi.xtec.cat\/eoigarraf\/wp-content\/uploads\/usu2250\/2022\/05\/Sollicitud_de_canvi_horari_new-formulari.pdf\" target=\"_blank\" rel=\"noopener\"><strong>enlla\u00e7<\/strong><\/a>.<\/p>\n<p>\u2022 Empleneu-la i lliureu-la a la <strong>secretaria del centre<\/strong> en <a href=\"https:\/\/agora-eoi.xtec.cat\/eoigarraf\/secretaria\/horari\/\" target=\"_blank\" rel=\"noopener\">horari d\u2019atenci\u00f3<\/a> al p\u00fablic o b\u00e9 feu-nos-la arribar per <strong>correu electr\u00f2nic<\/strong>.<br \/>\n\u2022 Tots els camps del formulari s\u00f3n obligatoris.<\/p>\n","protected":false},"excerpt":{"rendered":"<p>Aquest canvi es gestionar\u00e0 sempre des de secretaria. Quan el canvi sigui possible els alumnes seran informats presencialment, per tel\u00e8fon o per correu electr\u00f2nic. Des de secretaria es faran tamb\u00e9 els canvis necessaris i se n\u2019informar\u00e0 els professors afectats.<br \/>\nEls alumnes podran demanar el canvi a&hellip;  <a href=\"https:\/\/agora-eoi.xtec.cat\/eoigarraf\/secretaria\/instancies-i-solicituts\/sollicitud-de-canvi-dhorari-lectiu\/\" title=\"Read Sol\u00b7licitud de canvi d&#8217;horari lectiu\">Llegeix m\u00e9s\u00bb<\/a><\/p>\n","protected":false},"author":1,"featured_media":0,"parent":8370,"menu_order":7,"comment_status":"closed","ping_status":"closed","template":"page-templates\/side-menu.php","meta":{"_bbp_topic_count":0,"_bbp_reply_count":0,"_bbp_total_topic_count":0,"_bbp_total_reply_count":0,"_bbp_voice_count":0,"_bbp_anonymous_reply_count":0,"_bbp_topic_count_hidden":0,"_bbp_reply_count_hidden":0,"_bbp_forum_subforum_count":0,"footnotes":""},"class_list":["post-10359","page","type-page","status-publish","hentry"],"post_mailing_queue_ids":[],"_links":{"self":[{"href":"https:\/\/agora-eoi.xtec.cat\/eoigarraf\/wp-json\/wp\/v2\/pages\/10359","targetHints":{"allow":["GET"]}}],"collection":[{"href":"https:\/\/agora-eoi.xtec.cat\/eoigarraf\/wp-json\/wp\/v2\/pages"}],"about":[{"href":"https:\/\/agora-eoi.xtec.cat\/eoigarraf\/wp-json\/wp\/v2\/types\/page"}],"author":[{"embeddable":true,"href":"https:\/\/agora-eoi.xtec.cat\/eoigarraf\/wp-json\/wp\/v2\/users\/1"}],"replies":[{"embeddable":true,"href":"https:\/\/agora-eoi.xtec.cat\/eoigarraf\/wp-json\/wp\/v2\/comments?post=10359"}],"version-history":[{"count":2,"href":"https:\/\/agora-eoi.xtec.cat\/eoigarraf\/wp-json\/wp\/v2\/pages\/10359\/revisions"}],"predecessor-version":[{"id":10364,"href":"https:\/\/agora-eoi.xtec.cat\/eoigarraf\/wp-json\/wp\/v2\/pages\/10359\/revisions\/10364"}],"up":[{"embeddable":true,"href":"https:\/\/agora-eoi.xtec.cat\/eoigarraf\/wp-json\/wp\/v2\/pages\/8370"}],"wp:attachment":[{"href":"https:\/\/agora-eoi.xtec.cat\/eoigarraf\/wp-json\/wp\/v2\/media?parent=10359"}],"curies":[{"name":"wp","href":"https:\/\/api.w.org\/{rel}","templated":true}]}}