{"id":10351,"date":"2022-05-04T10:37:54","date_gmt":"2022-05-04T08:37:54","guid":{"rendered":"https:\/\/agora-eoi.xtec.cat\/eoigarraf\/?page_id=10351"},"modified":"2024-05-22T11:18:03","modified_gmt":"2024-05-22T09:18:03","slug":"sollicitud-de-convocatoria-addicional","status":"publish","type":"page","link":"https:\/\/agora-eoi.xtec.cat\/eoigarraf\/secretaria\/instancies-i-solicituts\/sollicitud-de-convocatoria-addicional\/","title":{"rendered":"Sol\u00b7licitud de convocat\u00f2ria addicional"},"content":{"rendered":"<h5><strong>Perman\u00e8ncia en els estudis<\/strong><\/h5>\n<p>En cadascun dels nivells b\u00e0sic, intermedi B1, intermedi B2 i avan\u00e7at C1, l&#8217;alumne o alumna t\u00e9 dret a romandre matriculat en r\u00e8gim d&#8217;ensenyament oficial, modalitat presencial, durant un m\u00e0xim de cursos acad\u00e8mics equivalents al doble dels cursos de qu\u00e8 consta el nivell per a l&#8217;idioma corresponent.<\/p>\n<p>L&#8217;alumne o alumna que cursa per tercera vegada el primer curs del nivell b\u00e0sic o del nivell intermedi B2, i no el supera, no pot cursar-lo una altra vegada. Si s&#8217;accedeix directament al segon curs del nivell b\u00e0sic o al segon curs del nivell intermedi B2, el pot cursar un m\u00e0xim de dues vegades.<\/p>\n<p>En casos excepcionals, que ha de valorar el director o directora de l&#8217;escola, es pot autoritzar la repetici\u00f3 o perman\u00e8ncia d&#8217;un curs m\u00e9s, en r\u00e8gim oficial presencial, a l&#8217;alumne o alumna que ho sol\u00b7liciti, quan ja hagi superat el nombre m\u00e0xim de cursos de perman\u00e8ncia autoritzats amb car\u00e0cter general per al nivell corresponent. Es pot concedir una \u00fanica convocat\u00f2ria addicional per nivell.<\/p>\n<hr \/>\n<p>Podeu descarregar-vos un model de <strong>sol\u2022licitud de convocat\u00f2ria addicional <\/strong>des d&#8217;aquest <a href=\"https:\/\/agora-eoi.xtec.cat\/eoigarraf\/wp-content\/uploads\/usu2250\/2024\/05\/Sollicitud_convocatoria_addicional-1.pdf\" target=\"_blank\" rel=\"noopener\"><strong>enlla\u00e7<\/strong>.<\/a><\/p>\n<p>\u2022 Empleneu-la i lliureu-la a la <strong>secretaria del centre<\/strong> en <a href=\"https:\/\/agora-eoi.xtec.cat\/eoigarraf\/secretaria\/horari\/\" target=\"_blank\" rel=\"noopener\">horari d\u2019atenci\u00f3<\/a> al p\u00fablic o b\u00e9 feu-nos-la arribar per <strong>correu electr\u00f2nic<\/strong>.<br \/>\n\u2022 Tots els camps del formulari s\u00f3n obligatoris.<\/p>\n","protected":false},"excerpt":{"rendered":"<p>Perman\u00e8ncia en els estudis<br \/>\nEn cadascun dels nivells b\u00e0sic, intermedi B1, intermedi B2 i avan\u00e7at C1, l&#8217;alumne o alumna t\u00e9 dret a romandre matriculat en r\u00e8gim d&#8217;ensenyament oficial, modalitat presencial, durant un m\u00e0xim de cursos acad\u00e8mics equivalents al doble dels cursos de qu\u00e8 consta el nivell&hellip;  <a href=\"https:\/\/agora-eoi.xtec.cat\/eoigarraf\/secretaria\/instancies-i-solicituts\/sollicitud-de-convocatoria-addicional\/\" title=\"Read Sol\u00b7licitud de convocat\u00f2ria addicional\">Llegeix m\u00e9s\u00bb<\/a><\/p>\n","protected":false},"author":1,"featured_media":0,"parent":8370,"menu_order":6,"comment_status":"closed","ping_status":"closed","template":"page-templates\/side-menu.php","meta":{"_bbp_topic_count":0,"_bbp_reply_count":0,"_bbp_total_topic_count":0,"_bbp_total_reply_count":0,"_bbp_voice_count":0,"_bbp_anonymous_reply_count":0,"_bbp_topic_count_hidden":0,"_bbp_reply_count_hidden":0,"_bbp_forum_subforum_count":0,"footnotes":""},"class_list":["post-10351","page","type-page","status-publish","hentry"],"post_mailing_queue_ids":[],"_links":{"self":[{"href":"https:\/\/agora-eoi.xtec.cat\/eoigarraf\/wp-json\/wp\/v2\/pages\/10351","targetHints":{"allow":["GET"]}}],"collection":[{"href":"https:\/\/agora-eoi.xtec.cat\/eoigarraf\/wp-json\/wp\/v2\/pages"}],"about":[{"href":"https:\/\/agora-eoi.xtec.cat\/eoigarraf\/wp-json\/wp\/v2\/types\/page"}],"author":[{"embeddable":true,"href":"https:\/\/agora-eoi.xtec.cat\/eoigarraf\/wp-json\/wp\/v2\/users\/1"}],"replies":[{"embeddable":true,"href":"https:\/\/agora-eoi.xtec.cat\/eoigarraf\/wp-json\/wp\/v2\/comments?post=10351"}],"version-history":[{"count":6,"href":"https:\/\/agora-eoi.xtec.cat\/eoigarraf\/wp-json\/wp\/v2\/pages\/10351\/revisions"}],"predecessor-version":[{"id":10355,"href":"https:\/\/agora-eoi.xtec.cat\/eoigarraf\/wp-json\/wp\/v2\/pages\/10351\/revisions\/10355"}],"up":[{"embeddable":true,"href":"https:\/\/agora-eoi.xtec.cat\/eoigarraf\/wp-json\/wp\/v2\/pages\/8370"}],"wp:attachment":[{"href":"https:\/\/agora-eoi.xtec.cat\/eoigarraf\/wp-json\/wp\/v2\/media?parent=10351"}],"curies":[{"name":"wp","href":"https:\/\/api.w.org\/{rel}","templated":true}]}}