{"id":10344,"date":"2022-05-04T10:25:45","date_gmt":"2022-05-04T08:25:45","guid":{"rendered":"https:\/\/agora-eoi.xtec.cat\/eoigarraf\/?page_id=10344"},"modified":"2025-09-23T10:36:07","modified_gmt":"2025-09-23T08:36:07","slug":"sollicitud-de-devolucio-de-taxes-cursos-reglats","status":"publish","type":"page","link":"https:\/\/agora-eoi.xtec.cat\/eoigarraf\/secretaria\/instancies-i-solicituts\/sollicitud-de-devolucio-de-taxes-cursos-reglats\/","title":{"rendered":"Sol\u00b7licitud de devoluci\u00f3 de taxes (cursos reglats)"},"content":{"rendered":"<p>Des del dia 1 de juliol 2022 s\u2019ha posat en marxa, a la web de Tr\u00e0mits Gencat, el nou <strong>tr\u00e0mit electr\u00f2nic<\/strong> per a sol\u00b7licitar la devoluci\u00f3 de les taxes i els preus p\u00fablics gestionats pel Departament d\u2019Educaci\u00f3.<\/p>\n<h5><strong>Devoluci\u00f3 de la matr\u00edcula<\/strong><\/h5>\n<p>Pel que fa refer\u00e8ncia a les <strong>matr\u00edcules<\/strong>, mitjan\u00e7ant aquest tr\u00e0mit, l\u2019alumnat de les Escoles Oficials d\u2019Idiomes pot sol\u00b7licitar la devoluci\u00f3 de les seg\u00fcents taxes i preus p\u00fablics:<\/p>\n<ul>\n<li>Taxa de matr\u00edcula dels nivells B1 i B2.<\/li>\n<li>Preu p\u00fablic de matr\u00edcula dels nivells A1, A2, C1 i C2.<\/li>\n<\/ul>\n<p>Els alumnes que desitgin sol\u00b7licitar la devoluci\u00f3, hauran d\u2019accedir a:<\/p>\n<p><a href=\"https:\/\/web.gencat.cat\/ca\/tramits\/tramits-temes\/devolucio-ingressos-indeguts\" target=\"_blank\" rel=\"noopener\">https:\/\/web.gencat.cat\/ca\/tramits\/tramits-temes\/devolucio-ingressos-indeguts<\/a><\/p>\n<p>Des d\u2019aquest enlla\u00e7 es podr\u00e0 emplenar el formulari de sol\u00b7licitud, que arribar\u00e0 directament al Servei de Gesti\u00f3 Pressupost\u00e0ria per a la seva tramitaci\u00f3. Cal que tingueu en compte que les sol\u00b7licituds de devoluci\u00f3 motivades per una ren\u00fancia dintre del termini previst seran desestimades\u00a0 si no van <strong>acompanyades del corresponent full de ren\u00fancia signat per l\u2019alumne i registrat (amb data i segell) per l\u2019EOI<\/strong>. Podeu descarregar-vos la sol\u00b7licitud de ren\u00fancia des d\u2019aquest <a href=\"https:\/\/agora-eoi.xtec.cat\/eoigarraf\/wp-content\/uploads\/usu2250\/2025\/09\/A1404_Formulari-renuncia-EOI-en-paper.pdf\" target=\"_blank\" rel=\"noopener\"><strong>enlla\u00e7 <\/strong><\/a>o b\u00e9 sol\u00b7licitar-la a l\u2019EOI.<\/p>\n<p>Per qualsevol dubte o consulta, podeu adre\u00e7ar-vos a <a href=\"mailto:gestioingressos.educacio@gencat.cat\">gestioingressos.educacio@gencat.cat<\/a><\/p>\n<hr \/>\n<h5><strong>Devoluci\u00f3 de la q\u00fcota de material<\/strong><\/h5>\n<p>Pel que fa refer\u00e8ncia a la devoluci\u00f3 del preu pels <strong>serveis d\u2019acc\u00e9s a la plataforma i materials did\u00e0ctics<\/strong> dels ensenyaments d\u2019idiomes ha de sol\u00b7licitar-se directament a l&#8217;EOI on s&#8217;ha fet la matr\u00edcula. Caldr\u00e0 emplenar un formulari que nom\u00e9s t\u00e9 validesa amb el n\u00famero de registre, data i segell de l\u2019EOI. Podeu demanar el formulari a la secretaria del centre en horari d\u2019atenci\u00f3 al p\u00fablic o descarregar-lo des d\u2019aquest <strong><a href=\"https:\/\/agora-eoi.xtec.cat\/eoigarraf\/wp-content\/uploads\/usu2250\/2022\/07\/Sollicitud_de_devolucio_material.pdf\" target=\"_blank\" rel=\"noopener\">enlla\u00e7<\/a><\/strong>.<\/p>\n<hr \/>\n<h5><strong>Data l\u00edmit de sol\u00b7licitud<\/strong><\/h5>\n<p>En ambd\u00f3s casos, la data l\u00edmit de retorn de taxes per ren\u00fancia de matr\u00edcula \u00e9s el dijous <span style=\"color: #ff0000;\"><strong>10 d\u2019octubre de 2025<\/strong><\/span>.<\/p>\n<p>S\u2019ha de tenir en compte que la ren\u00fancia a la matr\u00edcula oficial amb devoluci\u00f3 de taxa suposa l&#8217;anul\u00b7laci\u00f3 de la matr\u00edcula a tots els efectes, l&#8217;exclusi\u00f3 de la matr\u00edcula de l&#8217;expedient acad\u00e8mic de l&#8217;alumne o alumna i, per tant, la ren\u00fancia a assistir a les classes.<\/p>\n","protected":false},"excerpt":{"rendered":"<p>Des del dia 1 de juliol 2022 s\u2019ha posat en marxa, a la web de Tr\u00e0mits Gencat, el nou tr\u00e0mit electr\u00f2nic per a sol\u00b7licitar la devoluci\u00f3 de les taxes i els preus p\u00fablics gestionats pel Departament d\u2019Educaci\u00f3.<br \/>\nDevoluci\u00f3 de la matr\u00edcula<br \/>\nPel que fa refer\u00e8ncia a les&hellip;  <a href=\"https:\/\/agora-eoi.xtec.cat\/eoigarraf\/secretaria\/instancies-i-solicituts\/sollicitud-de-devolucio-de-taxes-cursos-reglats\/\" title=\"Read Sol\u00b7licitud de devoluci\u00f3 de taxes (cursos reglats)\">Llegeix m\u00e9s\u00bb<\/a><\/p>\n","protected":false},"author":1,"featured_media":0,"parent":8370,"menu_order":5,"comment_status":"closed","ping_status":"closed","template":"page-templates\/side-menu.php","meta":{"_bbp_topic_count":0,"_bbp_reply_count":0,"_bbp_total_topic_count":0,"_bbp_total_reply_count":0,"_bbp_voice_count":0,"_bbp_anonymous_reply_count":0,"_bbp_topic_count_hidden":0,"_bbp_reply_count_hidden":0,"_bbp_forum_subforum_count":0,"footnotes":""},"class_list":["post-10344","page","type-page","status-publish","hentry"],"post_mailing_queue_ids":[],"_links":{"self":[{"href":"https:\/\/agora-eoi.xtec.cat\/eoigarraf\/wp-json\/wp\/v2\/pages\/10344","targetHints":{"allow":["GET"]}}],"collection":[{"href":"https:\/\/agora-eoi.xtec.cat\/eoigarraf\/wp-json\/wp\/v2\/pages"}],"about":[{"href":"https:\/\/agora-eoi.xtec.cat\/eoigarraf\/wp-json\/wp\/v2\/types\/page"}],"author":[{"embeddable":true,"href":"https:\/\/agora-eoi.xtec.cat\/eoigarraf\/wp-json\/wp\/v2\/users\/1"}],"replies":[{"embeddable":true,"href":"https:\/\/agora-eoi.xtec.cat\/eoigarraf\/wp-json\/wp\/v2\/comments?post=10344"}],"version-history":[{"count":7,"href":"https:\/\/agora-eoi.xtec.cat\/eoigarraf\/wp-json\/wp\/v2\/pages\/10344\/revisions"}],"predecessor-version":[{"id":12152,"href":"https:\/\/agora-eoi.xtec.cat\/eoigarraf\/wp-json\/wp\/v2\/pages\/10344\/revisions\/12152"}],"up":[{"embeddable":true,"href":"https:\/\/agora-eoi.xtec.cat\/eoigarraf\/wp-json\/wp\/v2\/pages\/8370"}],"wp:attachment":[{"href":"https:\/\/agora-eoi.xtec.cat\/eoigarraf\/wp-json\/wp\/v2\/media?parent=10344"}],"curies":[{"name":"wp","href":"https:\/\/api.w.org\/{rel}","templated":true}]}}