{"id":10339,"date":"2022-05-02T12:41:44","date_gmt":"2022-05-02T10:41:44","guid":{"rendered":"https:\/\/agora-eoi.xtec.cat\/eoigarraf\/?page_id=10339"},"modified":"2024-05-22T10:56:30","modified_gmt":"2024-05-22T08:56:30","slug":"sollicitud-de-revisio-dexamen-final","status":"publish","type":"page","link":"https:\/\/agora-eoi.xtec.cat\/eoigarraf\/secretaria\/instancies-i-solicituts\/sollicitud-de-revisio-dexamen-final\/","title":{"rendered":"Sol\u00b7licitud de revisi\u00f3 d&#8217;ex\u00e0men final"},"content":{"rendered":"<p>Podeu descarregar-vos un model de <b>sol\u00b7licitud de revisi\u00f3 d&#8217;examen <\/b>des d&#8217;aquest <a href=\"https:\/\/agora-eoi.xtec.cat\/eoigarraf\/wp-content\/uploads\/usu2250\/2024\/05\/Sollicitud_revisio_examen.pdf\" target=\"_blank\" rel=\"noopener\"><strong>enlla\u00e7<\/strong><\/a>.<\/p>\n<hr \/>\n<p>\u2022 Empleneu-la i lliureu-la a la <strong>secretaria del centre<\/strong> en <a href=\"https:\/\/agora-eoi.xtec.cat\/eoigarraf\/secretaria\/horari\/\" target=\"_blank\" rel=\"noopener\">horari d\u2019atenci\u00f3<\/a> al p\u00fablic o b\u00e9 feu-nos-la arribar per <strong>correu electr\u00f2nic\u00a0<\/strong>(eoigarraf@xtec.cat)<br \/>\n\u2022 Tots els camps del formulari s\u00f3n obligatoris.<\/p>\n","protected":false},"excerpt":{"rendered":"<p>Podeu descarregar-vos un model de sol\u00b7licitud de revisi\u00f3 d&#8217;examen des d&#8217;aquest <a href=\"https:\/\/agora-eoi.xtec.cat\/eoigarraf\/wp-content\/uploads\/usu2250\/2024\/05\/Sollicitud_revisio_examen.pdf\" target=\"_blank\" rel=\"noopener\">enlla\u00e7<\/a>.<\/p>\n<p>\u2022 Empleneu-la i lliureu-la a la secretaria del centre en <a href=\"https:\/\/agora-eoi.xtec.cat\/eoigarraf\/secretaria\/horari\/\" target=\"_blank\" rel=\"noopener\">horari d\u2019atenci\u00f3<\/a> al p\u00fablic o b\u00e9 feu-nos-la arribar per correu electr\u00f2nic\u00a0(eoigarraf@xtec.cat)<br \/>\n\u2022 Tots els camps del formulari s\u00f3n obligatoris.<\/p>\n","protected":false},"author":1,"featured_media":0,"parent":8370,"menu_order":4,"comment_status":"closed","ping_status":"closed","template":"page-templates\/side-menu.php","meta":{"_bbp_topic_count":0,"_bbp_reply_count":0,"_bbp_total_topic_count":0,"_bbp_total_reply_count":0,"_bbp_voice_count":0,"_bbp_anonymous_reply_count":0,"_bbp_topic_count_hidden":0,"_bbp_reply_count_hidden":0,"_bbp_forum_subforum_count":0,"footnotes":""},"class_list":["post-10339","page","type-page","status-publish","hentry"],"post_mailing_queue_ids":[],"_links":{"self":[{"href":"https:\/\/agora-eoi.xtec.cat\/eoigarraf\/wp-json\/wp\/v2\/pages\/10339","targetHints":{"allow":["GET"]}}],"collection":[{"href":"https:\/\/agora-eoi.xtec.cat\/eoigarraf\/wp-json\/wp\/v2\/pages"}],"about":[{"href":"https:\/\/agora-eoi.xtec.cat\/eoigarraf\/wp-json\/wp\/v2\/types\/page"}],"author":[{"embeddable":true,"href":"https:\/\/agora-eoi.xtec.cat\/eoigarraf\/wp-json\/wp\/v2\/users\/1"}],"replies":[{"embeddable":true,"href":"https:\/\/agora-eoi.xtec.cat\/eoigarraf\/wp-json\/wp\/v2\/comments?post=10339"}],"version-history":[{"count":6,"href":"https:\/\/agora-eoi.xtec.cat\/eoigarraf\/wp-json\/wp\/v2\/pages\/10339\/revisions"}],"predecessor-version":[{"id":11692,"href":"https:\/\/agora-eoi.xtec.cat\/eoigarraf\/wp-json\/wp\/v2\/pages\/10339\/revisions\/11692"}],"up":[{"embeddable":true,"href":"https:\/\/agora-eoi.xtec.cat\/eoigarraf\/wp-json\/wp\/v2\/pages\/8370"}],"wp:attachment":[{"href":"https:\/\/agora-eoi.xtec.cat\/eoigarraf\/wp-json\/wp\/v2\/media?parent=10339"}],"curies":[{"name":"wp","href":"https:\/\/api.w.org\/{rel}","templated":true}]}}