{"id":10331,"date":"2022-05-02T12:04:40","date_gmt":"2022-05-02T10:04:40","guid":{"rendered":"https:\/\/agora-eoi.xtec.cat\/eoigarraf\/?page_id=10331"},"modified":"2025-07-15T11:04:42","modified_gmt":"2025-07-15T09:04:42","slug":"sollicitud-de-trasllat-de-matricula-i-expedient","status":"publish","type":"page","link":"https:\/\/agora-eoi.xtec.cat\/eoigarraf\/secretaria\/instancies-i-solicituts\/sollicitud-de-trasllat-de-matricula-i-expedient\/","title":{"rendered":"Sol\u00b7licitud de trasllat de matr\u00edcula i expedient"},"content":{"rendered":"<h5>Trasllat durant el curs acad\u00e8mic<\/h5>\n<p>Si, durant el curs, heu de continuar els vostres estudis en una altra EOI, cal fer un trasllat de matr\u00edcula.<\/p>\n<p>Si despr\u00e9s de formalitzar la matr\u00edcula, \u00e9s a dir, durant el curs, heu de continuar el curs en un altre centre, el trasllat s&#8217;anomena <strong>trasllat de matr\u00edcula viva<\/strong>. El termini per efectuar trasllats de matr\u00edcula viva finalitza el dijous 30 d&#8217;abril de 2026.<\/p>\n<p>La sol\u00b7licitud de trasllat de matr\u00edcula s\u2019ha de fer al centre de destinaci\u00f3 mitjan\u00e7ant el model &#8220;Sol\u00b7licitud de trasllat de matr\u00edcula i expedient&#8221;, que us lliuraran a la secretaria del centre o b\u00e9 us podeu descarregar des d&#8217;aquest <a href=\"https:\/\/agora-eoi.xtec.cat\/eoigarraf\/wp-content\/uploads\/usu2250\/2022\/07\/sollicitud_de_trasllat_dexpedient.pdf\" target=\"_blank\" rel=\"noopener\"><strong>enlla\u00e7<\/strong><\/a>, i quedar\u00e0 condicionada a la disponibilitat de places a l&#8217;escola de destinaci\u00f3. La documentaci\u00f3 que cal aportar \u00e9s el full de pagament de la matr\u00edcula efectuada al centre d&#8217;origen, en aquest cas l\u2019EOI Garraf. En el moment de produir-se una vacant, l&#8217;EOI de destinaci\u00f3 ho comunicar\u00e0 a la persona sol\u00b7licitant. Si no hi ha vacants en l&#8217;EOI de dest\u00ed que desitgeu, us podeu apuntar a la seva llista d&#8217;espera on podreu indicar els grups i horaris desitjats.<\/p>\n<hr \/>\n<h5>Trasllat en per\u00edode no lectiu (juliol)<\/h5>\n<p>Els alumnes oficials, un cop hagin formalitzat la matr\u00edcula al seu centre d&#8217;origen, poden sol\u00b7licitar un trasllat de matr\u00edcula a una altra escola el dies <strong>10 i 11 de\u00a0 juliol de 2025<\/strong>. La sol\u00b7licitud de matr\u00edcula es fa a l&#8217;escola de destinaci\u00f3, i queda condicionada a la disponibilitat de places. L&#8217;escola de destinaci\u00f3 es posar\u00e0 en contacte amb l&#8217;alumnat a trav\u00e9s dels mitjans que estableixi, per notificar l&#8217;acceptaci\u00f3 o la denegaci\u00f3 del trasllat. En cas d&#8217;acceptaci\u00f3, el proc\u00e9s de trasllat ha d&#8217;haver acabat abans del 18 de juliol.<\/p>\n<p>La documentaci\u00f3 que l&#8217;alumne ha d&#8217;aportar en el moment de sol\u00b7licitar el trasllat \u00e9s el full de pagament de la matr\u00edcula, la <a href=\"https:\/\/agora-eoi.xtec.cat\/eoigarraf\/wp-content\/uploads\/usu2250\/2022\/07\/sollicitud_de_trasllat_dexpedient.pdf\" target=\"_blank\" rel=\"noopener\">sol\u00b7licitud de trasllat<\/a> i el DNI\/NIE. En cas que hi hagi places vacants, l&#8217;escola de destinaci\u00f3 sol\u00b7licitar\u00e0 el trasllat de l&#8217;expedient acad\u00e8mic de l&#8217;alumne a l&#8217;escola d&#8217;origen.<\/p>\n<hr \/>\n<p>\u2022 No oblideu aportar\/adjuntar la <strong>documentaci\u00f3<\/strong> necess\u00e0ria per a la sol\u00b7licitud efectuada.<br \/>\n\u2022 Tots els camps del formulari s\u00f3n obligatoris.<\/p>\n","protected":false},"excerpt":{"rendered":"<p>Trasllat durant el curs acad\u00e8mic<br \/>\nSi, durant el curs, heu de continuar els vostres estudis en una altra EOI, cal fer un trasllat de matr\u00edcula.<br \/>\nSi despr\u00e9s de formalitzar la matr\u00edcula, \u00e9s a dir, durant el curs, heu de continuar el curs en un altre centre, el&hellip;  <a href=\"https:\/\/agora-eoi.xtec.cat\/eoigarraf\/secretaria\/instancies-i-solicituts\/sollicitud-de-trasllat-de-matricula-i-expedient\/\" title=\"Read Sol\u00b7licitud de trasllat de matr\u00edcula i expedient\">Llegeix m\u00e9s\u00bb<\/a><\/p>\n","protected":false},"author":1,"featured_media":0,"parent":8370,"menu_order":3,"comment_status":"closed","ping_status":"closed","template":"page-templates\/side-menu.php","meta":{"_bbp_topic_count":0,"_bbp_reply_count":0,"_bbp_total_topic_count":0,"_bbp_total_reply_count":0,"_bbp_voice_count":0,"_bbp_anonymous_reply_count":0,"_bbp_topic_count_hidden":0,"_bbp_reply_count_hidden":0,"_bbp_forum_subforum_count":0,"footnotes":""},"class_list":["post-10331","page","type-page","status-publish","hentry"],"post_mailing_queue_ids":[],"_links":{"self":[{"href":"https:\/\/agora-eoi.xtec.cat\/eoigarraf\/wp-json\/wp\/v2\/pages\/10331","targetHints":{"allow":["GET"]}}],"collection":[{"href":"https:\/\/agora-eoi.xtec.cat\/eoigarraf\/wp-json\/wp\/v2\/pages"}],"about":[{"href":"https:\/\/agora-eoi.xtec.cat\/eoigarraf\/wp-json\/wp\/v2\/types\/page"}],"author":[{"embeddable":true,"href":"https:\/\/agora-eoi.xtec.cat\/eoigarraf\/wp-json\/wp\/v2\/users\/1"}],"replies":[{"embeddable":true,"href":"https:\/\/agora-eoi.xtec.cat\/eoigarraf\/wp-json\/wp\/v2\/comments?post=10331"}],"version-history":[{"count":7,"href":"https:\/\/agora-eoi.xtec.cat\/eoigarraf\/wp-json\/wp\/v2\/pages\/10331\/revisions"}],"predecessor-version":[{"id":12077,"href":"https:\/\/agora-eoi.xtec.cat\/eoigarraf\/wp-json\/wp\/v2\/pages\/10331\/revisions\/12077"}],"up":[{"embeddable":true,"href":"https:\/\/agora-eoi.xtec.cat\/eoigarraf\/wp-json\/wp\/v2\/pages\/8370"}],"wp:attachment":[{"href":"https:\/\/agora-eoi.xtec.cat\/eoigarraf\/wp-json\/wp\/v2\/media?parent=10331"}],"curies":[{"name":"wp","href":"https:\/\/api.w.org\/{rel}","templated":true}]}}