{"id":10326,"date":"2022-05-02T11:59:57","date_gmt":"2022-05-02T09:59:57","guid":{"rendered":"https:\/\/agora-eoi.xtec.cat\/eoigarraf\/?page_id=10326"},"modified":"2025-10-08T08:16:09","modified_gmt":"2025-10-08T06:16:09","slug":"sollicitud-de-renuncia-de-matricula","status":"publish","type":"page","link":"https:\/\/agora-eoi.xtec.cat\/eoigarraf\/secretaria\/instancies-i-solicituts\/sollicitud-de-renuncia-de-matricula\/","title":{"rendered":"Sol\u00b7licitud de ren\u00fancia de matr\u00edcula"},"content":{"rendered":"<h5><strong>Ren\u00fancia de matr\u00edcula amb reserva de pla\u00e7a.<\/strong><\/h5>\n<p>Podeu descarregar-vos un model de sol\u00b7licitud\u00a0des d&#8217;aquest <a href=\"https:\/\/agora-eoi.xtec.cat\/eoigarraf\/wp-content\/uploads\/usu2250\/2025\/10\/Sollicitud_de_renuncia_matricula_amb_reserva_placa.pdf\" target=\"_blank\" rel=\"noopener\"><strong>enlla\u00e7<\/strong><\/a>.<\/p>\n<ul>\n<li>La data l\u00edmit de presentaci\u00f3 de la ren\u00fancia amb reserva de pla\u00e7a per al seg\u00fcent curs \u00e9s el <strong>28 de novembre de 2025<\/strong>.<\/li>\n<li>Aquesta ren\u00fancia no suposa el c\u00f2mput del curs a l&#8217;efecte de repetici\u00f3.<\/li>\n<li>Aquesta ren\u00fancia no dona dret al retorn de l&#8217;import de la matr\u00edcula.<\/li>\n<\/ul>\n<hr \/>\n<h5><strong>Ren\u00fancia sense reserva de pla\u00e7a i devoluci\u00f3 de taxes.<\/strong><\/h5>\n<ul>\n<li>La data l\u00edmit de presentaci\u00f3 de la ren\u00fancia sense reserva de pla\u00e7a per al seg\u00fcent curs \u00e9s el <strong>10 d&#8217;octubre de 2025<\/strong>. Podeu descarregar-vos un model de sol\u00b7licitud des d&#8217;aquest <a href=\"https:\/\/agora-eoi.xtec.cat\/eoigarraf\/wp-content\/uploads\/usu2250\/2025\/10\/Sollicitud_de_renuncia_matricula_sense_reserva_placa.pdf\" target=\"_blank\" rel=\"noopener\"><strong>enlla\u00e7<\/strong><\/a><\/li>\n<li>Aquesta ren\u00fancia dona dret al retorn de l&#8217;import de la matr\u00edcula i de l&#8217;import pel material escolar.<\/li>\n<li>Podeu descarregar-vos un model de sol\u00b7licitud de retorn de la quota de material des d&#8217;aquest <a href=\"https:\/\/agora-eoi.xtec.cat\/eoigarraf\/wp-content\/uploads\/usu2250\/2024\/05\/Sollicitud_de_devolucio_material.pdf\" target=\"_blank\" rel=\"noopener\"><strong>enlla\u00e7<\/strong><\/a>.<\/li>\n<li>La tramitaci\u00f3 del retorn de la taxa de matr\u00edcula l&#8217;haur\u00e0 de fer directament l&#8217;alumnat al Departament d&#8217;Educaci\u00f3, <strong>de manera telem\u00e0tica<\/strong>, mitjan\u00e7ant un tramitador. Aquest \u00e9s l&#8217;<a href=\"https:\/\/educacio.gencat.cat\/ca\/tramits\/tramits-temes\/devolucio-ingressos-indeguts\" target=\"_blank\" rel=\"noopener\"><strong>enlla\u00e7<\/strong><\/a>.<\/li>\n<li>Un cop registrada una sol\u00b7licitud de devoluci\u00f3, en cas de no rebre resposta immediatament no s\u2019ha de fer una nova sol\u00b7licitud, ja que aix\u00f2 endarreriria la tramitaci\u00f3 de l&#8217;expedient. Per informar-se sobre la situaci\u00f3 de l&#8217;expedient est\u00e0 disponible la b\u00fastia de contacte a la web del Departament d\u2019Educaci\u00f3,<\/li>\n<\/ul>\n<hr \/>\n<p>\u2022 Empleneu les sol\u00b7licituds i lliureu-les <strong>presencialment a la secretaria del centre<\/strong> en horari d\u2019<a href=\"https:\/\/agora-eoi.xtec.cat\/eoigarraf\/secretaria\/horari\/\" target=\"_blank\" rel=\"noopener\">atenci\u00f3 al p\u00fablic<\/a>. La ren\u00fancia no ser\u00e0 valida sense el n\u00famero de registre (amb data i segell) de l&#8217;EOI.<\/p>\n","protected":false},"excerpt":{"rendered":"<p>Ren\u00fancia de matr\u00edcula amb reserva de pla\u00e7a.<br \/>\nPodeu descarregar-vos un model de sol\u00b7licitud\u00a0des d&#8217;aquest <a href=\"https:\/\/agora-eoi.xtec.cat\/eoigarraf\/wp-content\/uploads\/usu2250\/2025\/10\/Sollicitud_de_renuncia_matricula_amb_reserva_placa.pdf\" target=\"_blank\" rel=\"noopener\">enlla\u00e7<\/a>.<\/p>\n<ul>\n<li>La data l\u00edmit de presentaci\u00f3 de la ren\u00fancia amb reserva de pla\u00e7a per al seg\u00fcent curs \u00e9s el 28 de novembre de 2025.<\/li>\n<li>Aquesta ren\u00fancia no suposa el c\u00f2mput del&hellip;  <a href=\"https:\/\/agora-eoi.xtec.cat\/eoigarraf\/secretaria\/instancies-i-solicituts\/sollicitud-de-renuncia-de-matricula\/\" title=\"Read Sol\u00b7licitud de ren\u00fancia de matr\u00edcula\">Llegeix m\u00e9s\u00bb<\/a><br \/>\n","protected":false},"author":1,"featured_media":0,"parent":8370,"menu_order":2,"comment_status":"closed","ping_status":"closed","template":"page-templates\/side-menu.php","meta":{"_bbp_topic_count":0,"_bbp_reply_count":0,"_bbp_total_topic_count":0,"_bbp_total_reply_count":0,"_bbp_voice_count":0,"_bbp_anonymous_reply_count":0,"_bbp_topic_count_hidden":0,"_bbp_reply_count_hidden":0,"_bbp_forum_subforum_count":0,"footnotes":""},"class_list":["post-10326","page","type-page","status-publish","hentry"],"post_mailing_queue_ids":[],"_links":{"self":[{"href":"https:\/\/agora-eoi.xtec.cat\/eoigarraf\/wp-json\/wp\/v2\/pages\/10326","targetHints":{"allow":["GET"]}}],"collection":[{"href":"https:\/\/agora-eoi.xtec.cat\/eoigarraf\/wp-json\/wp\/v2\/pages"}],"about":[{"href":"https:\/\/agora-eoi.xtec.cat\/eoigarraf\/wp-json\/wp\/v2\/types\/page"}],"author":[{"embeddable":true,"href":"https:\/\/agora-eoi.xtec.cat\/eoigarraf\/wp-json\/wp\/v2\/users\/1"}],"replies":[{"embeddable":true,"href":"https:\/\/agora-eoi.xtec.cat\/eoigarraf\/wp-json\/wp\/v2\/comments?post=10326"}],"version-history":[{"count":6,"href":"https:\/\/agora-eoi.xtec.cat\/eoigarraf\/wp-json\/wp\/v2\/pages\/10326\/revisions"}],"predecessor-version":[{"id":12168,"href":"https:\/\/agora-eoi.xtec.cat\/eoigarraf\/wp-json\/wp\/v2\/pages\/10326\/revisions\/12168"}],"up":[{"embeddable":true,"href":"https:\/\/agora-eoi.xtec.cat\/eoigarraf\/wp-json\/wp\/v2\/pages\/8370"}],"wp:attachment":[{"href":"https:\/\/agora-eoi.xtec.cat\/eoigarraf\/wp-json\/wp\/v2\/media?parent=10326"}],"curies":[{"name":"wp","href":"https:\/\/api.w.org\/{rel}","templated":true}]}}