{"id":10315,"date":"2022-04-29T10:52:48","date_gmt":"2022-04-29T08:52:48","guid":{"rendered":"https:\/\/agora-eoi.xtec.cat\/eoigarraf\/?page_id=10315"},"modified":"2025-07-16T09:37:07","modified_gmt":"2025-07-16T07:37:07","slug":"prova-sollicitud","status":"publish","type":"page","link":"https:\/\/agora-eoi.xtec.cat\/eoigarraf\/secretaria\/instancies-i-solicituts\/prova-sollicitud\/","title":{"rendered":"Sol\u00b7licitud general"},"content":{"rendered":"<p>Podeu descarregar-vos un model de <strong>sol\u00b7licitud general<\/strong> des d&#8217;aquest <a href=\"https:\/\/agora-eoi.xtec.cat\/eoigarraf\/wp-content\/uploads\/usu2250\/2024\/05\/Sollicitud_General.pdf\" target=\"_blank\" rel=\"noopener\"><strong>enlla\u00e7<\/strong><\/a>.<\/p>\n<hr \/>\n<ul>\n<li>Empleneu-la i lliureu-la a la <strong>secretaria del centre<\/strong> en <a href=\"https:\/\/agora-eoi.xtec.cat\/eoigarraf\/secretaria\/horari\/\" target=\"_blank\" rel=\"noopener\">horari d\u2019atenci\u00f3<\/a> al p\u00fablic o b\u00e9 feu-nos-la arribar per <strong>correu electr\u00f2nic<\/strong>.<\/li>\n<li>No oblideu aportar\/adjuntar la <strong>documentaci\u00f3 necess\u00e0ria<\/strong> per a la sol\u00b7licitud efectuada.<\/li>\n<li>Tots els camps del formulari s\u00f3n obligatoris.<\/li>\n<\/ul>\n","protected":false},"excerpt":{"rendered":"<p>Podeu descarregar-vos un model de sol\u00b7licitud general des d&#8217;aquest <a href=\"https:\/\/agora-eoi.xtec.cat\/eoigarraf\/wp-content\/uploads\/usu2250\/2024\/05\/Sollicitud_General.pdf\" target=\"_blank\" rel=\"noopener\">enlla\u00e7<\/a>.<\/p>\n<ul>\n<li>Empleneu-la i lliureu-la a la secretaria del centre en <a href=\"https:\/\/agora-eoi.xtec.cat\/eoigarraf\/secretaria\/horari\/\" target=\"_blank\" rel=\"noopener\">horari d\u2019atenci\u00f3<\/a> al p\u00fablic o b\u00e9 feu-nos-la arribar per correu electr\u00f2nic.<\/li>\n<li>No oblideu aportar\/adjuntar la documentaci\u00f3 necess\u00e0ria per a la sol\u00b7licitud efectuada.<\/li>\n<li>Tots&hellip;  <a href=\"https:\/\/agora-eoi.xtec.cat\/eoigarraf\/secretaria\/instancies-i-solicituts\/prova-sollicitud\/\" title=\"Read Sol\u00b7licitud general\">Llegeix m\u00e9s\u00bb<\/a><br \/>\n","protected":false},"author":1,"featured_media":0,"parent":8370,"menu_order":1,"comment_status":"closed","ping_status":"closed","template":"page-templates\/side-menu.php","meta":{"_bbp_topic_count":0,"_bbp_reply_count":0,"_bbp_total_topic_count":0,"_bbp_total_reply_count":0,"_bbp_voice_count":0,"_bbp_anonymous_reply_count":0,"_bbp_topic_count_hidden":0,"_bbp_reply_count_hidden":0,"_bbp_forum_subforum_count":0,"footnotes":""},"class_list":["post-10315","page","type-page","status-publish","hentry"],"post_mailing_queue_ids":[],"_links":{"self":[{"href":"https:\/\/agora-eoi.xtec.cat\/eoigarraf\/wp-json\/wp\/v2\/pages\/10315","targetHints":{"allow":["GET"]}}],"collection":[{"href":"https:\/\/agora-eoi.xtec.cat\/eoigarraf\/wp-json\/wp\/v2\/pages"}],"about":[{"href":"https:\/\/agora-eoi.xtec.cat\/eoigarraf\/wp-json\/wp\/v2\/types\/page"}],"author":[{"embeddable":true,"href":"https:\/\/agora-eoi.xtec.cat\/eoigarraf\/wp-json\/wp\/v2\/users\/1"}],"replies":[{"embeddable":true,"href":"https:\/\/agora-eoi.xtec.cat\/eoigarraf\/wp-json\/wp\/v2\/comments?post=10315"}],"version-history":[{"count":5,"href":"https:\/\/agora-eoi.xtec.cat\/eoigarraf\/wp-json\/wp\/v2\/pages\/10315\/revisions"}],"predecessor-version":[{"id":12095,"href":"https:\/\/agora-eoi.xtec.cat\/eoigarraf\/wp-json\/wp\/v2\/pages\/10315\/revisions\/12095"}],"up":[{"embeddable":true,"href":"https:\/\/agora-eoi.xtec.cat\/eoigarraf\/wp-json\/wp\/v2\/pages\/8370"}],"wp:attachment":[{"href":"https:\/\/agora-eoi.xtec.cat\/eoigarraf\/wp-json\/wp\/v2\/media?parent=10315"}],"curies":[{"name":"wp","href":"https:\/\/api.w.org\/{rel}","templated":true}]}}