{"id":9960,"date":"2021-07-16T08:53:06","date_gmt":"2021-07-16T06:53:06","guid":{"rendered":"https:\/\/agora-eoi.xtec.cat\/eoifigueres\/?page_id=9960"},"modified":"2025-07-26T14:09:24","modified_gmt":"2025-07-26T12:09:24","slug":"curs-dactualitzacio","status":"publish","type":"page","link":"https:\/\/agora-eoi.xtec.cat\/eoifigueres\/curs-dactualitzacio\/","title":{"rendered":"Cursos d&#8217;actualitzaci\u00f3"},"content":{"rendered":"<p>Aquell alumnat que ja hagi cursat i superat amb anterioritat cursos de les escoles oficials d\u2019idiomes que condueixen a l\u2019obtenci\u00f3 d\u2019un certificat, i que vulgui actualitzar-ne els coneixements, pot sol\u00b7licitar matricular-se en l\u2019\u00faltim curs realitzat o en qualsevol dels cursos inferiors.<\/p>\n<p>Aquest alumnat no obt\u00e9 cap certificat oficial i la qualificaci\u00f3 que es fa constar al seu expedient acad\u00e8mic \u00e9s \u201cno qualificat\/ada\u201d. En cas d\u2019avaluaci\u00f3 continua satisfact\u00f2ria, poden rebre un certificat d\u2019actualitzaci\u00f3.<\/p>\n<p><strong>Atenci\u00f3! No cal fer preinscripci\u00f3 al setembre, nom\u00e9s s&#8217;ha de presentar una <a href=\"https:\/\/docs.google.com\/document\/d\/1_IjVMBzo8--xLersRILdh-dETk0DNwm7Cj3C3_-dtQ8\/edit\" target=\"_blank\" rel=\"noopener\">sol\u00b7licitud<\/a>.<\/strong><\/p>\n","protected":false},"excerpt":{"rendered":"<p>Aquell alumnat que ja hagi cursat i superat amb anterioritat cursos de les escoles oficials d\u2019idiomes que condueixen a l\u2019obtenci\u00f3 d\u2019un certificat, i que vulgui actualitzar-ne els coneixements, pot sol\u00b7licitar matricular-se en l\u2019\u00faltim curs realitzat o en qualsevol dels cursos inferiors.<br \/>\nAquest alumnat no obt\u00e9 cap&hellip;  <a href=\"https:\/\/agora-eoi.xtec.cat\/eoifigueres\/curs-dactualitzacio\/\" title=\"Read Cursos d&#8217;actualitzaci\u00f3\">Llegeix m\u00e9s\u00bb<\/a><\/p>\n","protected":false},"author":1,"featured_media":0,"parent":0,"menu_order":0,"comment_status":"closed","ping_status":"closed","template":"","meta":{"_bbp_topic_count":0,"_bbp_reply_count":0,"_bbp_total_topic_count":0,"_bbp_total_reply_count":0,"_bbp_voice_count":0,"_bbp_anonymous_reply_count":0,"_bbp_topic_count_hidden":0,"_bbp_reply_count_hidden":0,"_bbp_forum_subforum_count":0,"footnotes":""},"class_list":["post-9960","page","type-page","status-publish","hentry"],"post_mailing_queue_ids":[],"_links":{"self":[{"href":"https:\/\/agora-eoi.xtec.cat\/eoifigueres\/wp-json\/wp\/v2\/pages\/9960","targetHints":{"allow":["GET"]}}],"collection":[{"href":"https:\/\/agora-eoi.xtec.cat\/eoifigueres\/wp-json\/wp\/v2\/pages"}],"about":[{"href":"https:\/\/agora-eoi.xtec.cat\/eoifigueres\/wp-json\/wp\/v2\/types\/page"}],"author":[{"embeddable":true,"href":"https:\/\/agora-eoi.xtec.cat\/eoifigueres\/wp-json\/wp\/v2\/users\/1"}],"replies":[{"embeddable":true,"href":"https:\/\/agora-eoi.xtec.cat\/eoifigueres\/wp-json\/wp\/v2\/comments?post=9960"}],"version-history":[{"count":4,"href":"https:\/\/agora-eoi.xtec.cat\/eoifigueres\/wp-json\/wp\/v2\/pages\/9960\/revisions"}],"predecessor-version":[{"id":12167,"href":"https:\/\/agora-eoi.xtec.cat\/eoifigueres\/wp-json\/wp\/v2\/pages\/9960\/revisions\/12167"}],"wp:attachment":[{"href":"https:\/\/agora-eoi.xtec.cat\/eoifigueres\/wp-json\/wp\/v2\/media?parent=9960"}],"curies":[{"name":"wp","href":"https:\/\/api.w.org\/{rel}","templated":true}]}}