{"id":9136,"date":"2021-05-01T20:54:01","date_gmt":"2021-05-01T18:54:01","guid":{"rendered":"https:\/\/agora-eoi.xtec.cat\/eoifigueres\/?page_id=9136"},"modified":"2026-03-16T14:36:08","modified_gmt":"2026-03-16T13:36:08","slug":"convocatoria-extraordinaria-de-juny","status":"publish","type":"page","link":"https:\/\/agora-eoi.xtec.cat\/eoifigueres\/convocatoria-extraordinaria-de-juny\/","title":{"rendered":"Convocat\u00f2ria ordin\u00e0ria de juny"},"content":{"rendered":"<p>Podeu trobar tota la informaci\u00f3 necess\u00e0ria a l&#8217;enlla\u00e7 <a href=\"http:\/\/educacio.gencat.cat\/ca\/serveis-tramits\/proves\/proves-lliures-obtencio-titols\/convocat-ordinaria-idiomes\/\" target=\"_blank\" rel=\"noopener noreferrer\">Certificats d&#8217;idiomes dels nivells intermedi B1, intermedi B2, avan\u00e7at C1 i avan\u00e7at C2 de les EOI. Convocat\u00f2ria ordin\u00e0ria. Departament d&#8217;Educaci\u00f3 (gencat.cat)<\/a>.<\/p>\n<p>Enlla\u00e7 a la <a href=\"https:\/\/triaeducativa.gencat.cat\/ca\/proves\/proves-lliures\/certificats-idiomes\/persones-admeses-excloses-proves\/\">Consulta del llistat d&#8217;admesos i exclosos i tamb\u00e9 dels resultats de la prova.<\/a><\/p>\n<p>&nbsp;<\/p>\n","protected":false},"excerpt":{"rendered":"<p>Podeu trobar tota la informaci\u00f3 necess\u00e0ria a l&#8217;enlla\u00e7 <a href=\"http:\/\/educacio.gencat.cat\/ca\/serveis-tramits\/proves\/proves-lliures-obtencio-titols\/convocat-ordinaria-idiomes\/\" target=\"_blank\" rel=\"noopener noreferrer\">Certificats d&#8217;idiomes dels nivells intermedi B1, intermedi B2, avan\u00e7at C1 i avan\u00e7at C2 de les EOI. Convocat\u00f2ria ordin\u00e0ria. Departament d&#8217;Educaci\u00f3 (gencat.cat)<\/a>.<br \/>\nEnlla\u00e7 a la <a href=\"https:\/\/triaeducativa.gencat.cat\/ca\/proves\/proves-lliures\/certificats-idiomes\/persones-admeses-excloses-proves\/\">Consulta del llistat d&#8217;admesos i exclosos i tamb\u00e9 dels&hellip;  <a href=\"https:\/\/agora-eoi.xtec.cat\/eoifigueres\/convocatoria-extraordinaria-de-juny\/\" title=\"Read Convocat\u00f2ria ordin\u00e0ria de juny\">Llegeix m\u00e9s\u00bb<\/a><\/p>\n","protected":false},"author":1,"featured_media":0,"parent":0,"menu_order":50,"comment_status":"closed","ping_status":"closed","template":"page-templates\/side-menu.php","meta":{"_bbp_topic_count":0,"_bbp_reply_count":0,"_bbp_total_topic_count":0,"_bbp_total_reply_count":0,"_bbp_voice_count":0,"_bbp_anonymous_reply_count":0,"_bbp_topic_count_hidden":0,"_bbp_reply_count_hidden":0,"_bbp_forum_subforum_count":0,"footnotes":""},"class_list":["post-9136","page","type-page","status-publish","hentry"],"post_mailing_queue_ids":[],"_links":{"self":[{"href":"https:\/\/agora-eoi.xtec.cat\/eoifigueres\/wp-json\/wp\/v2\/pages\/9136","targetHints":{"allow":["GET"]}}],"collection":[{"href":"https:\/\/agora-eoi.xtec.cat\/eoifigueres\/wp-json\/wp\/v2\/pages"}],"about":[{"href":"https:\/\/agora-eoi.xtec.cat\/eoifigueres\/wp-json\/wp\/v2\/types\/page"}],"author":[{"embeddable":true,"href":"https:\/\/agora-eoi.xtec.cat\/eoifigueres\/wp-json\/wp\/v2\/users\/1"}],"replies":[{"embeddable":true,"href":"https:\/\/agora-eoi.xtec.cat\/eoifigueres\/wp-json\/wp\/v2\/comments?post=9136"}],"version-history":[{"count":6,"href":"https:\/\/agora-eoi.xtec.cat\/eoifigueres\/wp-json\/wp\/v2\/pages\/9136\/revisions"}],"predecessor-version":[{"id":12418,"href":"https:\/\/agora-eoi.xtec.cat\/eoifigueres\/wp-json\/wp\/v2\/pages\/9136\/revisions\/12418"}],"wp:attachment":[{"href":"https:\/\/agora-eoi.xtec.cat\/eoifigueres\/wp-json\/wp\/v2\/media?parent=9136"}],"curies":[{"name":"wp","href":"https:\/\/api.w.org\/{rel}","templated":true}]}}