{"id":9120,"date":"2021-04-30T23:53:38","date_gmt":"2021-04-30T21:53:38","guid":{"rendered":"https:\/\/agora-eoi.xtec.cat\/eoifigueres\/?page_id=9120"},"modified":"2021-06-22T11:25:07","modified_gmt":"2021-06-22T09:25:07","slug":"documents-del-centre","status":"publish","type":"page","link":"https:\/\/agora-eoi.xtec.cat\/eoifigueres\/documents-del-centre\/","title":{"rendered":"Documents del centre"},"content":{"rendered":"<p>Com a centre que treballa en qualitat, la transpar\u00e8ncia \u00e9s una m\u00e0xima de la nostra escola. Vegeu a continuaci\u00f3 els documents de refer\u00e8ncia del centre.<\/p>\n","protected":false},"excerpt":{"rendered":"<p>Com a centre que treballa en qualitat, la transpar\u00e8ncia \u00e9s una m\u00e0xima de la nostra escola. Vegeu a continuaci\u00f3 els documents de refer\u00e8ncia del centre.<\/p>\n","protected":false},"author":1,"featured_media":0,"parent":0,"menu_order":50,"comment_status":"closed","ping_status":"closed","template":"page-templates\/side-menu.php","meta":{"_bbp_topic_count":0,"_bbp_reply_count":0,"_bbp_total_topic_count":0,"_bbp_total_reply_count":0,"_bbp_voice_count":0,"_bbp_anonymous_reply_count":0,"_bbp_topic_count_hidden":0,"_bbp_reply_count_hidden":0,"_bbp_forum_subforum_count":0,"footnotes":""},"class_list":["post-9120","page","type-page","status-publish","hentry"],"post_mailing_queue_ids":[],"_links":{"self":[{"href":"https:\/\/agora-eoi.xtec.cat\/eoifigueres\/wp-json\/wp\/v2\/pages\/9120","targetHints":{"allow":["GET"]}}],"collection":[{"href":"https:\/\/agora-eoi.xtec.cat\/eoifigueres\/wp-json\/wp\/v2\/pages"}],"about":[{"href":"https:\/\/agora-eoi.xtec.cat\/eoifigueres\/wp-json\/wp\/v2\/types\/page"}],"author":[{"embeddable":true,"href":"https:\/\/agora-eoi.xtec.cat\/eoifigueres\/wp-json\/wp\/v2\/users\/1"}],"replies":[{"embeddable":true,"href":"https:\/\/agora-eoi.xtec.cat\/eoifigueres\/wp-json\/wp\/v2\/comments?post=9120"}],"version-history":[{"count":2,"href":"https:\/\/agora-eoi.xtec.cat\/eoifigueres\/wp-json\/wp\/v2\/pages\/9120\/revisions"}],"predecessor-version":[{"id":9736,"href":"https:\/\/agora-eoi.xtec.cat\/eoifigueres\/wp-json\/wp\/v2\/pages\/9120\/revisions\/9736"}],"wp:attachment":[{"href":"https:\/\/agora-eoi.xtec.cat\/eoifigueres\/wp-json\/wp\/v2\/media?parent=9120"}],"curies":[{"name":"wp","href":"https:\/\/api.w.org\/{rel}","templated":true}]}}