{"id":9098,"date":"2021-04-30T23:04:06","date_gmt":"2021-04-30T21:04:06","guid":{"rendered":"https:\/\/agora-eoi.xtec.cat\/eoifigueres\/?page_id=9098"},"modified":"2025-07-11T12:41:08","modified_gmt":"2025-07-11T10:41:08","slug":"pia-2","status":"publish","type":"page","link":"https:\/\/agora-eoi.xtec.cat\/eoifigueres\/pia-2\/","title":{"rendered":"Formaci\u00f3 permanent"},"content":{"rendered":"<p><strong>Reconeixement formaci\u00f3 professorat<\/strong><\/p>\n<p>Des del curs 2023-2024 el Departament d&#8217;Educaci\u00f3 reconeix els <strong>cursos de les EOI com a hores de formaci\u00f3<\/strong> sempre i quan aquests no condueixin a un certificat. \u00c9s el cas dels <strong>nivells A1, A2*, B2.1 i C2.1 (nom\u00e9s d&#8217;angl\u00e8s)<\/strong>. El reconeixement s&#8217;integrar\u00e0 directament a ATRI.<\/p>\n<p>*El nivell A2 condueix a un certificat, per\u00f2 no hi ha prova unificada. Per tant, \u00e9s una excepci\u00f3.<\/p>\n<p><strong>PIA+<\/strong><\/p>\n<p>El Departament d&#8217;Educaci\u00f3 promou la formaci\u00f3 del professorat en lleng\u00fces estrangeres. Per tal de fer-ho, les Escoles Oficials d&#8217;Idiomes ofereixen places en <strong>alemany i franc\u00e8s (tots nivells), angl\u00e8s (a partir de B2.1) i C2 de catal\u00e0<\/strong>\u00a0per a professorat en actiu.<\/p>\n<p>Si la <strong>qualificaci\u00f3 final \u00e9s apte\/a<\/strong>, l&#8217;alumnat PIA+ podr\u00e0 sol\u00b7licitar telem\u00e0ticament el <strong>retorn de la taxa de matr\u00edcula<\/strong> durant els dies assenyalats del mes de juliol.<\/p>\n<p>Trobareu tota la informaci\u00f3 sobre el programa PIA+ <a href=\"http:\/\/xtec.gencat.cat\/ca\/formacio\/formaciogeneralprofessorat\/llengues\/programa-pia\" target=\"_blank\" rel=\"noopener noreferrer\">aqu\u00ed<\/a><\/p>\n<p><strong>MES<\/strong><\/p>\n<p>Per als<strong> nivells A1, A2 i B1 d&#8217;angl\u00e8s<\/strong> que no s\u00f3n al programa PIA+, l&#8217;alumnat docent haur\u00e0 de posar-se l&#8217;<strong>etiqueta MES<\/strong> en el moment de fer la seva <strong>preinscripci\u00f3<\/strong>. La situaci\u00f3 MES passar\u00e0 autom\u00e0ticament a ser PIA+ si l&#8217;alumnat es matricula posteriorment a B2.1 d&#8217;angl\u00e8s.<\/p>\n","protected":false},"excerpt":{"rendered":"<p>Reconeixement formaci\u00f3 professorat<br \/>\nDes del curs 2023-2024 el Departament d&#8217;Educaci\u00f3 reconeix els cursos de les EOI com a hores de formaci\u00f3 sempre i quan aquests no condueixin a un certificat. \u00c9s el cas dels nivells A1, A2*, B2.1 i C2.1 (nom\u00e9s d&#8217;angl\u00e8s). El reconeixement s&#8217;integrar\u00e0 directament&hellip;  <a href=\"https:\/\/agora-eoi.xtec.cat\/eoifigueres\/pia-2\/\" title=\"Read Formaci\u00f3 permanent\">Llegeix m\u00e9s\u00bb<\/a><\/p>\n","protected":false},"author":1,"featured_media":0,"parent":0,"menu_order":40,"comment_status":"closed","ping_status":"closed","template":"page-templates\/side-menu.php","meta":{"_bbp_topic_count":0,"_bbp_reply_count":0,"_bbp_total_topic_count":0,"_bbp_total_reply_count":0,"_bbp_voice_count":0,"_bbp_anonymous_reply_count":0,"_bbp_topic_count_hidden":0,"_bbp_reply_count_hidden":0,"_bbp_forum_subforum_count":0,"footnotes":""},"class_list":["post-9098","page","type-page","status-publish","hentry"],"post_mailing_queue_ids":[],"_links":{"self":[{"href":"https:\/\/agora-eoi.xtec.cat\/eoifigueres\/wp-json\/wp\/v2\/pages\/9098","targetHints":{"allow":["GET"]}}],"collection":[{"href":"https:\/\/agora-eoi.xtec.cat\/eoifigueres\/wp-json\/wp\/v2\/pages"}],"about":[{"href":"https:\/\/agora-eoi.xtec.cat\/eoifigueres\/wp-json\/wp\/v2\/types\/page"}],"author":[{"embeddable":true,"href":"https:\/\/agora-eoi.xtec.cat\/eoifigueres\/wp-json\/wp\/v2\/users\/1"}],"replies":[{"embeddable":true,"href":"https:\/\/agora-eoi.xtec.cat\/eoifigueres\/wp-json\/wp\/v2\/comments?post=9098"}],"version-history":[{"count":6,"href":"https:\/\/agora-eoi.xtec.cat\/eoifigueres\/wp-json\/wp\/v2\/pages\/9098\/revisions"}],"predecessor-version":[{"id":12149,"href":"https:\/\/agora-eoi.xtec.cat\/eoifigueres\/wp-json\/wp\/v2\/pages\/9098\/revisions\/12149"}],"wp:attachment":[{"href":"https:\/\/agora-eoi.xtec.cat\/eoifigueres\/wp-json\/wp\/v2\/media?parent=9098"}],"curies":[{"name":"wp","href":"https:\/\/api.w.org\/{rel}","templated":true}]}}