{"id":9096,"date":"2021-04-30T23:03:51","date_gmt":"2021-04-30T21:03:51","guid":{"rendered":"https:\/\/agora-eoi.xtec.cat\/eoifigueres\/?page_id=9096"},"modified":"2021-12-29T16:45:52","modified_gmt":"2021-12-29T15:45:52","slug":"monografics","status":"publish","type":"page","link":"https:\/\/agora-eoi.xtec.cat\/eoifigueres\/monografics\/","title":{"rendered":"Monogr\u00e0fics"},"content":{"rendered":"<p><strong>Cursos monogr\u00e0fics<\/strong><\/p>\n<p>Al marge dels programes oficials alguns departaments de les Escoles Oficials d\u2019Idiomes poden organitzar cursos monogr\u00e0fics destinats a cobrir necessitats espec\u00ed\u00adfiques d\u2019aprenentatge.<\/p>\n<p>Es consideraran cursos monogr\u00e0fics els cursos de llengua d\u2019especialitat (negocis, llenguatge jur\u00eddic, m\u00e8dic, etc.), d\u2019aprofundiment en el coneixement de la realitat sociocultural dels pa\u00efsos on es parla la llengua objecte d\u2019estudi (literatura, hist\u00f2ria, civilitzaci\u00f3, costums, institucions, etc.), o b\u00e9 de treball d\u2019actualitzaci\u00f3 ling\u00fc\u00edstica o espec\u00edfic per destreses.<\/p>\n<p>Aquests cursos tindran com a destinataris qualsevol persona que acrediti tenir un nivell igual o superior a Intermedi B2 de les EOI, tret dels de llengua d\u2019especialitat, que es podran adre\u00e7ar, sempre que la proposta ho justifiqui, a persones que acreditin tenir un nivell igual o superior al nivell Intermedi B1 de les EOI. Aquests cursos es podran impartir al llarg de l\u2019any o b\u00e9 a l\u2019estiu amb una durada m\u00ednima de 30 hores i m\u00e0xima de 45 hores.<\/p>\n<p>En acabar els cursos, s\u2019obt\u00e9 un certificat acreditatiu, amb el benent\u00e8s que s&#8217;hagi assistit a, com a m\u00ednim, el 80% de les sessions.<\/p>\n<p>El professorat que imparteix monogr\u00e0fics pot ser professorat d\u2019EOI o no. A vegades es contracten persones especialitzades en un tema en concret per impartir aquests cursos.<\/p>\n<p><strong>Cursos de llengua instrumental<\/strong><\/p>\n<p>Les Escoles Oficials d\u2019idiomes podran organitzar cursos de llengua instrumental per a persones adultes s\u2019impartiran a l\u2019estiu o b\u00e9 durant l\u2019any amb una durada m\u00ed\u00adnima de 30 i m\u00e0xima de 80 hores d\u2019entre els idiomes impartits a l\u2019escola que els organitzi. De la mateixa manera i en el cas que la demanda social aix\u00f2\u00ad ho requereixi, es podran organitzar cursos d\u2019un idioma no implantat de forma oficial en una determinada escola (pilotatge de nous idiomes); aquests cursos s\u2019organitzaran sempre que la demanda no pugui ser assumida per una EOI de la zona que imparteixi l\u2019idioma de manera oficial. La durada m\u00ednima d\u2019aquest cursos ser\u00e0 \u00a0de 30 hores i m\u00e0xima de 80.<\/p>\n<p>El document de refer\u00e8ncia pel que fa als objectius i als continguts de tots aquests cursos de llengua instrumental ser\u00e0 \u00a0el Decret EDU\/4\/2009, de 13 de gener, pel qual s\u2019estableix l\u2019ordenaci\u00f3 i el curr\u00ed\u00adculum dels ensenyaments d\u2019idiomes de r\u00e8gim especial (DOGC n\u00fam. 5297, de 15.1.2009).<\/p>\n<p>Aprovaci\u00f3 i reconeixement dels cursos especials<\/p>\n<p>Aquests cursos han de ser estudiats per la Junta Acad\u00e8mica, aprovats pel Consell Escolar del centre, i han de ser autoritzats per la Direcci\u00f3 dels Serveis Territorials corresponents. La seva aprovaci\u00f3 i autoritzaci\u00f3 tindr\u00e0 \u00a0en consideraci\u00f3 l\u2019adequaci\u00f3 dels continguts d\u2019aquests cursos a les necessitats del context en el qual s\u2019ubica l\u2019EOI corresponent. En el cas dels cursos d\u2019idiomes no implantats a l\u2019escola caldr\u00e0 \u00a0presentar als Serveis Territorials \u00a0un informe justificatiu de la necessitat del curs i de l\u2019adequaci\u00f3 de la proposta avalat per professorat especialista en la llengua. No s\u2019oferiran cursos especials que dupliquin el treball que es fa als cursos ordinaris.<\/p>\n<p>Els centres vetllaran per garantir la qualitat d\u2019aquests cursos. El Departament d\u2019Educaci\u00f3 establir\u00e0 \u00a0els criteris perqu\u00e8 puguin autoritzar-los els serveis territorials.<\/p>\n<p>Aquests cursos poden ser reconeguts com a cr\u00e8dits de formaci\u00f3 per la Subdirecci\u00f3 General de Formaci\u00f3 Permanent i Recursos Pedag\u00f2gics, segons els par\u00e0metres establerts.<\/p>\n<p>Els preus dels cursos especials es regeixen segons ordre anual de preus p\u00fablics del Departament d\u2019Educaci\u00f3.<\/p>\n<p>El pagament i la liquidaci\u00f3 de despeses es faran d\u2019acord amb el procediment descrit en la publicaci\u00f3 \u201cGesti\u00f3 econ\u00f2mica del centre docent p\u00fablic\u201d, p\u00e0gina 36, model 110 (Ordre de 30 de gener de 2001, BOE d\u20191.2.2001).<\/p>\n<p>Informaci\u00f3 general dels cursos especials<\/p>\n<p><strong>Documentaci\u00f3 matr\u00ed\u00adcula:<\/strong><\/p>\n<p>Fotoc\u00f2pia DNI<\/p>\n<p>Acreditaci\u00f3 del nivell requerit (si s\u2019escau)<\/p>\n<p>Nombre de places: M\u00ednim 10 alumnes (depenent del curs aquest nombre pot variar). L\u2019ordre de matr\u00ed\u00adcula ser\u00e0 \u00a0per ordre d\u2019arribada. Un curs especial nom\u00e9s s\u2019obrir\u00e0 \u00a0si hi ha un m\u00ednim d\u2019alumnes inscrits.<\/p>\n<p>Certificaci\u00f3: En acabar el curs, l\u2019EOI lliurar\u00e0 \u00a0un certificat d\u2019assist\u00e8ncia a tots els alumnes que hagin assistit a un m\u00ed\u00adnim del 80% de les classes.<\/p>\n<p>Condicions de la matr\u00ed\u00adcula: L\u2019escola es reserva el dret d\u2019anul\u00b7lar el curs si no s\u2019arriba al m\u00ed\u00adnim d\u2019alumnes establert. En aquest cas es retornar\u00e0 \u00a0l\u2019import de la matr\u00edcula.<\/p>\n<p>NO es retornar\u00e0 \u00a0l\u2019import total ni parcial de la matr\u00ed\u00adcula en cas que l\u2019alumne\/a decideixi no assistir al curs o retirar-se\u2019n.<\/p>\n<p>Els cursos especials no s\u00f3n cursos oficials, per tant no donen un dret preferent per accedir a l\u2019escola en qualitat d\u2019alumne\/a oficial ni s\u00f3n t\u00ed\u00adtols que puguin equivaler a un curs oficial.<\/p>\n<p>Algunes universitats de Catalunya reconeixen alguns d\u2019aquests cursos com a cr\u00e8dits d\u2019idiomes de lliure elecci\u00f3.<\/p>\n<p>Adreceu-vos a les secretaries de les vostres facultats per confirmar-ne el reconeixement.<\/p>\n<p><strong>Exempcions i bonificacions del preu de la matr\u00edcula:<\/strong><\/p>\n<p>Exempci\u00f3 del preu p\u00fablic per a les persones que acreditin un grau de discapacitat igual o superior al 33%.<\/p>\n<p>Exempci\u00f3 del preu p\u00fablic per als membres de les fam\u00ed\u00adlies nombroses classificades en la categoria especial, i una bonificaci\u00f3 del 50% per als de categoria general.<\/p>\n<p>Exempci\u00f3 del preu p\u00fablic per a les v\u00edctimes d\u2019actes terroristes, aix\u00ed com per als seus c\u00f2njuges i els seus fills.<\/p>\n<p>La concurr\u00e8ncia en una mateixa persona de les condicions exigides per a dues bonificacions del 50% comporta l\u2019exempci\u00f3 del preu p\u00fablic.<\/p>\n<p>Si voleu suggerir un curs especial podeu escriure a eoifigueres@xtec.cat i el departament de la llengua en que s\u2019ha d\u2019impartir el curs estudiar\u00e0\u00a0 la possibilitat d\u2019oferir-lo.<\/p>\n","protected":false},"excerpt":{"rendered":"<p>Cursos monogr\u00e0fics<br \/>\nAl marge dels programes oficials alguns departaments de les Escoles Oficials d\u2019Idiomes poden organitzar cursos monogr\u00e0fics destinats a cobrir necessitats espec\u00ed\u00adfiques d\u2019aprenentatge.<br \/>\nEs consideraran cursos monogr\u00e0fics els cursos de llengua d\u2019especialitat (negocis, llenguatge jur\u00eddic, m\u00e8dic, etc.), d\u2019aprofundiment en el coneixement de la realitat sociocultural dels&hellip;  <a href=\"https:\/\/agora-eoi.xtec.cat\/eoifigueres\/monografics\/\" title=\"Read Monogr\u00e0fics\">Llegeix m\u00e9s\u00bb<\/a><\/p>\n","protected":false},"author":1,"featured_media":0,"parent":0,"menu_order":0,"comment_status":"closed","ping_status":"closed","template":"page-templates\/side-menu.php","meta":{"_bbp_topic_count":0,"_bbp_reply_count":0,"_bbp_total_topic_count":0,"_bbp_total_reply_count":0,"_bbp_voice_count":0,"_bbp_anonymous_reply_count":0,"_bbp_topic_count_hidden":0,"_bbp_reply_count_hidden":0,"_bbp_forum_subforum_count":0,"footnotes":""},"class_list":["post-9096","page","type-page","status-publish","hentry"],"post_mailing_queue_ids":[],"_links":{"self":[{"href":"https:\/\/agora-eoi.xtec.cat\/eoifigueres\/wp-json\/wp\/v2\/pages\/9096","targetHints":{"allow":["GET"]}}],"collection":[{"href":"https:\/\/agora-eoi.xtec.cat\/eoifigueres\/wp-json\/wp\/v2\/pages"}],"about":[{"href":"https:\/\/agora-eoi.xtec.cat\/eoifigueres\/wp-json\/wp\/v2\/types\/page"}],"author":[{"embeddable":true,"href":"https:\/\/agora-eoi.xtec.cat\/eoifigueres\/wp-json\/wp\/v2\/users\/1"}],"replies":[{"embeddable":true,"href":"https:\/\/agora-eoi.xtec.cat\/eoifigueres\/wp-json\/wp\/v2\/comments?post=9096"}],"version-history":[{"count":4,"href":"https:\/\/agora-eoi.xtec.cat\/eoifigueres\/wp-json\/wp\/v2\/pages\/9096\/revisions"}],"predecessor-version":[{"id":10249,"href":"https:\/\/agora-eoi.xtec.cat\/eoifigueres\/wp-json\/wp\/v2\/pages\/9096\/revisions\/10249"}],"wp:attachment":[{"href":"https:\/\/agora-eoi.xtec.cat\/eoifigueres\/wp-json\/wp\/v2\/media?parent=9096"}],"curies":[{"name":"wp","href":"https:\/\/api.w.org\/{rel}","templated":true}]}}