{"id":9094,"date":"2021-04-30T23:03:36","date_gmt":"2021-04-30T21:03:36","guid":{"rendered":"https:\/\/agora-eoi.xtec.cat\/eoifigueres\/?page_id=9094"},"modified":"2025-05-15T19:03:18","modified_gmt":"2025-05-15T17:03:18","slug":"cursos-destiu","status":"publish","type":"page","link":"https:\/\/agora-eoi.xtec.cat\/eoifigueres\/cursos-destiu\/","title":{"rendered":"Cursos d&#8217;estiu"},"content":{"rendered":"<p><span style=\"color: #0000ff;\"><strong>No es preveu cap curs d&#8217;estiu per al mes de juliol de 2025. A l&#8217;agost l&#8217;escola romandr\u00e0 tancada.<br \/>\n<\/strong><\/span><\/p>\n<p>Els cursos d\u2019estiu s\u00f3n cursos no reglats, de llengua instrumental, que tenen com a finalitat el coneixement general de la llengua, el treball espec\u00edfic per destreses, l\u2019actualitzaci\u00f3 ling\u00fc\u00edstica i el perfeccionament de l\u2019idioma.<\/p>\n<p><strong>Requisits:<\/strong><\/p>\n<ul>\n<li>Tenir 16 anys o complir-los durant l&#8217;any de realitzaci\u00f3 del curs.<\/li>\n<li>Tenir 14 o 15 anys o complir-los durant l&#8217;any de realitzaci\u00f3 del curs (per alemany i franc\u00e8s)<\/li>\n<li>Per a nivells no inicials, s&#8217;haur\u00e0 de presentar un certificat de nivell de la llengua, o b\u00e9, fer un test de nivell.<\/li>\n<\/ul>\n<p>En acabar el curs, s&#8217;expedir\u00e0 un certificat acreditatiu d&#8217;assist\u00e8ncia i \/ o aprofitament a la formaci\u00f3, si l&#8217;assist\u00e8ncia \u00e9s del 80 %<\/p>\n<p>L&#8217;EOI es reserva del dret d&#8217;anul\u00b7lar un nivell ofert si aquest no assoleix un m\u00ednim de persones inscrites.<\/p>\n","protected":false},"excerpt":{"rendered":"<p>No es preveu cap curs d&#8217;estiu per al mes de juliol de 2025. A l&#8217;agost l&#8217;escola romandr\u00e0 tancada.<\/p>\n<p>Els cursos d\u2019estiu s\u00f3n cursos no reglats, de llengua instrumental, que tenen com a finalitat el coneixement general de la llengua, el treball espec\u00edfic per destreses, l\u2019actualitzaci\u00f3 ling\u00fc\u00edstica&hellip;  <a href=\"https:\/\/agora-eoi.xtec.cat\/eoifigueres\/cursos-destiu\/\" title=\"Read Cursos d&#8217;estiu\">Llegeix m\u00e9s\u00bb<\/a><\/p>\n","protected":false},"author":1,"featured_media":0,"parent":0,"menu_order":0,"comment_status":"closed","ping_status":"closed","template":"page-templates\/side-menu.php","meta":{"_bbp_topic_count":0,"_bbp_reply_count":0,"_bbp_total_topic_count":0,"_bbp_total_reply_count":0,"_bbp_voice_count":0,"_bbp_anonymous_reply_count":0,"_bbp_topic_count_hidden":0,"_bbp_reply_count_hidden":0,"_bbp_forum_subforum_count":0,"footnotes":""},"class_list":["post-9094","page","type-page","status-publish","hentry"],"post_mailing_queue_ids":[],"_links":{"self":[{"href":"https:\/\/agora-eoi.xtec.cat\/eoifigueres\/wp-json\/wp\/v2\/pages\/9094","targetHints":{"allow":["GET"]}}],"collection":[{"href":"https:\/\/agora-eoi.xtec.cat\/eoifigueres\/wp-json\/wp\/v2\/pages"}],"about":[{"href":"https:\/\/agora-eoi.xtec.cat\/eoifigueres\/wp-json\/wp\/v2\/types\/page"}],"author":[{"embeddable":true,"href":"https:\/\/agora-eoi.xtec.cat\/eoifigueres\/wp-json\/wp\/v2\/users\/1"}],"replies":[{"embeddable":true,"href":"https:\/\/agora-eoi.xtec.cat\/eoifigueres\/wp-json\/wp\/v2\/comments?post=9094"}],"version-history":[{"count":6,"href":"https:\/\/agora-eoi.xtec.cat\/eoifigueres\/wp-json\/wp\/v2\/pages\/9094\/revisions"}],"predecessor-version":[{"id":12066,"href":"https:\/\/agora-eoi.xtec.cat\/eoifigueres\/wp-json\/wp\/v2\/pages\/9094\/revisions\/12066"}],"wp:attachment":[{"href":"https:\/\/agora-eoi.xtec.cat\/eoifigueres\/wp-json\/wp\/v2\/media?parent=9094"}],"curies":[{"name":"wp","href":"https:\/\/api.w.org\/{rel}","templated":true}]}}