{"id":9087,"date":"2021-04-30T22:56:37","date_gmt":"2021-04-30T20:56:37","guid":{"rendered":"https:\/\/agora-eoi.xtec.cat\/eoifigueres\/?page_id=9087"},"modified":"2021-06-07T16:28:10","modified_gmt":"2021-06-07T14:28:10","slug":"1-sessio-per-setmana","status":"publish","type":"page","link":"https:\/\/agora-eoi.xtec.cat\/eoifigueres\/cursos-oficials\/1-sessio-per-setmana\/","title":{"rendered":"1 sessi\u00f3 per setmana"},"content":{"rendered":"<p>Caracter\u00edstiques dels cursos<strong> flexibilitzats<\/strong> (1 sessi\u00f3 per setmana)<\/p>\n<ul style=\"list-style-type: square;\">\n<li>L&#8217;alumnat assisteix a classe 1 cop per setmana (GRUPS A: dilluns o dimecres o GRUPS B: dimarts o dijous).<\/li>\n<li>Cada sessi\u00f3 t\u00e9 una durada de 2 hores m\u00e9s un quart d&#8217;hora de tutoria setmanal.<\/li>\n<li>S&#8217;hi treballen les diferents destreses, posant \u00e8mfasi en aquelles que impliquin un treball compartit, comunicatiu i competencial.<\/li>\n<li>L&#8217;assist\u00e8ncia a classe \u00e9s obligat\u00f2ria i de gran import\u00e0ncia per poder fer un aprofitament global de l&#8217;experi\u00e8ncia d&#8217;aprenentatge que l&#8217;escola ofereix.<\/li>\n<li>La participaci\u00f3 a classe i el treball en equip afavoreixen l&#8217;assoliment de les compet\u00e8ncies desplegades en el <a href=\"http:\/\/xtec.gencat.cat\/ca\/curriculum\/idiomes-a-les-eoi\/curriculum\/\">curr\u00edculum<\/a>.<\/li>\n<li>Els continguts del nivell es divideixen en dos cursos, al final dels quals l&#8217;alumnat rebr\u00e0 la certificaci\u00f3 corresponent un cop superat l&#8217;examen, si s&#8217;escau.<\/li>\n<\/ul>\n","protected":false},"excerpt":{"rendered":"<p>Caracter\u00edstiques dels cursos flexibilitzats (1 sessi\u00f3 per setmana)<\/p>\n<ul style=\"list-style-type: square;\">\n<li>L&#8217;alumnat assisteix a classe 1 cop per setmana (GRUPS A: dilluns o dimecres o GRUPS B: dimarts o dijous).<\/li>\n<li>Cada sessi\u00f3 t\u00e9 una durada de 2 hores m\u00e9s un quart d&#8217;hora de tutoria setmanal.<\/li>\n<li>S&#8217;hi treballen les diferents&hellip;  <a href=\"https:\/\/agora-eoi.xtec.cat\/eoifigueres\/cursos-oficials\/1-sessio-per-setmana\/\" title=\"Read 1 sessi\u00f3 per setmana\">Llegeix m\u00e9s\u00bb<\/a><br \/>\n","protected":false},"author":1,"featured_media":0,"parent":8151,"menu_order":30,"comment_status":"closed","ping_status":"closed","template":"page-templates\/side-menu.php","meta":{"_bbp_topic_count":0,"_bbp_reply_count":0,"_bbp_total_topic_count":0,"_bbp_total_reply_count":0,"_bbp_voice_count":0,"_bbp_anonymous_reply_count":0,"_bbp_topic_count_hidden":0,"_bbp_reply_count_hidden":0,"_bbp_forum_subforum_count":0,"footnotes":""},"class_list":["post-9087","page","type-page","status-publish","hentry"],"post_mailing_queue_ids":[],"_links":{"self":[{"href":"https:\/\/agora-eoi.xtec.cat\/eoifigueres\/wp-json\/wp\/v2\/pages\/9087","targetHints":{"allow":["GET"]}}],"collection":[{"href":"https:\/\/agora-eoi.xtec.cat\/eoifigueres\/wp-json\/wp\/v2\/pages"}],"about":[{"href":"https:\/\/agora-eoi.xtec.cat\/eoifigueres\/wp-json\/wp\/v2\/types\/page"}],"author":[{"embeddable":true,"href":"https:\/\/agora-eoi.xtec.cat\/eoifigueres\/wp-json\/wp\/v2\/users\/1"}],"replies":[{"embeddable":true,"href":"https:\/\/agora-eoi.xtec.cat\/eoifigueres\/wp-json\/wp\/v2\/comments?post=9087"}],"version-history":[{"count":4,"href":"https:\/\/agora-eoi.xtec.cat\/eoifigueres\/wp-json\/wp\/v2\/pages\/9087\/revisions"}],"predecessor-version":[{"id":9212,"href":"https:\/\/agora-eoi.xtec.cat\/eoifigueres\/wp-json\/wp\/v2\/pages\/9087\/revisions\/9212"}],"up":[{"embeddable":true,"href":"https:\/\/agora-eoi.xtec.cat\/eoifigueres\/wp-json\/wp\/v2\/pages\/8151"}],"wp:attachment":[{"href":"https:\/\/agora-eoi.xtec.cat\/eoifigueres\/wp-json\/wp\/v2\/media?parent=9087"}],"curies":[{"name":"wp","href":"https:\/\/api.w.org\/{rel}","templated":true}]}}