{"id":9085,"date":"2021-04-30T22:56:22","date_gmt":"2021-04-30T20:56:22","guid":{"rendered":"https:\/\/agora-eoi.xtec.cat\/eoifigueres\/?page_id=9085"},"modified":"2021-06-22T16:29:49","modified_gmt":"2021-06-22T14:29:49","slug":"semipresencials","status":"publish","type":"page","link":"https:\/\/agora-eoi.xtec.cat\/eoifigueres\/semipresencials\/","title":{"rendered":"Semipresencials"},"content":{"rendered":"<p>Caracter\u00edstiques dels cursos <strong>semi presencials<\/strong> (1 sessi\u00f3 presencial al centre i una sessi\u00f3 en l\u00ednia de forma asincr\u00f2nica)<\/p>\n<ul style=\"list-style-type: square;\">\n<li>L&#8217;alumnat assisteix a classe 1 cop per setmana (GRUPS A: dilluns o dimecres o GRUPS B: dimarts o dijous).<\/li>\n<li>Cada sessi\u00f3 t\u00e9 una durada de 2 hores m\u00e9s un quart d&#8217;hora de tutoria setmanal.<\/li>\n<li>S&#8217;hi treballen les diferents destreses, posant \u00e8mfasi en aquelles que requereixen un treball compartit, comunicatiu i competencial.<\/li>\n<li>En la sessi\u00f3 asincr\u00f2nica, que l&#8217;alumnat realitzar\u00e0 de manera aut\u00f2noma en l&#8217;horari que m\u00e9s el sigui convenient, haur\u00e0 de dur a terme de manera satisfact\u00f2ria i presentar setmanalment al professorat aquelles tasques que siguin requerides.<\/li>\n<li>L&#8217;assist\u00e8ncia a classe \u00e9s obligat\u00f2ria i de gran import\u00e0ncia per poder fer un aprofitament global de l&#8217;experi\u00e8ncia d&#8217;aprenentatge que l&#8217;escola ofereix.<\/li>\n<li>La participaci\u00f3 a classe i el treball en equip afavoreixen l&#8217;assoliment de les compet\u00e8ncies desplegades en el <a href=\"http:\/\/xtec.gencat.cat\/ca\/curriculum\/idiomes-a-les-eoi\/curriculum\/\">curr\u00edculum<\/a>.<\/li>\n<\/ul>\n<p><iframe loading=\"lazy\" src=\"https:\/\/www.youtube.com\/embed\/MIVni8XNReY\" width=\"560\" height=\"315\" frameborder=\"0\"><\/iframe><\/p>\n","protected":false},"excerpt":{"rendered":"<p>Caracter\u00edstiques dels cursos semi presencials (1 sessi\u00f3 presencial al centre i una sessi\u00f3 en l\u00ednia de forma asincr\u00f2nica)<\/p>\n<ul style=\"list-style-type: square;\">\n<li>L&#8217;alumnat assisteix a classe 1 cop per setmana (GRUPS A: dilluns o dimecres o GRUPS B: dimarts o dijous).<\/li>\n<li>Cada sessi\u00f3 t\u00e9 una durada de 2 hores&hellip;  <a href=\"https:\/\/agora-eoi.xtec.cat\/eoifigueres\/semipresencials\/\" title=\"Read Semipresencials\">Llegeix m\u00e9s\u00bb<\/a><br \/>\n","protected":false},"author":1,"featured_media":0,"parent":0,"menu_order":20,"comment_status":"closed","ping_status":"closed","template":"page-templates\/side-menu.php","meta":{"_bbp_topic_count":0,"_bbp_reply_count":0,"_bbp_total_topic_count":0,"_bbp_total_reply_count":0,"_bbp_voice_count":0,"_bbp_anonymous_reply_count":0,"_bbp_topic_count_hidden":0,"_bbp_reply_count_hidden":0,"_bbp_forum_subforum_count":0,"footnotes":""},"class_list":["post-9085","page","type-page","status-publish","hentry"],"post_mailing_queue_ids":[],"_links":{"self":[{"href":"https:\/\/agora-eoi.xtec.cat\/eoifigueres\/wp-json\/wp\/v2\/pages\/9085","targetHints":{"allow":["GET"]}}],"collection":[{"href":"https:\/\/agora-eoi.xtec.cat\/eoifigueres\/wp-json\/wp\/v2\/pages"}],"about":[{"href":"https:\/\/agora-eoi.xtec.cat\/eoifigueres\/wp-json\/wp\/v2\/types\/page"}],"author":[{"embeddable":true,"href":"https:\/\/agora-eoi.xtec.cat\/eoifigueres\/wp-json\/wp\/v2\/users\/1"}],"replies":[{"embeddable":true,"href":"https:\/\/agora-eoi.xtec.cat\/eoifigueres\/wp-json\/wp\/v2\/comments?post=9085"}],"version-history":[{"count":3,"href":"https:\/\/agora-eoi.xtec.cat\/eoifigueres\/wp-json\/wp\/v2\/pages\/9085\/revisions"}],"predecessor-version":[{"id":9762,"href":"https:\/\/agora-eoi.xtec.cat\/eoifigueres\/wp-json\/wp\/v2\/pages\/9085\/revisions\/9762"}],"wp:attachment":[{"href":"https:\/\/agora-eoi.xtec.cat\/eoifigueres\/wp-json\/wp\/v2\/media?parent=9085"}],"curies":[{"name":"wp","href":"https:\/\/api.w.org\/{rel}","templated":true}]}}