{"id":9083,"date":"2021-04-30T22:56:01","date_gmt":"2021-04-30T20:56:01","guid":{"rendered":"https:\/\/agora-eoi.xtec.cat\/eoifigueres\/?page_id=9083"},"modified":"2021-06-07T16:24:59","modified_gmt":"2021-06-07T14:24:59","slug":"2-sessions-per-setmana","status":"publish","type":"page","link":"https:\/\/agora-eoi.xtec.cat\/eoifigueres\/cursos-oficials\/2-sessions-per-setmana\/","title":{"rendered":"2 sessions per setmana"},"content":{"rendered":"<p>Caracter\u00edstiques dels cursos <strong>extensius<\/strong> (2 sessions per setmana)<\/p>\n<ul style=\"list-style-type: square;\">\n<li>L&#8217;alumnat assisteix a classe 2 cops per setmana (GRUPS A: dilluns i dimecres o GRUPS B: dimarts i dijous).<\/li>\n<li>Cada sessi\u00f3 t\u00e9 una durada de 2 hores m\u00e9s un quart d&#8217;hora de tutoria setmanal.<\/li>\n<li>S&#8217;hi treballen les diferents destreses: parlar, escoltar, llegir, escriure aix\u00ed com la mediaci\u00f3.<\/li>\n<li>L&#8217;assist\u00e8ncia a classe \u00e9s obligat\u00f2ria i de gran import\u00e0ncia per poder fer un aprofitament global de l&#8217;experi\u00e8ncia d&#8217;aprenentatge que l&#8217;escola ofereix.<\/li>\n<li>La participaci\u00f3 a classe i el treball en equip afavoreixen l&#8217;assoliment de les compet\u00e8ncies desplegades en el <a href=\"http:\/\/xtec.gencat.cat\/ca\/curriculum\/idiomes-a-les-eoi\/curriculum\/\">curr\u00edculum<\/a>.<\/li>\n<\/ul>\n","protected":false},"excerpt":{"rendered":"<p>Caracter\u00edstiques dels cursos extensius (2 sessions per setmana)<\/p>\n<ul style=\"list-style-type: square;\">\n<li>L&#8217;alumnat assisteix a classe 2 cops per setmana (GRUPS A: dilluns i dimecres o GRUPS B: dimarts i dijous).<\/li>\n<li>Cada sessi\u00f3 t\u00e9 una durada de 2 hores m\u00e9s un quart d&#8217;hora de tutoria setmanal.<\/li>\n<li>S&#8217;hi treballen les diferents&hellip;  <a href=\"https:\/\/agora-eoi.xtec.cat\/eoifigueres\/cursos-oficials\/2-sessions-per-setmana\/\" title=\"Read 2 sessions per setmana\">Llegeix m\u00e9s\u00bb<\/a><br \/>\n","protected":false},"author":1,"featured_media":0,"parent":8151,"menu_order":10,"comment_status":"closed","ping_status":"closed","template":"page-templates\/side-menu.php","meta":{"_bbp_topic_count":0,"_bbp_reply_count":0,"_bbp_total_topic_count":0,"_bbp_total_reply_count":0,"_bbp_voice_count":0,"_bbp_anonymous_reply_count":0,"_bbp_topic_count_hidden":0,"_bbp_reply_count_hidden":0,"_bbp_forum_subforum_count":0,"footnotes":""},"class_list":["post-9083","page","type-page","status-publish","hentry"],"post_mailing_queue_ids":[],"_links":{"self":[{"href":"https:\/\/agora-eoi.xtec.cat\/eoifigueres\/wp-json\/wp\/v2\/pages\/9083","targetHints":{"allow":["GET"]}}],"collection":[{"href":"https:\/\/agora-eoi.xtec.cat\/eoifigueres\/wp-json\/wp\/v2\/pages"}],"about":[{"href":"https:\/\/agora-eoi.xtec.cat\/eoifigueres\/wp-json\/wp\/v2\/types\/page"}],"author":[{"embeddable":true,"href":"https:\/\/agora-eoi.xtec.cat\/eoifigueres\/wp-json\/wp\/v2\/users\/1"}],"replies":[{"embeddable":true,"href":"https:\/\/agora-eoi.xtec.cat\/eoifigueres\/wp-json\/wp\/v2\/comments?post=9083"}],"version-history":[{"count":3,"href":"https:\/\/agora-eoi.xtec.cat\/eoifigueres\/wp-json\/wp\/v2\/pages\/9083\/revisions"}],"predecessor-version":[{"id":9210,"href":"https:\/\/agora-eoi.xtec.cat\/eoifigueres\/wp-json\/wp\/v2\/pages\/9083\/revisions\/9210"}],"up":[{"embeddable":true,"href":"https:\/\/agora-eoi.xtec.cat\/eoifigueres\/wp-json\/wp\/v2\/pages\/8151"}],"wp:attachment":[{"href":"https:\/\/agora-eoi.xtec.cat\/eoifigueres\/wp-json\/wp\/v2\/media?parent=9083"}],"curies":[{"name":"wp","href":"https:\/\/api.w.org\/{rel}","templated":true}]}}