{"id":8635,"date":"2016-06-20T11:48:09","date_gmt":"2016-06-20T10:48:09","guid":{"rendered":"https:\/\/agora-eoi.xtec.cat\/eoifigueres\/?page_id=8635"},"modified":"2021-06-22T11:26:12","modified_gmt":"2021-06-22T09:26:12","slug":"projecte-educatiu-de-centre-pec","status":"publish","type":"page","link":"https:\/\/agora-eoi.xtec.cat\/eoifigueres\/projecte-educatiu-de-centre-pec\/","title":{"rendered":"Projecte educatiu de centre (PEC)"},"content":{"rendered":"<p>El PEC \u00e9s resultat d\u2019un proc\u00e9s de reflexi\u00f3 sobre l&#8217;estructuraci\u00f3 de les l\u00ednies generals del disseny curricular i sobre la l\u00ednia pedag\u00f2gica que l\u2019escola ha decidit implantar, tot\u00a0 intentant adequar-ho a la realitat del nostre centre i del seu entorn.<\/p>\n<p><a href=\"https:\/\/docs.google.com\/document\/d\/1cPQaB4zuVfVDPc0Szdj6FLCqYfzF8OLqL5SIB1rfbro\/edit?usp=sharing\" target=\"_blank\" rel=\"noopener noreferrer\">Projecte educatiu de centre (PEC)<\/a><\/p>\n","protected":false},"excerpt":{"rendered":"<p>El PEC \u00e9s resultat d\u2019un proc\u00e9s de reflexi\u00f3 sobre l&#8217;estructuraci\u00f3 de les l\u00ednies generals del disseny curricular i sobre la l\u00ednia pedag\u00f2gica que l\u2019escola ha decidit implantar, tot\u00a0 intentant adequar-ho a la realitat del nostre centre i del seu entorn.<br \/>\n<a href=\"https:\/\/docs.google.com\/document\/d\/1cPQaB4zuVfVDPc0Szdj6FLCqYfzF8OLqL5SIB1rfbro\/edit?usp=sharing\" target=\"_blank\" rel=\"noopener noreferrer\">Projecte educatiu&hellip;  <a href=\"https:\/\/agora-eoi.xtec.cat\/eoifigueres\/projecte-educatiu-de-centre-pec\/\" title=\"Read Projecte educatiu de centre (PEC)\">Llegeix m\u00e9s\u00bb<\/a><\/p>\n","protected":false},"author":1,"featured_media":0,"parent":0,"menu_order":50,"comment_status":"closed","ping_status":"closed","template":"page-templates\/side-menu.php","meta":{"_bbp_topic_count":0,"_bbp_reply_count":0,"_bbp_total_topic_count":0,"_bbp_total_reply_count":0,"_bbp_voice_count":0,"_bbp_anonymous_reply_count":0,"_bbp_topic_count_hidden":0,"_bbp_reply_count_hidden":0,"_bbp_forum_subforum_count":0,"footnotes":""},"class_list":["post-8635","page","type-page","status-publish","hentry"],"post_mailing_queue_ids":[],"_links":{"self":[{"href":"https:\/\/agora-eoi.xtec.cat\/eoifigueres\/wp-json\/wp\/v2\/pages\/8635","targetHints":{"allow":["GET"]}}],"collection":[{"href":"https:\/\/agora-eoi.xtec.cat\/eoifigueres\/wp-json\/wp\/v2\/pages"}],"about":[{"href":"https:\/\/agora-eoi.xtec.cat\/eoifigueres\/wp-json\/wp\/v2\/types\/page"}],"author":[{"embeddable":true,"href":"https:\/\/agora-eoi.xtec.cat\/eoifigueres\/wp-json\/wp\/v2\/users\/1"}],"replies":[{"embeddable":true,"href":"https:\/\/agora-eoi.xtec.cat\/eoifigueres\/wp-json\/wp\/v2\/comments?post=8635"}],"version-history":[{"count":3,"href":"https:\/\/agora-eoi.xtec.cat\/eoifigueres\/wp-json\/wp\/v2\/pages\/8635\/revisions"}],"predecessor-version":[{"id":9737,"href":"https:\/\/agora-eoi.xtec.cat\/eoifigueres\/wp-json\/wp\/v2\/pages\/8635\/revisions\/9737"}],"wp:attachment":[{"href":"https:\/\/agora-eoi.xtec.cat\/eoifigueres\/wp-json\/wp\/v2\/media?parent=8635"}],"curies":[{"name":"wp","href":"https:\/\/api.w.org\/{rel}","templated":true}]}}