{"id":8613,"date":"2016-06-20T11:17:12","date_gmt":"2016-06-20T10:17:12","guid":{"rendered":"https:\/\/agora-eoi.xtec.cat\/eoifigueres\/?page_id=8613"},"modified":"2024-05-30T15:15:07","modified_gmt":"2024-05-30T13:15:07","slug":"curriculum","status":"publish","type":"page","link":"https:\/\/agora-eoi.xtec.cat\/eoifigueres\/curriculum\/","title":{"rendered":"Curr\u00edculum"},"content":{"rendered":"<p>El nou curr\u00edculum de les Escoles Oficials d&#8217;Idiomes posa especial \u00e8mfasi en l&#8217;aspecte competencial. L&#8217;EOI de Figueres en la seva voluntat de millora cont\u00ednua desenvolupa aquest curr\u00edculum en unes programacions vives, inclusives i competencials, tot i continuant amb la seva carta de presentaci\u00f3 a nivell pedag\u00f2gic: l&#8217;aprenentatge per tasques.<\/p>\n<p>Trobareu en aquest <a href=\"http:\/\/xtec.gencat.cat\/ca\/curriculum\/idiomes-a-les-eoi\/curriculum\/\" target=\"_blank\" rel=\"noopener noreferrer\">enlla\u00e7<\/a> el curr\u00edculum de les lleng\u00fces impartides.<\/p>\n<p>S&#8217;acaba de publicar el curr\u00edculum del Nivell Intermedi, el trobareu en aquest <a href=\"https:\/\/drive.google.com\/file\/d\/16a0vTjuCN79PJGajBsi6ctkAptyDr3iQ\/view?usp=sharing\" target=\"_blank\" rel=\"noopener\">enlla\u00e7<\/a>.<\/p>\n","protected":false},"excerpt":{"rendered":"<p>El nou curr\u00edculum de les Escoles Oficials d&#8217;Idiomes posa especial \u00e8mfasi en l&#8217;aspecte competencial. L&#8217;EOI de Figueres en la seva voluntat de millora cont\u00ednua desenvolupa aquest curr\u00edculum en unes programacions vives, inclusives i competencials, tot i continuant amb la seva carta de presentaci\u00f3 a nivell&hellip;  <a href=\"https:\/\/agora-eoi.xtec.cat\/eoifigueres\/curriculum\/\" title=\"Read Curr\u00edculum\">Llegeix m\u00e9s\u00bb<\/a><\/p>\n","protected":false},"author":1,"featured_media":0,"parent":0,"menu_order":20,"comment_status":"closed","ping_status":"closed","template":"page-templates\/side-menu.php","meta":{"_bbp_topic_count":0,"_bbp_reply_count":0,"_bbp_total_topic_count":0,"_bbp_total_reply_count":0,"_bbp_voice_count":0,"_bbp_anonymous_reply_count":0,"_bbp_topic_count_hidden":0,"_bbp_reply_count_hidden":0,"_bbp_forum_subforum_count":0,"footnotes":""},"class_list":["post-8613","page","type-page","status-publish","hentry"],"post_mailing_queue_ids":[],"_links":{"self":[{"href":"https:\/\/agora-eoi.xtec.cat\/eoifigueres\/wp-json\/wp\/v2\/pages\/8613","targetHints":{"allow":["GET"]}}],"collection":[{"href":"https:\/\/agora-eoi.xtec.cat\/eoifigueres\/wp-json\/wp\/v2\/pages"}],"about":[{"href":"https:\/\/agora-eoi.xtec.cat\/eoifigueres\/wp-json\/wp\/v2\/types\/page"}],"author":[{"embeddable":true,"href":"https:\/\/agora-eoi.xtec.cat\/eoifigueres\/wp-json\/wp\/v2\/users\/1"}],"replies":[{"embeddable":true,"href":"https:\/\/agora-eoi.xtec.cat\/eoifigueres\/wp-json\/wp\/v2\/comments?post=8613"}],"version-history":[{"count":4,"href":"https:\/\/agora-eoi.xtec.cat\/eoifigueres\/wp-json\/wp\/v2\/pages\/8613\/revisions"}],"predecessor-version":[{"id":11634,"href":"https:\/\/agora-eoi.xtec.cat\/eoifigueres\/wp-json\/wp\/v2\/pages\/8613\/revisions\/11634"}],"wp:attachment":[{"href":"https:\/\/agora-eoi.xtec.cat\/eoifigueres\/wp-json\/wp\/v2\/media?parent=8613"}],"curies":[{"name":"wp","href":"https:\/\/api.w.org\/{rel}","templated":true}]}}