{"id":8610,"date":"2016-06-20T11:15:09","date_gmt":"2016-06-20T10:15:09","guid":{"rendered":"https:\/\/agora-eoi.xtec.cat\/eoifigueres\/?page_id=8610"},"modified":"2025-06-25T13:47:24","modified_gmt":"2025-06-25T11:47:24","slug":"pla-destudis","status":"publish","type":"page","link":"https:\/\/agora-eoi.xtec.cat\/eoifigueres\/pla-destudis\/","title":{"rendered":"Pla d&#8217;estudis"},"content":{"rendered":"<p>La LOMCE mitjan\u00e7ant el Real Decreto 1041\/2017 del 22\/12\/2017 estableix l\u2019ordenaci\u00f3 i el curr\u00ed\u00adculum dels ensenyaments d\u2019idiomes de r\u00e8gim especial.<\/p>\n<p>El pla d\u2019estudis s\u2019estructura en tres nivells (segons el del MERC (<a href=\"http:\/\/llengua.gencat.cat\/ca\/serveis\/informacio_i_difusio\/publicacions_en_linia\/classific_temes\/temes_materials_didactics\/marc_europeu_de_referencia_per_a_les_llengues\" target=\"_blank\" rel=\"noopener noreferrer\">Marc Europeu Com\u00fa de Refer\u00e8ncia per a les lleng\u00fces<\/a>) distribu\u00efts en vuit cursos:<\/p>\n<ul>\n<li>Nivell B\u00e0sic A2: 1r i 2n curs<\/li>\n<li>Nivell Intermedi B1: 3r curs<\/li>\n<li>NIvell Intermedi B2: 4t i 5\u00e8 curs<\/li>\n<li>Nivell Avan\u00e7at C1: 1 curs<\/li>\n<li>Nivell Avan\u00e7at C2: 2 cursos (catal\u00e0 1 curs)<\/li>\n<\/ul>\n<p>L\u2019Escola Oficial d\u2019Idiomes de Figueres ofereix cursos:<\/p>\n<ul>\n<li>d\u2019alemany fins al Nivell Intermedi B2.2<\/li>\n<li>d\u2019angl\u00e8s fins al Nivell Avan\u00e7at C2.2<\/li>\n<li>de catal\u00e0 fins al Nivell Avan\u00e7at C2<\/li>\n<li>de franc\u00e8s fins al Nivell Intermedi B2.2<\/li>\n<\/ul>\n<p>Cada curs t\u00e9 una durada m\u00ed\u00adnima de 130 hores i m\u00e0xima de 150 hores.<\/p>\n<p>Els tres primers cursos d\u2019angl\u00e8s tamb\u00e9 es poden cursar en r\u00e8gim oficial a trav\u00e9s de l\u2019<a href=\"https:\/\/ioc.xtec.cat\/educacio\/\" target=\"_blank\" rel=\"nofollow noopener noreferrer\">IOC Idiomes<\/a>\u00a0(Institut Obert de Catalunya)<\/p>\n<p>El\u00a0<b>pla d\u2019estudis<\/b>\u00a0de les EOI desenvolupa la finalitat dels ensenyaments d\u2019idiomes que s\u2019hi imparteixen, que \u00e9s la capacitat de l\u2019alumnat en l\u2019\u00fas efectiu de l\u2019idioma com a vehicle de comunicaci\u00f3 general.<\/p>\n<p>Per assolir aquesta finalitat, a les EOI es treballa per tal que l\u2019alumnat:<\/p>\n<ul>\n<li>Adquireixi les habilitats b\u00e0siques receptives i productives, tant del llenguatge oral com de l\u2019escrit.<\/li>\n<li>Desenvolupi estrat\u00e8gies comunicatives en diferents \u00e0rees de comunicaci\u00f3.<\/li>\n<li>Desenvolupi estrat\u00e8gies per a l\u2019aprenentatge aut\u00f2nom i continu de lleng\u00fces, que puguin facilitar l\u2019\u00fas de l\u2019idioma en l\u2019exercici d\u2019activitats professionals i en altres \u00e0mbits de la cultura o d\u2019inter\u00e8s personal.<\/li>\n<li>Desenvolupi actituds positives envers la diversitat ling\u00fc\u00edstica i el pluralisme cultural del m\u00f3n actual.<\/li>\n<\/ul>\n<p>Les escoles oficials d\u2019idiomes faciliten un aprenentatge de lleng\u00fces efica\u00e7, amb:<\/p>\n<ul>\n<li>Cursos en la l\u00ed\u00adnia de les directrius del Consell d\u2019Europa<\/li>\n<li>Classes i activitats did\u00e0ctiques que inclouen la llengua en \u00fas, oral i escrita<\/li>\n<li>Professorat especialista i titulat<\/li>\n<\/ul>\n","protected":false},"excerpt":{"rendered":"<p>La LOMCE mitjan\u00e7ant el Real Decreto 1041\/2017 del 22\/12\/2017 estableix l\u2019ordenaci\u00f3 i el curr\u00ed\u00adculum dels ensenyaments d\u2019idiomes de r\u00e8gim especial.<br \/>\nEl pla d\u2019estudis s\u2019estructura en tres nivells (segons el del MERC (<a href=\"http:\/\/llengua.gencat.cat\/ca\/serveis\/informacio_i_difusio\/publicacions_en_linia\/classific_temes\/temes_materials_didactics\/marc_europeu_de_referencia_per_a_les_llengues\" target=\"_blank\" rel=\"noopener noreferrer\">Marc Europeu Com\u00fa de Refer\u00e8ncia per a les lleng\u00fces<\/a>) distribu\u00efts en&hellip;  <a href=\"https:\/\/agora-eoi.xtec.cat\/eoifigueres\/pla-destudis\/\" title=\"Read Pla d&#8217;estudis\">Llegeix m\u00e9s\u00bb<\/a><\/p>\n","protected":false},"author":1,"featured_media":0,"parent":0,"menu_order":40,"comment_status":"closed","ping_status":"closed","template":"page-templates\/side-menu.php","meta":{"_bbp_topic_count":0,"_bbp_reply_count":0,"_bbp_total_topic_count":0,"_bbp_total_reply_count":0,"_bbp_voice_count":0,"_bbp_anonymous_reply_count":0,"_bbp_topic_count_hidden":0,"_bbp_reply_count_hidden":0,"_bbp_forum_subforum_count":0,"footnotes":""},"class_list":["post-8610","page","type-page","status-publish","hentry"],"post_mailing_queue_ids":[],"_links":{"self":[{"href":"https:\/\/agora-eoi.xtec.cat\/eoifigueres\/wp-json\/wp\/v2\/pages\/8610","targetHints":{"allow":["GET"]}}],"collection":[{"href":"https:\/\/agora-eoi.xtec.cat\/eoifigueres\/wp-json\/wp\/v2\/pages"}],"about":[{"href":"https:\/\/agora-eoi.xtec.cat\/eoifigueres\/wp-json\/wp\/v2\/types\/page"}],"author":[{"embeddable":true,"href":"https:\/\/agora-eoi.xtec.cat\/eoifigueres\/wp-json\/wp\/v2\/users\/1"}],"replies":[{"embeddable":true,"href":"https:\/\/agora-eoi.xtec.cat\/eoifigueres\/wp-json\/wp\/v2\/comments?post=8610"}],"version-history":[{"count":6,"href":"https:\/\/agora-eoi.xtec.cat\/eoifigueres\/wp-json\/wp\/v2\/pages\/8610\/revisions"}],"predecessor-version":[{"id":12112,"href":"https:\/\/agora-eoi.xtec.cat\/eoifigueres\/wp-json\/wp\/v2\/pages\/8610\/revisions\/12112"}],"wp:attachment":[{"href":"https:\/\/agora-eoi.xtec.cat\/eoifigueres\/wp-json\/wp\/v2\/media?parent=8610"}],"curies":[{"name":"wp","href":"https:\/\/api.w.org\/{rel}","templated":true}]}}