{"id":8448,"date":"2022-09-22T12:00:09","date_gmt":"2022-09-22T10:00:09","guid":{"rendered":"https:\/\/agora-eoi.xtec.cat\/eoifigueres\/?page_id=8448"},"modified":"2025-11-10T14:15:33","modified_gmt":"2025-11-10T13:15:33","slug":"carnet-destudiant-2","status":"publish","type":"page","link":"https:\/\/agora-eoi.xtec.cat\/eoifigueres\/carnet-destudiant-2\/","title":{"rendered":"Carnet d&#8217;estudiant"},"content":{"rendered":"<p>El carnet d&#8217;estudiant de l&#8217;EOI Figueres \u00e9s una eina m\u00e9s per avan\u00e7ar en l&#8217;aprenentatge d&#8217;una llengua estrangera que qualsevol persona, tot i no estar matriculada a l&#8217;escola, pot sol\u00b7licitar, previ pagament de l&#8217;import de <strong>30 euros per a l&#8217;alumnat oficial <\/strong>(consulteu les bonificacions i exempcions a secretaria) <strong>o 50 euros per a persones no matriculades als cursos oficials<\/strong>.<\/p>\n<p>El carnet nom\u00e9s tindr\u00e0 validesa per al curs acad\u00e8mic en curs i ha de dur el segell de l\u2019escola.<\/p>\n<p>Amb el carnet de la nostra escola pots gaudir dels seg\u00fcents avantatges:<\/p>\n<ul>\n<li>Entrada gratu\u00efta a totes les activitats extraescolars que organitzem (<strong>xerrades<\/strong>,\u00a0<strong>obres de teatre<\/strong>,\u00a0<strong>sortides<\/strong>, <strong>visites guiades,<\/strong> <strong>projecci\u00f3 de pel\u00b7l\u00ed\u00adcules<\/strong>,\u00a0<strong>confer\u00e8ncies<\/strong>, etc).<\/li>\n<li>Utilitzaci\u00f3 de la <strong>biblioteca<\/strong> i servei de pr\u00e9stec de llibres, revistes, DVDs i lectors de DVD.<\/li>\n<li>Participaci\u00f3 gratu\u00efta als\u00a0<strong>clubs de conversa<\/strong> i\u00a0<strong>clubs de lectura<\/strong>\u00a0que organitza l\u2019escola. Distribuci\u00f3 per nivells i grups redu\u00efts.<\/li>\n<li>Descomptes a les<strong> llibreries Text, La Ploma<\/strong> i <strong>Abacus.<\/strong><\/li>\n<li>Entrada redu\u00efda al <strong>Museu del Joguet de Catalunya<\/strong> de Figueres.<\/li>\n<li>Entrada redu\u00efda al <strong>Museu de l&#8217;Empord\u00e0<\/strong> de Figueres.<\/li>\n<li>Entrada redu\u00efda a la <strong>Casa Natal Salvador Dal\u00ed<\/strong> de Figueres.<\/li>\n<li>Entrada redu\u00efda al <strong>Teatre-Museu Dal\u00ed<\/strong> de Figueres, al <strong>Castell Gala Dal\u00ed<\/strong> de P\u00fabol i a la <strong>Casa Salvador Dal\u00ed<\/strong> de Portlligat (Cadaqu\u00e9s).<\/li>\n<li>El carnet de l\u2019EOI Figueres tamb\u00e9 pot servir per a gaudir de descomptes per entrar a <strong>museus<\/strong> tant dins de Catalunya o Espanya com a l\u2019estranger.<\/li>\n<\/ul>\n<div id=\"section-right\" class=\"col-xs-12 col-lg-2\">\n<div class=\"row\">\n<div class=\"col-xs-12 text-center social\">\n<div id=\"fb-root\" class=\" fb_reset\"><\/div>\n<div class=\"fb-page fb_iframe_widget\" data-href=\"https:\/\/www.facebook.com\/eoidefigueres\" data-tabs=\"timeline\" data-small-header=\"false\" data-adapt-container-width=\"true\" data-hide-cover=\"false\" data-show-facepile=\"true\"><\/div>\n<\/div>\n<\/div>\n<\/div>\n<p>Baixeu el<strong> <a href=\"https:\/\/drive.google.com\/file\/d\/1dfpJvq3DjLWS8N6kUwWuewauUkGhHEeg\/view?usp=sharing\" target=\"_blank\" rel=\"noopener\"><span style=\"text-decoration: underline;\">carnet<\/span> <\/a><\/strong>al vostre disc dur, ompliu-lo i aneu a secretaria perqu\u00e8 us posin el segell.<\/p>\n<p><a href=\"https:\/\/agora-eoi.xtec.cat\/eoifigueres\/wp-content\/uploads\/usu2258\/2025\/08\/Carnet-2025-2026.png\"><img loading=\"lazy\" decoding=\"async\" class=\"alignleft size-full wp-image-12168\" src=\"https:\/\/agora-eoi.xtec.cat\/eoifigueres\/wp-content\/uploads\/usu2258\/2025\/08\/Carnet-2025-2026.png\" alt=\"\" width=\"333\" height=\"218\" srcset=\"https:\/\/agora-eoi.xtec.cat\/eoifigueres\/wp-content\/uploads\/usu2258\/2025\/08\/Carnet-2025-2026.png 333w, https:\/\/agora-eoi.xtec.cat\/eoifigueres\/wp-content\/uploads\/usu2258\/2025\/08\/Carnet-2025-2026-300x196.png 300w\" sizes=\"auto, (max-width: 333px) 100vw, 333px\" \/><\/a><\/p>\n<p>&nbsp;<\/p>\n","protected":false},"excerpt":{"rendered":"<p>El carnet d&#8217;estudiant de l&#8217;EOI Figueres \u00e9s una eina m\u00e9s per avan\u00e7ar en l&#8217;aprenentatge d&#8217;una llengua estrangera que qualsevol persona, tot i no estar matriculada a l&#8217;escola, pot sol\u00b7licitar, previ pagament de l&#8217;import de 30 euros per a l&#8217;alumnat oficial (consulteu les bonificacions i exempcions&hellip;  <a href=\"https:\/\/agora-eoi.xtec.cat\/eoifigueres\/carnet-destudiant-2\/\" title=\"Read Carnet d&#8217;estudiant\">Llegeix m\u00e9s\u00bb<\/a><\/p>\n","protected":false},"author":1,"featured_media":0,"parent":0,"menu_order":0,"comment_status":"closed","ping_status":"closed","template":"page-templates\/side-menu.php","meta":{"_bbp_topic_count":0,"_bbp_reply_count":0,"_bbp_total_topic_count":0,"_bbp_total_reply_count":0,"_bbp_voice_count":0,"_bbp_anonymous_reply_count":0,"_bbp_topic_count_hidden":0,"_bbp_reply_count_hidden":0,"_bbp_forum_subforum_count":0,"footnotes":""},"class_list":["post-8448","page","type-page","status-publish","hentry"],"post_mailing_queue_ids":[],"_links":{"self":[{"href":"https:\/\/agora-eoi.xtec.cat\/eoifigueres\/wp-json\/wp\/v2\/pages\/8448","targetHints":{"allow":["GET"]}}],"collection":[{"href":"https:\/\/agora-eoi.xtec.cat\/eoifigueres\/wp-json\/wp\/v2\/pages"}],"about":[{"href":"https:\/\/agora-eoi.xtec.cat\/eoifigueres\/wp-json\/wp\/v2\/types\/page"}],"author":[{"embeddable":true,"href":"https:\/\/agora-eoi.xtec.cat\/eoifigueres\/wp-json\/wp\/v2\/users\/1"}],"replies":[{"embeddable":true,"href":"https:\/\/agora-eoi.xtec.cat\/eoifigueres\/wp-json\/wp\/v2\/comments?post=8448"}],"version-history":[{"count":7,"href":"https:\/\/agora-eoi.xtec.cat\/eoifigueres\/wp-json\/wp\/v2\/pages\/8448\/revisions"}],"predecessor-version":[{"id":12295,"href":"https:\/\/agora-eoi.xtec.cat\/eoifigueres\/wp-json\/wp\/v2\/pages\/8448\/revisions\/12295"}],"wp:attachment":[{"href":"https:\/\/agora-eoi.xtec.cat\/eoifigueres\/wp-json\/wp\/v2\/media?parent=8448"}],"curies":[{"name":"wp","href":"https:\/\/api.w.org\/{rel}","templated":true}]}}