{"id":8434,"date":"2016-06-14T15:41:55","date_gmt":"2016-06-14T14:41:55","guid":{"rendered":"https:\/\/agora-eoi.xtec.cat\/eoifigueres\/?page_id=8434"},"modified":"2023-07-11T09:56:42","modified_gmt":"2023-07-11T07:56:42","slug":"beques","status":"publish","type":"page","link":"https:\/\/agora-eoi.xtec.cat\/eoifigueres\/beques\/","title":{"rendered":"Vull sol\u00b7licitar una beca"},"content":{"rendered":"<p>Podeu trobar tota la informaci\u00f3 sobre beques, ajuts i subvencions <a href=\"http:\/\/web.gencat.cat\/ca\/tramits\/tramits-temes\/Beques-de-caracter-general-per-a-estudis-postobligatoris?category=7449fd1c-a82c-11e3-a972-000c29052e2c\" target=\"_blank\" rel=\"noopener noreferrer\">aqu\u00ed<\/a>.<\/p>\n<p><strong>Important: <\/strong>Segons la normativa publicada la la plana web del Departament d&#8217;Educaci\u00f3:<\/p>\n<ul style=\"list-style-type: disc;\">\n<li><strong>Alumnat de nivells A1, A2, C1 i C2<\/strong> &#8211; <a href=\"http:\/\/educacio.gencat.cat\/ca\/departament\/normativa\/taxes-preus-publics\/preu-public\/\" target=\"_blank\" rel=\"noopener\">Preus p\u00fablics. Departament d&#8217;Educaci\u00f3 (gencat.cat)<\/a>.<\/li>\n<\/ul>\n<p>Els alumnes que tinguin concedida una beca o ajut a l&#8217;estudi en aquests mateixos ensenyaments per part de l&#8217;administraci\u00f3 p\u00fablica competent en la mat\u00e8ria, gaudiran d&#8217;una bonificaci\u00f3 del 50% de l&#8217;import del preu p\u00fablic corresponent, pr\u00e8via acreditaci\u00f3 documental. La bonificaci\u00f3 nom\u00e9s es concedir\u00e0 pel mateix curs acad\u00e8mic pel qual s&#8217;ha concedit la beca.<br \/>\nEn aquests casos, a l&#8217;efecte de formalitzaci\u00f3 de la matr\u00edcula, si l&#8217;alumne no t\u00e9 concedida encara la beca ha d&#8217;abonar l&#8217;import del preu p\u00fablic corresponent. Un cop se li notifiqui la concessi\u00f3 de la beca, podr\u00e0 demanar la devoluci\u00f3 de l&#8217;import, davant de la direcci\u00f3 que els retornar\u00e0 el 50% de l&#8217;import del preu p\u00fablic pagat.<\/p>\n<ul style=\"list-style-type: disc;\">\n<li><strong>Alumnat de nivells B1, B2.1, B2.2<\/strong> &#8211; <a style=\"font-family: inherit; font-size: 1em;\" href=\"http:\/\/educacio.gencat.cat\/ca\/departament\/normativa\/taxes-preus-publics\/taxes\/\" target=\"_blank\" rel=\"noopener\">Taxes. Departament d&#8217;Educaci\u00f3 (gencat.cat)<\/a><\/li>\n<\/ul>\n<p>Alumnes que tinguin concedida una beca per a estudis d&#8217;idiomes per part de l&#8217;Administraci\u00f3 p\u00fablica competent en la mat\u00e8ria. Si un alumne es matricula de dos o m\u00e9s idiomes, l&#8217;exempci\u00f3 nom\u00e9s abasta l&#8217;idioma per al qual s&#8217;ha concedit la beca. L&#8217;exempci\u00f3 nom\u00e9s es concedir\u00e0 per al mateix curs acad\u00e8mic per al qual s&#8217;ha concedit la beca. A l&#8217;efecte de formalitzaci\u00f3 de la matr\u00edcula oficial, l&#8217;alumne ha d&#8217;abonar la taxa si encara no t\u00e9 concedida la beca. Un cop se li notifiqui la concessi\u00f3 de la beca, podr\u00e0 demanar la devoluci\u00f3 de l&#8217;import de la taxa mitjan\u00e7at el procediment de devoluci\u00f3 d&#8217;ingressos indeguts.<\/p>\n<p><span style=\"color: #008080;\"><strong>Ambdues situacions de sol\u00b7licitud de devoluci\u00f3 de taxes o preus p\u00fablics es podr\u00e0 formalitzar a la Secretaria de l&#8217;EOI una vegada hagi finalitzat el curs escolar amb la qualificaci\u00f3 d&#8217;Apte\/a.<\/strong><\/span><\/p>\n","protected":false},"excerpt":{"rendered":"<p>Podeu trobar tota la informaci\u00f3 sobre beques, ajuts i subvencions <a href=\"http:\/\/web.gencat.cat\/ca\/tramits\/tramits-temes\/Beques-de-caracter-general-per-a-estudis-postobligatoris?category=7449fd1c-a82c-11e3-a972-000c29052e2c\" target=\"_blank\" rel=\"noopener noreferrer\">aqu\u00ed<\/a>.<br \/>\nImportant: Segons la normativa publicada la la plana web del Departament d&#8217;Educaci\u00f3:<\/p>\n<ul style=\"list-style-type: disc;\">\n<li>Alumnat de nivells A1, A2, C1 i C2 &#8211; <a href=\"http:\/\/educacio.gencat.cat\/ca\/departament\/normativa\/taxes-preus-publics\/preu-public\/\" target=\"_blank\" rel=\"noopener\">Preus p\u00fablics. Departament d&#8217;Educaci\u00f3 (gencat.cat)<\/a>.<\/li>\n<\/ul>\n<p>Els alumnes&hellip;  <a href=\"https:\/\/agora-eoi.xtec.cat\/eoifigueres\/beques\/\" title=\"Read Vull sol\u00b7licitar una beca\">Llegeix m\u00e9s\u00bb<\/a><\/p>\n","protected":false},"author":1,"featured_media":0,"parent":0,"menu_order":80,"comment_status":"closed","ping_status":"closed","template":"page-templates\/side-menu.php","meta":{"_bbp_topic_count":0,"_bbp_reply_count":0,"_bbp_total_topic_count":0,"_bbp_total_reply_count":0,"_bbp_voice_count":0,"_bbp_anonymous_reply_count":0,"_bbp_topic_count_hidden":0,"_bbp_reply_count_hidden":0,"_bbp_forum_subforum_count":0,"footnotes":""},"class_list":["post-8434","page","type-page","status-publish","hentry"],"post_mailing_queue_ids":[],"_links":{"self":[{"href":"https:\/\/agora-eoi.xtec.cat\/eoifigueres\/wp-json\/wp\/v2\/pages\/8434","targetHints":{"allow":["GET"]}}],"collection":[{"href":"https:\/\/agora-eoi.xtec.cat\/eoifigueres\/wp-json\/wp\/v2\/pages"}],"about":[{"href":"https:\/\/agora-eoi.xtec.cat\/eoifigueres\/wp-json\/wp\/v2\/types\/page"}],"author":[{"embeddable":true,"href":"https:\/\/agora-eoi.xtec.cat\/eoifigueres\/wp-json\/wp\/v2\/users\/1"}],"replies":[{"embeddable":true,"href":"https:\/\/agora-eoi.xtec.cat\/eoifigueres\/wp-json\/wp\/v2\/comments?post=8434"}],"version-history":[{"count":4,"href":"https:\/\/agora-eoi.xtec.cat\/eoifigueres\/wp-json\/wp\/v2\/pages\/8434\/revisions"}],"predecessor-version":[{"id":11090,"href":"https:\/\/agora-eoi.xtec.cat\/eoifigueres\/wp-json\/wp\/v2\/pages\/8434\/revisions\/11090"}],"wp:attachment":[{"href":"https:\/\/agora-eoi.xtec.cat\/eoifigueres\/wp-json\/wp\/v2\/media?parent=8434"}],"curies":[{"name":"wp","href":"https:\/\/api.w.org\/{rel}","templated":true}]}}