{"id":8432,"date":"2016-06-14T15:36:36","date_gmt":"2016-06-14T14:36:36","guid":{"rendered":"https:\/\/agora-eoi.xtec.cat\/eoifigueres\/?page_id=8432"},"modified":"2025-10-17T20:42:56","modified_gmt":"2025-10-17T18:42:56","slug":"activitats-culturals","status":"publish","type":"page","link":"https:\/\/agora-eoi.xtec.cat\/eoifigueres\/activitats-culturals\/","title":{"rendered":"Activitats culturals"},"content":{"rendered":"<p>Cada curs l&#8217;EOI Figueres organitza diverses activitats per promoure les lleng\u00fces objecte d&#8217;aprenentatge en un marc cultural i l\u00fadic.<\/p>\n<p>Activitats com ara la Festa de Nadal, el concurs de Sant Jordi o l&#8217;exposici\u00f3 anual cerquen &#8220;fer escola&#8221;, facilitant la trobada entre alumnat de diferents lleng\u00fces i fomentant l&#8217;\u00fas de l&#8217;alemany, l&#8217;angl\u00e8s i el franc\u00e8s fora de l&#8217;aula.<\/p>\n<p>A m\u00e9s a m\u00e9s, cada departament organitza activitats variades comptant amb les propostes del propi alumnat amb un objectiu conjunt: gaudir de les cultures dels pa\u00efsos de parla alemanya, anglesa i francesa, i aprendre a partir d&#8217;activitats amb tem\u00e0tiques engrescadores i molt diverses.<\/p>\n<p>Consulteu la programaci\u00f3 d&#8217;activitats culturals d&#8217;enguany:<\/p>\n<ul style=\"list-style-type: square;\">\n<li><a href=\"https:\/\/www.canva.com\/design\/DAGzWKxtGP4\/w5l7j53BRYBg8xtGZHukAg\/view?utm_content=DAGzWKxtGP4&amp;utm_campaign=designshare&amp;utm_medium=link2&amp;utm_source=uniquelinks&amp;utlId=h06a3e11f6c\" target=\"_blank\" rel=\"noopener\">Alemany<\/a><\/li>\n<li><a href=\"https:\/\/www.canva.com\/design\/DAG1wJDY73w\/HXmeU7Lge0oIizPr-EVYgQ\/view?utm_content=DAG1wJDY73w&amp;utm_campaign=designshare&amp;utm_medium=link2&amp;utm_source=uniquelinks&amp;utlId=h7340c379ac\" target=\"_blank\" rel=\"noopener\">Angl\u00e8s<\/a><\/li>\n<li><a href=\"https:\/\/www.canva.com\/design\/DAGzIjZkDsg\/G-7WXnXJYwyGYyDaNySdsA\/view\" target=\"_blank\" rel=\"noopener\">Catal\u00e0<\/a><\/li>\n<li><a href=\"https:\/\/www.canva.com\/design\/DAGzajpDpeM\/j7_QkEu4mLG32AnpT2uirw\/edit\" target=\"_blank\" rel=\"noopener\">Franc\u00e8s<\/a><\/li>\n<\/ul>\n<p>&nbsp;<\/p>\n","protected":false},"excerpt":{"rendered":"<p>Cada curs l&#8217;EOI Figueres organitza diverses activitats per promoure les lleng\u00fces objecte d&#8217;aprenentatge en un marc cultural i l\u00fadic.<br \/>\nActivitats com ara la Festa de Nadal, el concurs de Sant Jordi o l&#8217;exposici\u00f3 anual cerquen &#8220;fer escola&#8221;, facilitant la trobada entre alumnat de diferents lleng\u00fces i&hellip;  <a href=\"https:\/\/agora-eoi.xtec.cat\/eoifigueres\/activitats-culturals\/\" title=\"Read Activitats culturals\">Llegeix m\u00e9s\u00bb<\/a><\/p>\n","protected":false},"author":1,"featured_media":0,"parent":0,"menu_order":20,"comment_status":"closed","ping_status":"closed","template":"page-templates\/side-menu.php","meta":{"_bbp_topic_count":0,"_bbp_reply_count":0,"_bbp_total_topic_count":0,"_bbp_total_reply_count":0,"_bbp_voice_count":0,"_bbp_anonymous_reply_count":0,"_bbp_topic_count_hidden":0,"_bbp_reply_count_hidden":0,"_bbp_forum_subforum_count":0,"footnotes":""},"class_list":["post-8432","page","type-page","status-publish","hentry"],"post_mailing_queue_ids":[],"_links":{"self":[{"href":"https:\/\/agora-eoi.xtec.cat\/eoifigueres\/wp-json\/wp\/v2\/pages\/8432","targetHints":{"allow":["GET"]}}],"collection":[{"href":"https:\/\/agora-eoi.xtec.cat\/eoifigueres\/wp-json\/wp\/v2\/pages"}],"about":[{"href":"https:\/\/agora-eoi.xtec.cat\/eoifigueres\/wp-json\/wp\/v2\/types\/page"}],"author":[{"embeddable":true,"href":"https:\/\/agora-eoi.xtec.cat\/eoifigueres\/wp-json\/wp\/v2\/users\/1"}],"replies":[{"embeddable":true,"href":"https:\/\/agora-eoi.xtec.cat\/eoifigueres\/wp-json\/wp\/v2\/comments?post=8432"}],"version-history":[{"count":7,"href":"https:\/\/agora-eoi.xtec.cat\/eoifigueres\/wp-json\/wp\/v2\/pages\/8432\/revisions"}],"predecessor-version":[{"id":12257,"href":"https:\/\/agora-eoi.xtec.cat\/eoifigueres\/wp-json\/wp\/v2\/pages\/8432\/revisions\/12257"}],"wp:attachment":[{"href":"https:\/\/agora-eoi.xtec.cat\/eoifigueres\/wp-json\/wp\/v2\/media?parent=8432"}],"curies":[{"name":"wp","href":"https:\/\/api.w.org\/{rel}","templated":true}]}}