{"id":8427,"date":"2016-06-14T15:20:45","date_gmt":"2016-06-14T14:20:45","guid":{"rendered":"https:\/\/agora-eoi.xtec.cat\/eoifigueres\/?page_id=8427"},"modified":"2024-09-18T10:49:28","modified_gmt":"2024-09-18T08:49:28","slug":"grups-de-conversa","status":"publish","type":"page","link":"https:\/\/agora-eoi.xtec.cat\/eoifigueres\/grups-de-conversa\/","title":{"rendered":"Grups de conversa"},"content":{"rendered":"<p><a href=\"https:\/\/agora-eoi.xtec.cat\/eoifigueres\/wp-content\/uploads\/usu2258\/2016\/06\/Collaboration-96.png\" rel=\"attachment wp-att-8677\"><img loading=\"lazy\" decoding=\"async\" class=\"size-full wp-image-8677 alignleft\" src=\"https:\/\/agora-eoi.xtec.cat\/eoifigueres\/wp-content\/uploads\/usu2258\/2016\/06\/Collaboration-96.png\" alt=\"Collaboration-96\" width=\"96\" height=\"96\" \/><\/a><\/p>\n<p>Amb el prop\u00f2sit de fomentar la comunicaci\u00f3 i interacci\u00f3 en les tres lleng\u00fces que ofereix l&#8217;escola, cada departament organitza trobades dinamitzades per una persona nadiua. Cada departament pot decidir organitzar aquestes sessions fora de l&#8217;horari lectiu (en aquest cas estan obertes per a les persones amb el carnet de l&#8217;EOI).<\/p>\n<p>En aquestes sessions, on hi participen un <strong>m\u00e0xim de 10 persones<\/strong>, es parlar\u00e0 de temes d&#8217;inter\u00e8s general i d&#8217;actualitat, amb el benent\u00e8s que no es tracten de classes de conversa sin\u00f3 d&#8217;un espai on aprofitar per, de manera molt participativa, utilitzar la llengua objecte d&#8217;aprenentatge en grup redu\u00eft. Les sessions estan organitzades per nivells, comen\u00e7ant per l&#8217;A2 fins al C2.<\/p>\n<p>Consulteu la programaci\u00f3 de trobades d&#8217;enguany:<\/p>\n<ul style=\"list-style-type: square;\">\n<li><a href=\"https:\/\/docs.google.com\/document\/d\/1MWjIpMkQWlS4wURu00i9i3JIZiokpxIKn3LApBuxwGw\/edit?usp=sharing\" target=\"_blank\" rel=\"noopener noreferrer\">Alemany<\/a><\/li>\n<li><a href=\"https:\/\/docs.google.com\/document\/d\/1n_vPhmW0WPWCDuXEeRfYHPS-T3Fx0eEiDzuQE7x4AVo\/edit?usp=sharing\" target=\"_blank\" rel=\"noopener noreferrer\">Angl\u00e8s<\/a><\/li>\n<li><a href=\"https:\/\/docs.google.com\/document\/d\/1LxjIBgTUPz0-1dI-8x1b79HkxVci1DZANDzIO6OGNOU\/edit?usp=sharing\" target=\"_blank\" rel=\"noopener\">Catal\u00e0<\/a><\/li>\n<li><a href=\"https:\/\/docs.google.com\/document\/d\/1jXTFimp3rgPKFEpMBpeb0-7v7nVB9bE-iJ_omtwOp-g\/edit?usp=sharing\" target=\"_blank\" rel=\"noopener noreferrer\">Franc\u00e8s<\/a><\/li>\n<\/ul>\n<p>&nbsp;<\/p>\n","protected":false},"excerpt":{"rendered":"<p><a href=\"https:\/\/agora-eoi.xtec.cat\/eoifigueres\/wp-content\/uploads\/usu2258\/2016\/06\/Collaboration-96.png\" rel=\"attachment wp-att-8677\"><\/a><br \/>\nAmb el prop\u00f2sit de fomentar la comunicaci\u00f3 i interacci\u00f3 en les tres lleng\u00fces que ofereix l&#8217;escola, cada departament organitza trobades dinamitzades per una persona nadiua. Cada departament pot decidir organitzar aquestes sessions fora de l&#8217;horari lectiu (en aquest cas estan obertes per&hellip;  <a href=\"https:\/\/agora-eoi.xtec.cat\/eoifigueres\/grups-de-conversa\/\" title=\"Read Grups de conversa\">Llegeix m\u00e9s\u00bb<\/a><\/p>\n","protected":false},"author":1,"featured_media":0,"parent":0,"menu_order":30,"comment_status":"closed","ping_status":"closed","template":"page-templates\/side-menu.php","meta":{"_bbp_topic_count":0,"_bbp_reply_count":0,"_bbp_total_topic_count":0,"_bbp_total_reply_count":0,"_bbp_voice_count":0,"_bbp_anonymous_reply_count":0,"_bbp_topic_count_hidden":0,"_bbp_reply_count_hidden":0,"_bbp_forum_subforum_count":0,"footnotes":""},"class_list":["post-8427","page","type-page","status-publish","hentry"],"post_mailing_queue_ids":[],"_links":{"self":[{"href":"https:\/\/agora-eoi.xtec.cat\/eoifigueres\/wp-json\/wp\/v2\/pages\/8427","targetHints":{"allow":["GET"]}}],"collection":[{"href":"https:\/\/agora-eoi.xtec.cat\/eoifigueres\/wp-json\/wp\/v2\/pages"}],"about":[{"href":"https:\/\/agora-eoi.xtec.cat\/eoifigueres\/wp-json\/wp\/v2\/types\/page"}],"author":[{"embeddable":true,"href":"https:\/\/agora-eoi.xtec.cat\/eoifigueres\/wp-json\/wp\/v2\/users\/1"}],"replies":[{"embeddable":true,"href":"https:\/\/agora-eoi.xtec.cat\/eoifigueres\/wp-json\/wp\/v2\/comments?post=8427"}],"version-history":[{"count":7,"href":"https:\/\/agora-eoi.xtec.cat\/eoifigueres\/wp-json\/wp\/v2\/pages\/8427\/revisions"}],"predecessor-version":[{"id":11840,"href":"https:\/\/agora-eoi.xtec.cat\/eoifigueres\/wp-json\/wp\/v2\/pages\/8427\/revisions\/11840"}],"wp:attachment":[{"href":"https:\/\/agora-eoi.xtec.cat\/eoifigueres\/wp-json\/wp\/v2\/media?parent=8427"}],"curies":[{"name":"wp","href":"https:\/\/api.w.org\/{rel}","templated":true}]}}