{"id":8377,"date":"2016-06-13T13:50:10","date_gmt":"2016-06-13T12:50:10","guid":{"rendered":"https:\/\/agora-eoi.xtec.cat\/eoifigueres\/?page_id=8377"},"modified":"2026-02-17T18:00:48","modified_gmt":"2026-02-17T17:00:48","slug":"expedicio-de-titols","status":"publish","type":"page","link":"https:\/\/agora-eoi.xtec.cat\/eoifigueres\/expedicio-de-titols\/","title":{"rendered":"Expedici\u00f3 de t\u00edtols"},"content":{"rendered":"<ul>\n<li><a href=\"https:\/\/docs.google.com\/document\/d\/1Ytq7wTBz1DzRuKjAYHK6mPTKvtlBwxUAKb-u-uivQvg\/edit?usp=sharing\" target=\"_blank\" rel=\"noopener\"><span style=\"color: #008080;\">Nivell B\u00e0sic A2 i Nivell Intermedi B1<\/span><\/a><\/li>\n<li><a href=\"https:\/\/docs.google.com\/document\/d\/17h7NcarAenZwVT6tjyID52Ow5iS1YNrq9vRrpLXySf0\/edit?usp=sharing\" target=\"_blank\" rel=\"noopener\"><span style=\"color: #008080;\">Nivell Intermedi B2 i Nivell Avan\u00e7at C1 i C2<\/span><\/a><\/li>\n<li><a href=\"https:\/\/docs.google.com\/document\/d\/102EQJYNJR_XTJZ0ITxetS35lgN8RveAXb8yyjhMMv8c\/edit?usp=sharing\" target=\"_blank\" rel=\"noopener\"><span style=\"color: #008080;\">Expedici\u00f3 de t\u00edtol i recollida<\/span><\/a><\/li>\n<li>Consulteu les taxes i bonificacions<a href=\"https:\/\/agora-eoi.xtec.cat\/eoifigueres\/secretaria\/preu-i-modificacions\/\" target=\"_blank\" rel=\"noopener noreferrer\"> aqu\u00ed.<\/a><\/li>\n<li><a href=\"https:\/\/www.educacionfpydeportes.gob.es\/servicios-al-ciudadano\/catalogo\/gestion-titulos\/estudios-no-universitarios\/titulos-espanoles\/consulta-titulos-no-universitarios.html\" target=\"_blank\" rel=\"noopener\">Consulta l&#8217;estat de la titulaci\u00f3 al registre de t\u00edtols no universitaris (MEC), nom\u00e9s els nivells B2, C1 i C2<\/a><\/li>\n<\/ul>\n","protected":false},"excerpt":{"rendered":"<p>Nivell B\u00e0sic A2 i Nivell Intermedi B1 Nivell Intermedi B2 i Nivell Avan\u00e7at C1 i C2 Expedici\u00f3 de t\u00edtol i recollida Consulteu les taxes i bonificacions aqu\u00ed. Consulta l&#8217;estat de la titulaci\u00f3 al registre de t\u00edtols no universitaris (MEC), nom\u00e9s els nivells B2, C1 i C2<\/p>\n","protected":false},"author":1,"featured_media":0,"parent":0,"menu_order":95,"comment_status":"closed","ping_status":"closed","template":"page-templates\/side-menu.php","meta":{"_bbp_topic_count":0,"_bbp_reply_count":0,"_bbp_total_topic_count":0,"_bbp_total_reply_count":0,"_bbp_voice_count":0,"_bbp_anonymous_reply_count":0,"_bbp_topic_count_hidden":0,"_bbp_reply_count_hidden":0,"_bbp_forum_subforum_count":0,"site-sidebar-layout":"default","site-content-layout":"","ast-site-content-layout":"","site-content-style":"default","site-sidebar-style":"default","ast-global-header-display":"","ast-banner-title-visibility":"","ast-main-header-display":"","ast-hfb-above-header-display":"","ast-hfb-below-header-display":"","ast-hfb-mobile-header-display":"","site-post-title":"","ast-breadcrumbs-content":"","ast-featured-img":"","footer-sml-layout":"","theme-transparent-header-meta":"","adv-header-id-meta":"","stick-header-meta":"","header-above-stick-meta":"","header-main-stick-meta":"","header-below-stick-meta":"","astra-migrate-meta-layouts":"default","ast-page-background-enabled":"default","ast-page-background-meta":{"desktop":{"background-color":"var(--ast-global-color-4)","background-image":"","background-repeat":"repeat","background-position":"center center","background-size":"auto","background-attachment":"scroll","background-type":"","background-media":"","overlay-type":"","overlay-color":"","overlay-opacity":"","overlay-gradient":""},"tablet":{"background-color":"","background-image":"","background-repeat":"repeat","background-position":"center center","background-size":"auto","background-attachment":"scroll","background-type":"","background-media":"","overlay-type":"","overlay-color":"","overlay-opacity":"","overlay-gradient":""},"mobile":{"background-color":"","background-image":"","background-repeat":"repeat","background-position":"center center","background-size":"auto","background-attachment":"scroll","background-type":"","background-media":"","overlay-type":"","overlay-color":"","overlay-opacity":"","overlay-gradient":""}},"ast-content-background-meta":{"desktop":{"background-color":"var(--ast-global-color-5)","background-image":"","background-repeat":"repeat","background-position":"center center","background-size":"auto","background-attachment":"scroll","background-type":"","background-media":"","overlay-type":"","overlay-color":"","overlay-opacity":"","overlay-gradient":""},"tablet":{"background-color":"var(--ast-global-color-5)","background-image":"","background-repeat":"repeat","background-position":"center center","background-size":"auto","background-attachment":"scroll","background-type":"","background-media":"","overlay-type":"","overlay-color":"","overlay-opacity":"","overlay-gradient":""},"mobile":{"background-color":"var(--ast-global-color-5)","background-image":"","background-repeat":"repeat","background-position":"center center","background-size":"auto","background-attachment":"scroll","background-type":"","background-media":"","overlay-type":"","overlay-color":"","overlay-opacity":"","overlay-gradient":""}},"footnotes":""},"class_list":["post-8377","page","type-page","status-publish","hentry"],"post_mailing_queue_ids":[],"_links":{"self":[{"href":"https:\/\/agora-eoi.xtec.cat\/eoifigueres\/wp-json\/wp\/v2\/pages\/8377","targetHints":{"allow":["GET"]}}],"collection":[{"href":"https:\/\/agora-eoi.xtec.cat\/eoifigueres\/wp-json\/wp\/v2\/pages"}],"about":[{"href":"https:\/\/agora-eoi.xtec.cat\/eoifigueres\/wp-json\/wp\/v2\/types\/page"}],"author":[{"embeddable":true,"href":"https:\/\/agora-eoi.xtec.cat\/eoifigueres\/wp-json\/wp\/v2\/users\/1"}],"replies":[{"embeddable":true,"href":"https:\/\/agora-eoi.xtec.cat\/eoifigueres\/wp-json\/wp\/v2\/comments?post=8377"}],"version-history":[{"count":6,"href":"https:\/\/agora-eoi.xtec.cat\/eoifigueres\/wp-json\/wp\/v2\/pages\/8377\/revisions"}],"predecessor-version":[{"id":12398,"href":"https:\/\/agora-eoi.xtec.cat\/eoifigueres\/wp-json\/wp\/v2\/pages\/8377\/revisions\/12398"}],"wp:attachment":[{"href":"https:\/\/agora-eoi.xtec.cat\/eoifigueres\/wp-json\/wp\/v2\/media?parent=8377"}],"curies":[{"name":"wp","href":"https:\/\/api.w.org\/{rel}","templated":true}]}}