{"id":8372,"date":"2016-06-13T13:41:51","date_gmt":"2016-06-13T12:41:51","guid":{"rendered":"https:\/\/agora-eoi.xtec.cat\/eoifigueres\/?page_id=8372"},"modified":"2025-07-04T15:59:35","modified_gmt":"2025-07-04T13:59:35","slug":"normes","status":"publish","type":"page","link":"https:\/\/agora-eoi.xtec.cat\/eoifigueres\/normes\/","title":{"rendered":"Normes (NOFC)"},"content":{"rendered":"<p>Podeu consultar el document sencer en<a href=\"https:\/\/docs.google.com\/document\/d\/1qmTj6tB92oxuT6x7nIkYFos4hO6dXFtSzJoFHTq1HWU\/edit?usp=sharing\" target=\"_blank\" rel=\"noopener noreferrer\"> aquest enlla\u00e7<\/a><\/p>\n<p>Punts importants:<\/p>\n<p><strong>TEST DE NIVELL<\/strong><\/p>\n<p>Al setembre l\u2019escola organitza un test de nivell online unificat per a totes les EOIs per a l\u2019alumnat nou que vulgui accedir a un nivell superior al primer. Aquesta qualificaci\u00f3 nom\u00e9s t\u00e9 valor per a la formalitzaci\u00f3 de la matr\u00ed\u00adcula i validesa per a un any acad\u00e8mic. El test de nivell no garanteix pla\u00e7a a l\u2019escola.<\/p>\n<p>Un cop iniciada la classe, el professorat podr\u00e0 considerar un canvi de nivell.<\/p>\n<p><strong>AVALUACI\u00d3<\/strong><\/p>\n<ul>\n<li>L&#8217;avaluaci\u00f3 del proc\u00e9s d&#8217;aprenentatge dels alumnes oficials presencials ser\u00e0 cont\u00ednua i sistem\u00e0tica, globalitzada, integradora i personalitzada a fi de valorar el progr\u00e9s dels alumnes.<\/li>\n<li>Per tal que un alumne pugui ser avaluat per avaluaci\u00f3 cont\u00ednua calen dos requisits: que l\u2019alumne hagi assistit, com a m\u00ednim, al 70% de les sessions de classe i que hagi realitzat de manera satisfact\u00f2ria totes les tasques proposades pel professor durant el curs.<\/li>\n<li>En cas que un alumne no pugui ser avaluat per avaluaci\u00f3 cont\u00ednua tindr\u00e0 dret a realitzar una prova global final. Per superar aquesta prova, tamb\u00e9 caldr\u00e0 una qualificaci\u00f3 equivalent al 65% total, per\u00f2 a m\u00e9s a m\u00e9s del 70% en l\u2019expressi\u00f3 escrita i l\u2019expressi\u00f3 oral.<\/li>\n<\/ul>\n<p><strong>CANVIS D&#8217;HORARI (descarregueu la sol\u00b7licitud <a href=\"https:\/\/agora-eoi.xtec.cat\/eoifigueres\/secretaria\/instancies-i-solicituts\/\">aqu\u00ed<\/a> &#8211; tr\u00e0mits de secretaria)<br \/>\n<\/strong><\/p>\n<ul>\n<li>Els canvis d\u2019horari es podran sol\u00b7licitar a la secretaria del centre i hauran de ser concedits per Cap d\u2019Estudis.<\/li>\n<li>La sol\u00b7licitud de canvi d\u2019horari ha d\u2019anar acompanyada d\u2019una justificaci\u00f3.<\/li>\n<li>Es concediran sempre que hi hagi lloc en el grup sol\u00b7licitat.<\/li>\n<\/ul>\n<p><strong>NORMES DE CONVIV\u00c8NCIA (vegeu els <a href=\"https:\/\/drive.google.com\/file\/d\/1XtknceBZu4vCjSdnW8rPZ4Mpvo9qllHZ\/view?usp=drive_link\" target=\"_blank\" rel=\"noopener\">Compromisos de l&#8217;alumnat<\/a> i els <a href=\"https:\/\/drive.google.com\/file\/d\/1L35vuz9hmzWRHV1z7t4xurTjogHFNkoE\/view?usp=drive_link\" target=\"_blank\" rel=\"noopener\">Compromisos del claustre<\/a>)<\/strong><\/p>\n<ol>\n<li>A l\u2019aula es permetr\u00e0 l\u2019\u00fas de tel\u00e8fons m\u00f2bils nom\u00e9s amb finalitats pedag\u00f2giques i en casos excepcionals. No es podr\u00e0 utilitzar per fer fotos ni enregistraments, tant d\u2019\u00e0udio com de v\u00eddeo, on surti l\u2019alumnat o el professorat sense el consentiment.<\/li>\n<li>A dins de l\u2019aula, els alumnes seguiran les instruccions del professor quant a disciplina i din\u00e0mica de grup.<\/li>\n<li>En cas de problemes de conviv\u00e8ncia a l\u2019aula, el procediment a seguir ser\u00e0 el seg\u00fcent: 1- Intentar resoldre el problema dins el grup aula, sigui a trav\u00e9s del delegat o del professor o d\u2019una altre alumne. 2- En cas de no poder resoldre el problema, aquest es podr\u00e0 adre\u00e7ar a Cap d\u2019Estudis. 3- Si el problema persist\u00eds, la direcci\u00f3 del centre actuar\u00e0 segons els processos de mediaci\u00f3 establerts als articles 23 a 28 del <em><span style=\"text-decoration: underline;\"><a href=\"https:\/\/portaldogc.gencat.cat\/utilsEADOP\/PDF\/4670\/493855.pdf\" target=\"_blank\" rel=\"noopener noreferrer\">Decret 279\/2006 <\/a><\/span><\/em>\u00a0 (DOGC 4670 de 06\/07\/2006), &#8211; o tamb\u00e9 l\u2019article 30.5 de la Llei d\u2019Educaci\u00f3, que ofereix la mediaci\u00f3 com a estrat\u00e8gia de reparaci\u00f3 o de reconciliaci\u00f3 un cop aplicada una mesura correctora o una sanci\u00f3 per tal de restablir la confian\u00e7a entre les persones i millorar el clima escolar.<\/li>\n<\/ol>\n<p><strong>CONVOCAT\u00d2RIES, REN\u00daNCIES I DEVOLUCI\u00d3 DE TAXES<\/strong><\/p>\n<ul>\n<li>Cada alumne\/a disposa de 2 convocat\u00f2ries (juny) repartides en dos anys acad\u00e8mics per a cada nivell i idioma. Un cop esgotades les convocat\u00f2ries sense haver aprovat l\u2019alumne\/a perd l\u2019oficialitat d\u2019aquest idioma i curs. Per casos extraordinaris i degudament justificats es pot concedir una convocat\u00f2ria addicional (<a href=\"https:\/\/agora-eoi.xtec.cat\/eoifigueres\/secretaria\/instancies-i-solicituts\/\" target=\"_blank\" rel=\"noopener noreferrer\">descarregar model<\/a>), que permetria fer el mateix curs 3 vegades si la causa ho justifica. Nom\u00e9s es podr\u00e0 \u00a0concedir una convocat\u00f2ria addicional per nivell (b\u00e0sic, intermedi, avan\u00e7at).<\/li>\n<li><strong>La ren\u00fancia<\/strong> es pot presentar en els terminis establerts anualment pel Departament, en general el final de novembre. Quan es produeix a l&#8217;inici del curs, dins del termini establert pel Departament (en general la primera setmana d&#8217;octubre), es pot sol\u00b7licitar tamb\u00e9 el <strong>retorn de taxes<\/strong> o preus p\u00fablics. Amb posterioritat al termini de ren\u00fancia establert, si un alumne oficial abandona, el curs es computar\u00e0 a efectes de repetici\u00f3 i l&#8217;alumne tindr\u00e0, a tots els efectes, la consideraci\u00f3 de &#8220;No presentat&#8221; en la qualificaci\u00f3 final <a href=\"https:\/\/agora-eoi.xtec.cat\/eoifigueres\/secretaria\/instancies-i-solicituts\/\" target=\"_blank\" rel=\"noopener noreferrer\">(descarregar model)<\/a>.<\/li>\n<\/ul>\n<p><strong>MENORS<\/strong><\/p>\n<p><strong>Els ensenyaments que es duen a terme a les EOI s\u00f3n de car\u00e0cter NO REGLAT, \u00e9s a dir, no obligatoris.<\/strong><\/p>\n<p>L&#8217;Escola es compromet a fer un seguiment de l&#8217;assist\u00e8ncia dels alumnes menors d&#8217;edat, per tal d&#8217;informar, es trucar\u00e0 als pares o tutors en cas que el\/la menor falti a classe, aix\u00ed mateix, es demanar\u00e0 un formulari de contacte i un justificant d&#8217;abs\u00e8ncia o retard degudament emplenat i signat pel pare\/mare o tutor\/s <a href=\"https:\/\/agora-eoi.xtec.cat\/eoifigueres\/secretaria\/instancies-i-solicituts\/\" target=\"_blank\" rel=\"noopener noreferrer\">(descarregar model)<\/a>.<\/p>\n<p><strong>TRASLLAT DE MATR\u00cdCULA<\/strong><\/p>\n<ul>\n<li><strong>Trasllat en per\u00edode lectiu:<br \/>\nD\u2019una altra EOI a l\u2019EOI Figueres<\/strong>: s\u2019ha de sol.licitar a l\u2019EOI Figueres. Dependr\u00e0 \u00a0de la disponibilitat de places en el nivell i horari desitjat<br \/>\n<strong>De l\u2019EOI Figueres a una altra EOI<\/strong>: s\u2019ha de sol.licitar a l\u2019EOI de destinaci\u00f3. Dependr\u00e0 de la disponibilitat de places a l\u2019escola de destinaci\u00f3.<\/li>\n<\/ul>\n<ul>\n<li><strong>Trasllat de matr\u00edcula en per\u00ed\u00adode no lectiu (juliol)<\/strong>: Els alumnes oficials, un cop hagin formalitzat la matr\u00ed\u00adcula al seu centre d\u2019origen, poden sol\u00b7licitar un trasllat de matr\u00ed\u00adcula per al curs seg\u00fcent en els dies previstos de juliol (cada any, la p\u00e0gina web especificar\u00e0 les dates exactes). La sol\u00b7licitud de trasllat es fa presencialment a l\u2019escola de destinaci\u00f3, presentant la matr\u00ed\u00adcula i el rebut de pagament.<\/li>\n<li><strong>Trasllats d\u2019expedients a altres EOIs en per\u00ed\u00adode de preinscripci\u00f3 i matr\u00edcula (setembre): <\/strong>Els alumnes d\u2019una altra EOI que volen matricular-se a l\u2019EOI Figueres durant el mes de setembre s\u2019 han de preinscriure, anar a sorteig i si obtenen pla\u00e7a, demanar el trasllat d\u2019expedient a l\u2019EOI d\u2019origen. Els alumnes de l\u2019EOI Figueres que volen matricular-se en una altra EOI durant el mes de setembre s\u2019han de preinscriure a l\u2019EOI de desti\u00adnaci\u00f3, passar pel sorteig, i si obtenen pla\u00e7a, demanar el trasllat a l\u2019EOI Figueres.<br \/>\nNOTA: No es podr\u00e0 tenir m\u00e9s d\u2019un expedient obert del mateix idioma a EOIs diferents. Tenir-los comporta l\u2019anul\u00b7laci\u00f3 d\u2019ambd\u00f3s expedients.<\/li>\n<li><strong>Taxes<\/strong>: els trasllats de matr\u00edcula dintre de Catalunya <strong>no donaran lloc al pagament de taxes<\/strong>, per\u00f2 els alumnes que arribin procedents d\u2019una EOI d\u2019una altra Comunitat Aut\u00f2noma hauran de pagar la totalitat de la taxa per serveis acad\u00e8mics. Els alumnes hauran de sol\u00b7licitar el retorn de taxes en la Comunitat d\u2019origen dintre dels terminis previstos.<\/li>\n<\/ul>\n","protected":false},"excerpt":{"rendered":"<p>Podeu consultar el document sencer en<a href=\"https:\/\/docs.google.com\/document\/d\/1qmTj6tB92oxuT6x7nIkYFos4hO6dXFtSzJoFHTq1HWU\/edit?usp=sharing\" target=\"_blank\" rel=\"noopener noreferrer\"> aquest enlla\u00e7<\/a><br \/>\nPunts importants:<br \/>\nTEST DE NIVELL<br \/>\nAl setembre l\u2019escola organitza un test de nivell online unificat per a totes les EOIs per a l\u2019alumnat nou que vulgui accedir a un nivell superior al primer. Aquesta qualificaci\u00f3 nom\u00e9s&hellip;  <a href=\"https:\/\/agora-eoi.xtec.cat\/eoifigueres\/normes\/\" title=\"Read Normes (NOFC)\">Llegeix m\u00e9s\u00bb<\/a><\/p>\n","protected":false},"author":1,"featured_media":0,"parent":0,"menu_order":60,"comment_status":"closed","ping_status":"closed","template":"page-templates\/side-menu.php","meta":{"_bbp_topic_count":0,"_bbp_reply_count":0,"_bbp_total_topic_count":0,"_bbp_total_reply_count":0,"_bbp_voice_count":0,"_bbp_anonymous_reply_count":0,"_bbp_topic_count_hidden":0,"_bbp_reply_count_hidden":0,"_bbp_forum_subforum_count":0,"footnotes":""},"class_list":["post-8372","page","type-page","status-publish","hentry"],"post_mailing_queue_ids":[],"_links":{"self":[{"href":"https:\/\/agora-eoi.xtec.cat\/eoifigueres\/wp-json\/wp\/v2\/pages\/8372","targetHints":{"allow":["GET"]}}],"collection":[{"href":"https:\/\/agora-eoi.xtec.cat\/eoifigueres\/wp-json\/wp\/v2\/pages"}],"about":[{"href":"https:\/\/agora-eoi.xtec.cat\/eoifigueres\/wp-json\/wp\/v2\/types\/page"}],"author":[{"embeddable":true,"href":"https:\/\/agora-eoi.xtec.cat\/eoifigueres\/wp-json\/wp\/v2\/users\/1"}],"replies":[{"embeddable":true,"href":"https:\/\/agora-eoi.xtec.cat\/eoifigueres\/wp-json\/wp\/v2\/comments?post=8372"}],"version-history":[{"count":5,"href":"https:\/\/agora-eoi.xtec.cat\/eoifigueres\/wp-json\/wp\/v2\/pages\/8372\/revisions"}],"predecessor-version":[{"id":12126,"href":"https:\/\/agora-eoi.xtec.cat\/eoifigueres\/wp-json\/wp\/v2\/pages\/8372\/revisions\/12126"}],"wp:attachment":[{"href":"https:\/\/agora-eoi.xtec.cat\/eoifigueres\/wp-json\/wp\/v2\/media?parent=8372"}],"curies":[{"name":"wp","href":"https:\/\/api.w.org\/{rel}","templated":true}]}}