{"id":8370,"date":"2016-06-13T13:38:46","date_gmt":"2016-06-13T12:38:46","guid":{"rendered":"https:\/\/agora-eoi.xtec.cat\/eoifigueres\/?page_id=8370"},"modified":"2025-06-17T11:45:12","modified_gmt":"2025-06-17T09:45:12","slug":"instancies-i-solicituts","status":"publish","type":"page","link":"https:\/\/agora-eoi.xtec.cat\/eoifigueres\/instancies-i-solicituts\/","title":{"rendered":"Sol\u00b7licituds i formularis"},"content":{"rendered":"<p>Per facilitar la realitzaci\u00f3 de gestions administratives podeu <strong>descarregar-vos les inst\u00e0ncies i sol\u00b7licituds seg\u00fcents<\/strong>.<\/p>\n<p><strong>Ompliu-les i lliureu-les a secretaria<\/strong>, tot <strong>aportant la documentaci\u00f3 requerida<\/strong> per cada gesti\u00f3.<\/p>\n<p><a href=\"https:\/\/agora-eoi.xtec.cat\/eoifigueres\/wp-content\/uploads\/usu2258\/2025\/06\/Web-Per-realitzar-tramits.png\"><img loading=\"lazy\" decoding=\"async\" class=\"alignleft  wp-image-12084\" src=\"https:\/\/agora-eoi.xtec.cat\/eoifigueres\/wp-content\/uploads\/usu2258\/2025\/06\/Web-Per-realitzar-tramits-300x300.png\" alt=\"\" width=\"417\" height=\"417\" srcset=\"https:\/\/agora-eoi.xtec.cat\/eoifigueres\/wp-content\/uploads\/usu2258\/2025\/06\/Web-Per-realitzar-tramits-300x300.png 300w, https:\/\/agora-eoi.xtec.cat\/eoifigueres\/wp-content\/uploads\/usu2258\/2025\/06\/Web-Per-realitzar-tramits-1024x1024.png 1024w, https:\/\/agora-eoi.xtec.cat\/eoifigueres\/wp-content\/uploads\/usu2258\/2025\/06\/Web-Per-realitzar-tramits-150x150.png 150w, https:\/\/agora-eoi.xtec.cat\/eoifigueres\/wp-content\/uploads\/usu2258\/2025\/06\/Web-Per-realitzar-tramits-768x768.png 768w, https:\/\/agora-eoi.xtec.cat\/eoifigueres\/wp-content\/uploads\/usu2258\/2025\/06\/Web-Per-realitzar-tramits.png 1080w\" sizes=\"auto, (max-width: 417px) 100vw, 417px\" \/><\/a><a href=\"https:\/\/docs.google.com\/document\/d\/10I7leahgy9fl050oEV3Oaz1sV6Dy700YejWZEldSmIg\/edit?usp=sharing\" target=\"_blank\" rel=\"noopener noreferrer\">Canvi d\u2019horari<\/a><\/p>\n<p><a href=\"https:\/\/docs.google.com\/document\/d\/1NVhRrH0-mEH-KIoZC_99ThCmtPXpJ6uk0cRy9_nyLng\/edit?usp=sharing\" target=\"_blank\" rel=\"noopener noreferrer\">Comunicat fam\u00edlies menors d\u2019edat<\/a><\/p>\n<p><a href=\"https:\/\/docs.google.com\/document\/d\/1kUZQPSR3LZI6L_q7D6hbsTvGY3sOF6FHsBovmW0vwMc\/edit?usp=sharing\" target=\"_blank\" rel=\"noopener noreferrer\">Justificant faltes assist\u00e8ncia menors d\u2019edat<\/a><\/p>\n<p><a href=\"https:\/\/drive.google.com\/file\/d\/1UnOYc6jNjt_VabZH6M0wNuWfR--4l72p\/view?usp=sharing\" target=\"_blank\" rel=\"noopener noreferrer\">Trasllat d\u2019expedient<\/a><\/p>\n<p><a href=\"https:\/\/docs.google.com\/document\/d\/1rTyB-tlL5b7AiJg00cmUEC-IvuDWCNS79sc35EfYp20\/edit\" target=\"_blank\" rel=\"noopener\">Ren\u00fancia a la matr\u00edcula<\/a><a href=\"https:\/\/docs.google.com\/document\/d\/1rTyB-tlL5b7AiJg00cmUEC-IvuDWCNS79sc35EfYp20\/edit?usp=sharing\" target=\"_blank\" rel=\"noopener noreferrer\">\u00a0 (sense retorn de taxes)<\/a><\/p>\n<p><a href=\"https:\/\/drive.google.com\/file\/d\/1F10InX6fZ-NgyvR_J6tSnAXm_eaxUb7z\/view?usp=drive_link\" target=\"_blank\" rel=\"noopener\">Retorn de taxes (amb ren\u00fancia a la matr\u00edcula)<\/a><\/p>\n<p><a href=\"https:\/\/documents.espai.educacio.gencat.cat\/FormularisModels\/GestioEconomica\/A677.pdf\" target=\"_blank\" rel=\"noopener\">Retorn de taxes per ingressos indeguts (no aplicaci\u00f3 bonificacions en formalitzar la matr\u00edcula)<\/a><\/p>\n<p><a href=\"https:\/\/docs.google.com\/document\/d\/1WTPS6Px-uMkvCdSIww-jyShOtH2z08Q2\/edit?usp=sharing&amp;ouid=112301210847122552709&amp;rtpof=true&amp;sd=true\" target=\"_blank\" rel=\"noopener\">Sol\u00b7licitud d&#8217;adaptaci\u00f3 de les proves de certificat<\/a><\/p>\n<p><a href=\"https:\/\/docs.google.com\/document\/d\/1vSGlUKED6x8ERArJXrKFiA_MFWg9Deo97o_Y4UuwojM\/edit?usp=sharing\" target=\"_blank\" rel=\"noopener noreferrer\">Autoritzaci\u00f3 recollida certificats o t\u00edtols\u00a0<\/a><\/p>\n<p><a href=\"https:\/\/docs.google.com\/document\/d\/1SFcwbbNy6XqItDJi9StH5-xnz7Ywxty4vGx1zLCMNOs\/edit?usp=sharing\" target=\"_blank\" rel=\"noopener noreferrer\">Reclamaci\u00f3 qualificaci\u00f3 final<\/a><\/p>\n<p><a href=\"https:\/\/docs.google.com\/document\/d\/1_IjVMBzo8--xLersRILdh-dETk0DNwm7Cj3C3_-dtQ8\/edit?usp=sharing\" target=\"_blank\" rel=\"noopener noreferrer\">Sol\u00b7licitud<\/a><\/p>\n<p><a href=\"https:\/\/docs.google.com\/document\/d\/12fArXJq-eZb_Xh3m-vCKoVTBFQ2zXtDVNxpmoH_DDe4\/edit?usp=sharing\" target=\"_blank\" rel=\"noopener noreferrer\">Sol\u00b7licitud de certificat<\/a><\/p>\n<p><a href=\"https:\/\/documents.espai.educacio.gencat.cat\/FormularisModels\/CentresGestioAcademica\/A1287.pdf\" target=\"_blank\" rel=\"noopener\">Sol\u00b7licitud de t\u00edtol acad\u00e8mic<\/a><\/p>\n<p><a href=\"https:\/\/docs.google.com\/document\/d\/1LgAfAAQamb2qLyn2OtvxEmzvzk0rb_0NbVbeF7OaWQs\/edit?usp=sharing\" target=\"_blank\" rel=\"noopener\">Sol\u00b7licitud de permuta<\/a><\/p>\n<p><a href=\"https:\/\/documents.espai.educacio.gencat.cat\/FormularisModels\/CentresGestioAcademica\/A1298.pdf\" target=\"_blank\" rel=\"noopener\">Sol\u00b7licitud de convalidaci\u00f3 de mat\u00e8ries optatives de batxillerat<\/a><\/p>\n<p><a href=\"https:\/\/docs.google.com\/document\/d\/1C6xTeX-3BfD0SS1LkHzB8O3Usy7u-WdkqNxM3cMC-e8\/edit?usp=sharing\" target=\"_blank\" rel=\"noopener noreferrer\">Tercera convocat\u00f2ria o convocat\u00f2ria addicional<\/a><\/p>\n<p><a href=\"https:\/\/documents.espai.educacio.gencat.cat\/FormularisModels\/CentresGestioAcademica\/Y164_003.pdf\" target=\"_blank\" rel=\"noopener\">Petici\u00f3 de duplicat de t\u00edtol acad\u00e8mic<\/a><\/p>\n<ul>\n<li><strong>Formularis per a l&#8217;exercici dels drets relatius a la protecci\u00f3 de dades de car\u00e0cter personal: <\/strong><\/li>\n<\/ul>\n<p><a href=\"https:\/\/documents.espai.educacio.gencat.cat\/FormularisModels\/ProteccioDades\/A612.pdf\" target=\"_blank\" rel=\"noopener noreferrer\">Dret d&#8217;acc\u00e9s<\/a><\/p>\n<p><a href=\"https:\/\/documents.espai.educacio.gencat.cat\/FormularisModels\/ProteccioDades\/A613.pdf\" target=\"_blank\" rel=\"noopener noreferrer\">Dret de rectificaci\u00f3<\/a><\/p>\n<p><a href=\"https:\/\/documents.espai.educacio.gencat.cat\/FormularisModels\/ProteccioDades\/A614.pdf\" target=\"_blank\" rel=\"noopener noreferrer\">Dret de supressi\u00f3 (dret a l&#8217;oblit)<\/a><\/p>\n<p><a href=\"https:\/\/documents.espai.educacio.gencat.cat\/FormularisModels\/ProteccioDades\/A615.pdf\" target=\"_blank\" rel=\"noopener noreferrer\">Dret d&#8217;oposici\u00f3 <\/a><\/p>\n<p><a href=\"https:\/\/documents.espai.educacio.gencat.cat\/FormularisModels\/ProteccioDades\/A616.pdf\" target=\"_blank\" rel=\"noopener noreferrer\">Dret a la limitaci\u00f3 del tractament<\/a><\/p>\n","protected":false},"excerpt":{"rendered":"<p>Per facilitar la realitzaci\u00f3 de gestions administratives podeu descarregar-vos les inst\u00e0ncies i sol\u00b7licituds seg\u00fcents.<br \/>\nOmpliu-les i lliureu-les a secretaria, tot aportant la documentaci\u00f3 requerida per cada gesti\u00f3.<br \/>\n<a href=\"https:\/\/agora-eoi.xtec.cat\/eoifigueres\/wp-content\/uploads\/usu2258\/2025\/06\/Web-Per-realitzar-tramits.png\"><\/a><a href=\"https:\/\/docs.google.com\/document\/d\/10I7leahgy9fl050oEV3Oaz1sV6Dy700YejWZEldSmIg\/edit?usp=sharing\" target=\"_blank\" rel=\"noopener noreferrer\">Canvi d\u2019horari<\/a><br \/>\n<a href=\"https:\/\/docs.google.com\/document\/d\/1NVhRrH0-mEH-KIoZC_99ThCmtPXpJ6uk0cRy9_nyLng\/edit?usp=sharing\" target=\"_blank\" rel=\"noopener noreferrer\">Comunicat fam\u00edlies menors d\u2019edat<\/a><br \/>\n<a href=\"https:\/\/docs.google.com\/document\/d\/1kUZQPSR3LZI6L_q7D6hbsTvGY3sOF6FHsBovmW0vwMc\/edit?usp=sharing\" target=\"_blank\" rel=\"noopener noreferrer\">Justificant faltes assist\u00e8ncia&hellip;  <a href=\"https:\/\/agora-eoi.xtec.cat\/eoifigueres\/instancies-i-solicituts\/\" title=\"Read Sol\u00b7licituds i formularis\">Llegeix m\u00e9s\u00bb<\/a><\/p>\n","protected":false},"author":1,"featured_media":0,"parent":0,"menu_order":90,"comment_status":"closed","ping_status":"closed","template":"page-templates\/side-menu.php","meta":{"_bbp_topic_count":0,"_bbp_reply_count":0,"_bbp_total_topic_count":0,"_bbp_total_reply_count":0,"_bbp_voice_count":0,"_bbp_anonymous_reply_count":0,"_bbp_topic_count_hidden":0,"_bbp_reply_count_hidden":0,"_bbp_forum_subforum_count":0,"footnotes":""},"class_list":["post-8370","page","type-page","status-publish","hentry"],"post_mailing_queue_ids":[],"_links":{"self":[{"href":"https:\/\/agora-eoi.xtec.cat\/eoifigueres\/wp-json\/wp\/v2\/pages\/8370","targetHints":{"allow":["GET"]}}],"collection":[{"href":"https:\/\/agora-eoi.xtec.cat\/eoifigueres\/wp-json\/wp\/v2\/pages"}],"about":[{"href":"https:\/\/agora-eoi.xtec.cat\/eoifigueres\/wp-json\/wp\/v2\/types\/page"}],"author":[{"embeddable":true,"href":"https:\/\/agora-eoi.xtec.cat\/eoifigueres\/wp-json\/wp\/v2\/users\/1"}],"replies":[{"embeddable":true,"href":"https:\/\/agora-eoi.xtec.cat\/eoifigueres\/wp-json\/wp\/v2\/comments?post=8370"}],"version-history":[{"count":6,"href":"https:\/\/agora-eoi.xtec.cat\/eoifigueres\/wp-json\/wp\/v2\/pages\/8370\/revisions"}],"predecessor-version":[{"id":12085,"href":"https:\/\/agora-eoi.xtec.cat\/eoifigueres\/wp-json\/wp\/v2\/pages\/8370\/revisions\/12085"}],"wp:attachment":[{"href":"https:\/\/agora-eoi.xtec.cat\/eoifigueres\/wp-json\/wp\/v2\/media?parent=8370"}],"curies":[{"name":"wp","href":"https:\/\/api.w.org\/{rel}","templated":true}]}}