{"id":8170,"date":"2016-06-08T17:06:12","date_gmt":"2016-06-08T16:06:12","guid":{"rendered":"https:\/\/agora-eoi.xtec.cat\/eoifigueres\/?page_id=8170"},"modified":"2025-02-10T11:42:17","modified_gmt":"2025-02-10T10:42:17","slug":"candidats-lliures","status":"publish","type":"page","link":"https:\/\/agora-eoi.xtec.cat\/eoifigueres\/candidats-lliures\/","title":{"rendered":"Em vull certificar"},"content":{"rendered":"<p>El Departament d&#8217;Educaci\u00f3 organitza proves per obtenir els certificats d&#8217;idioma seg\u00fcents:<\/p>\n<ul>\n<li><strong>Nivell intermedi B1:<\/strong> Corresponent al nivell B1 del Marc europeu\u00a0com\u00fa\u00a0de refer\u00e8ncia per a les lleng\u00fces (MECR)<\/li>\n<li><strong>Nivell intermedi B2:<\/strong> Corresponent al nivell B2 del MECR<\/li>\n<li><strong>Nivell avan\u00e7at C1: <\/strong>Corresponent al nivell C1 del MECR<\/li>\n<li><strong>Nivell avan\u00e7at C2<\/strong>: corresponent al nivell C2 del MECR<\/li>\n<\/ul>\n<p>Podeu trobar tota la informaci\u00f3 necess\u00e0ria a <a href=\"http:\/\/educacio.gencat.cat\/ca\/serveis-tramits\/proves\/proves-lliures-obtencio-titols\/\" target=\"_blank\" rel=\"noopener noreferrer\">la p\u00e0gina del Departament d&#8217;Educaci\u00f3<\/a>.<\/p>\n<p><strong>Incompatibilitats:<\/strong> NO es pot realitzar la inscripci\u00f3 a les proves lliures d&#8217;un idioma si alhora \u00e9s alumnat oficial del mateix idioma a una EOI.<\/p>\n","protected":false},"excerpt":{"rendered":"<p>El Departament d&#8217;Educaci\u00f3 organitza proves per obtenir els certificats d&#8217;idioma seg\u00fcents: Nivell intermedi B1: Corresponent al nivell B1 del Marc europeu\u00a0com\u00fa\u00a0de refer\u00e8ncia per a les lleng\u00fces (MECR) Nivell intermedi B2: Corresponent al nivell B2 del MECR Nivell avan\u00e7at C1: Corresponent al nivell C1 del MECR Nivell avan\u00e7at C2: corresponent al nivell C2 del MECR Podeu [&hellip;]<\/p>\n","protected":false},"author":1,"featured_media":0,"parent":0,"menu_order":30,"comment_status":"closed","ping_status":"closed","template":"page-templates\/side-menu.php","meta":{"_bbp_topic_count":0,"_bbp_reply_count":0,"_bbp_total_topic_count":0,"_bbp_total_reply_count":0,"_bbp_voice_count":0,"_bbp_anonymous_reply_count":0,"_bbp_topic_count_hidden":0,"_bbp_reply_count_hidden":0,"_bbp_forum_subforum_count":0,"site-sidebar-layout":"default","site-content-layout":"","ast-site-content-layout":"","site-content-style":"default","site-sidebar-style":"default","ast-global-header-display":"","ast-banner-title-visibility":"","ast-main-header-display":"","ast-hfb-above-header-display":"","ast-hfb-below-header-display":"","ast-hfb-mobile-header-display":"","site-post-title":"","ast-breadcrumbs-content":"","ast-featured-img":"","footer-sml-layout":"","theme-transparent-header-meta":"","adv-header-id-meta":"","stick-header-meta":"","header-above-stick-meta":"","header-main-stick-meta":"","header-below-stick-meta":"","astra-migrate-meta-layouts":"default","ast-page-background-enabled":"default","ast-page-background-meta":{"desktop":{"background-color":"var(--ast-global-color-4)","background-image":"","background-repeat":"repeat","background-position":"center center","background-size":"auto","background-attachment":"scroll","background-type":"","background-media":"","overlay-type":"","overlay-color":"","overlay-opacity":"","overlay-gradient":""},"tablet":{"background-color":"","background-image":"","background-repeat":"repeat","background-position":"center center","background-size":"auto","background-attachment":"scroll","background-type":"","background-media":"","overlay-type":"","overlay-color":"","overlay-opacity":"","overlay-gradient":""},"mobile":{"background-color":"","background-image":"","background-repeat":"repeat","background-position":"center center","background-size":"auto","background-attachment":"scroll","background-type":"","background-media":"","overlay-type":"","overlay-color":"","overlay-opacity":"","overlay-gradient":""}},"ast-content-background-meta":{"desktop":{"background-color":"var(--ast-global-color-5)","background-image":"","background-repeat":"repeat","background-position":"center center","background-size":"auto","background-attachment":"scroll","background-type":"","background-media":"","overlay-type":"","overlay-color":"","overlay-opacity":"","overlay-gradient":""},"tablet":{"background-color":"var(--ast-global-color-5)","background-image":"","background-repeat":"repeat","background-position":"center center","background-size":"auto","background-attachment":"scroll","background-type":"","background-media":"","overlay-type":"","overlay-color":"","overlay-opacity":"","overlay-gradient":""},"mobile":{"background-color":"var(--ast-global-color-5)","background-image":"","background-repeat":"repeat","background-position":"center center","background-size":"auto","background-attachment":"scroll","background-type":"","background-media":"","overlay-type":"","overlay-color":"","overlay-opacity":"","overlay-gradient":""}},"footnotes":""},"class_list":["post-8170","page","type-page","status-publish","hentry"],"post_mailing_queue_ids":[],"_links":{"self":[{"href":"https:\/\/agora-eoi.xtec.cat\/eoifigueres\/wp-json\/wp\/v2\/pages\/8170","targetHints":{"allow":["GET"]}}],"collection":[{"href":"https:\/\/agora-eoi.xtec.cat\/eoifigueres\/wp-json\/wp\/v2\/pages"}],"about":[{"href":"https:\/\/agora-eoi.xtec.cat\/eoifigueres\/wp-json\/wp\/v2\/types\/page"}],"author":[{"embeddable":true,"href":"https:\/\/agora-eoi.xtec.cat\/eoifigueres\/wp-json\/wp\/v2\/users\/1"}],"replies":[{"embeddable":true,"href":"https:\/\/agora-eoi.xtec.cat\/eoifigueres\/wp-json\/wp\/v2\/comments?post=8170"}],"version-history":[{"count":6,"href":"https:\/\/agora-eoi.xtec.cat\/eoifigueres\/wp-json\/wp\/v2\/pages\/8170\/revisions"}],"predecessor-version":[{"id":11972,"href":"https:\/\/agora-eoi.xtec.cat\/eoifigueres\/wp-json\/wp\/v2\/pages\/8170\/revisions\/11972"}],"wp:attachment":[{"href":"https:\/\/agora-eoi.xtec.cat\/eoifigueres\/wp-json\/wp\/v2\/media?parent=8170"}],"curies":[{"name":"wp","href":"https:\/\/api.w.org\/{rel}","templated":true}]}}