{"id":8166,"date":"2016-06-08T17:01:17","date_gmt":"2016-06-08T16:01:17","guid":{"rendered":"https:\/\/agora-eoi.xtec.cat\/eoifigueres\/?page_id=8166"},"modified":"2025-07-11T10:44:11","modified_gmt":"2025-07-11T08:44:11","slug":"alumnes-nous","status":"publish","type":"page","link":"https:\/\/agora-eoi.xtec.cat\/eoifigueres\/matricula\/alumnes-nous\/","title":{"rendered":"Nou alumnat"},"content":{"rendered":"<p>Qualsevol persona no matriculada en un curs oficial d\u2019un idioma en aquesta escola l\u2019any acad\u00e8mic immediatament anterior es considera nou alumnat d\u2019aquell idioma.<\/p>\n<p>M\u00e9s informaci\u00f3 a\u00a0<a href=\"https:\/\/triaeducativa.gencat.cat\/ca\/idiomes-eoi\/\" target=\"_blank\" rel=\"noopener\">https:\/\/triaeducativa.gencat.cat\/ca\/idiomes-eoi\/<\/a><\/p>\n<p>Infografia\u00a0<a href=\"https:\/\/educacio.gencat.cat\/web\/.content\/home\/departament\/publicacions\/infografies\/eoi-10-eoi.pdf\" target=\"_blank\" rel=\"noopener\">https:\/\/educacio.gencat.cat\/web\/.content\/home\/departament\/publicacions\/infografies\/eoi-10-eoi.pdf<\/a><\/p>\n<p><span class=\"arial text12 gris3\"><b>PREINSCRIPCI\u00d3<br \/>\n<\/b><\/span><\/p>\n<p>La preinscripci\u00f3 \u00e9s un tr\u00e0mit obligatori per entrar com alumne\/a nou\/va a l&#8217;EOI. Es fa <a href=\"http:\/\/www.eoidigital.com\/preinscripcio\/alumnes\/\" target=\"_blank\" rel=\"noopener noreferrer\">per via telem\u00e0tica <\/a> o presencialment els dies indicats.<\/p>\n<div class=\"editora\">\n<p>Es considera alumnat nou:<\/p>\n<ul>\n<li>Aquells que accedeixen per primera vegada a l\u2019EOI.<\/li>\n<li>Els que comencen un altre idioma.<\/li>\n<li>Els que han perdut l\u2019oficialitat.<\/li>\n<li>Els que provenen d\u2019una altra EOI.<\/li>\n<li>Alumnes lliures que volen ser oficials.<\/li>\n<li>Alumnat que t\u00e9 el t\u00edtol de C1 de l&#8217;EOI o equivalent i vol matricular-se a C2.1<\/li>\n<\/ul>\n<p>La preinscripci\u00f3 pot ser a:<\/p>\n<ul>\n<li><strong>Primer:<\/strong>\u00a0Si NO es tenen coneixements de l\u2019idioma o es vol comen\u00e7ar des de zero.<\/li>\n<li><strong>Test de nivell:<\/strong> Si es tenen coneixements de l\u2019idioma i es vol comen\u00e7ar des d\u2019un nivell superior a A1 i NO es disposa d\u2019un CERTIFICAT de l\u2019idioma que consti en les seg\u00fcents llistes d&#8217;equival\u00e8ncies:\n<ul>\n<li><em><a href=\"https:\/\/portaldogc.gencat.cat\/utilsEADOP\/PDF\/9210\/2039478.pdf\" target=\"_blank\" rel=\"noopener\">RESOLUCI\u00d3 EDU\/2684\/2024, de 17 de juliol, d&#8217;actualitzaci\u00f3 de t\u00edtols, diplomes i certificats d&#8217;acreditaci\u00f3 de la compet\u00e8ncia en lleng\u00fces estrangeres en l&#8217;\u00e0mbit del Departament d&#8217;Educaci\u00f3<\/a><\/em><\/li>\n<li><em><a href=\"https:\/\/www.upc.edu\/slt\/ca\/cursos-i-certificats\/certifica\/20240619_r_reu_2197_2024_reconeixement_certificats_llengues_estrangeres.pdf\" target=\"_blank\" rel=\"noopener\">RESOLUCI\u00d3 REU\/2197\/2024, d\u201911 de juny, per la qual es dona publicitat a l\u2019Acord de la Junta del Consell Interuniversitari de Catalunya de 21 de mar\u00e7 de 2024, de modificaci\u00f3 de l\u2019Acord de 24 d\u2019abril de 2015, sobre el reconeixement de certificats i t\u00edtols acreditatius de la compet\u00e8ncia en lleng\u00fces estrangeres<\/a> <\/em><\/li>\n<li><em><a href=\"https:\/\/www.acles.es\/uploads\/archivos\/Tablas_ACLES\/Tablas_de_certificados_reconocidos_por_ACLES_2024_07_25_bis.pdf\" target=\"_blank\" rel=\"noopener\">Taules de l&#8217;Associaci\u00f3 de Centres de Lleng\u00fces de l&#8217;Ensenyament Superior (ACLES)<\/a><br \/>\n<\/em>El test de nivell online s&#8217;haur\u00e0 de fer al mateix aplicatiu de preinscripci\u00f3. Per a catal\u00e0, el test de nivell ser\u00e0 presencial els dies indicats al calendari de setembre.<\/li>\n<\/ul>\n<\/li>\n<li><strong>A2, B1, B2.1, B2.2 o C1:<\/strong> NOM\u00c9S si t\u00e9 aprovat el curs anterior en qualsevol EOI o si t\u00e9 un CERTIFICAT de l\u2019idioma segons les taules d\u2019equival\u00e8ncies.<\/li>\n<li><strong>C2.1<\/strong>: NOM\u00c9S si es t\u00e9 el t\u00edtol de C1 de l&#8217;EOI o equivalent.<\/li>\n<\/ul>\n<p>La preinscripci\u00f3 es pot fer:<\/p>\n<ul>\n<li>Per <a href=\"http:\/\/www.eoidigital.com\/preinscripcio\/alumnes\/\" target=\"_blank\" rel=\"noopener noreferrer\">via telem\u00e0tica<\/a> la primera setmana de setembre (veure el calendari de matr\u00edcula)<\/li>\n<li>De manera presencial (en cas de no disposar d&#8217;Internet) a l&#8217;EOI el dia indicat en el calendari de matr\u00edcula de 9:00 h a 14:00 h.<\/li>\n<li>Cal presentar la documentaci\u00f3 acreditativa del nivell en cas que la vostra preinscripci\u00f3 fos a A2, B1, B2.1, B2.2, C1 o C2.1.<\/li>\n<li>En el cas d&#8217;haver de presentar documentaci\u00f3, s&#8217;ha d&#8217;adjuntar en l\u00ednia al mateix aplicatiu de preinscripci\u00f3.<\/li>\n<\/ul>\n<p><b>Proves de nivell<\/b><\/p>\n<\/div>\n<div class=\"editora\">\n<ol>\n<li>El test de nivell en l\u00ednia nom\u00e9s t\u00e9 valor per a la formalitzaci\u00f3 de la matr\u00edcula i validesa per a un any acad\u00e8mic.<\/li>\n<li>Una vegada fet el test de nivell en l\u00ednia, cal triar el grup horari de classe, segons el nivell assignat.<\/li>\n<\/ol>\n<\/div>\n<p><span class=\"arial text12 gris3\"><b>MATR\u00cdCULA<\/b><\/span><\/p>\n<div class=\"editora\">\n<ul>\n<li>Per <a href=\"http:\/\/www.eoidigital.com\/preinscripcio\/alumnes\/\" target=\"_blank\" rel=\"noopener noreferrer\">via telem\u00e0tica<\/a> els dies previstos (veure el calendari de matr\u00edcula)<\/li>\n<li>De manera presencial (en cas de no disposar d&#8217;Internet) a l&#8217;EOI el dia indicat en el calendari de matr\u00edcula de 9:00h a 14:00h.<\/li>\n<\/ul>\n<p><strong>Documentaci\u00f3 que cal enviar a secretaria@eoifigueres.cat o presencialment a Secretaria:<br \/>\n<\/strong><\/p>\n<ul>\n<li>DNI, original i fotoc\u00f2pia (alumnat amb nacionalitat espanyola)<\/li>\n<li>NIE i passaport, original i fotoc\u00f2pia (alumnat nacional d&#8217;un estat no membre de la Uni\u00f3 Europea)<\/li>\n<li>Carta d&#8217;identitat i passaport en vigor, original i fotoc\u00f2pia (alumnat nacional d&#8217;un estat membre de la Uni\u00f3 Europea, llevat de l&#8217;alumnat espanyol amb DNI). Els estats membres de la Uni\u00f3 Europea s\u00f3n els seg\u00fcents: <a href=\"https:\/\/europa.eu\/european-union\/about-eu\/countries_es\">cliqueu aqu\u00ed<\/a><\/li>\n<li>Carnet de fam\u00edlia nombrosa, fam\u00edlia monoparental o tarja de discapacitat \u2265 33% en vig\u00e8ncia, original i fotoc\u00f2pia<\/li>\n<li>Documentaci\u00f3 acreditativa reducci\u00f3 o bonificaci\u00f3 de taxa per altres sup\u00f2sits contemplats a la normativa.<\/li>\n<li>Menors: alumnat de 14 i 15 anys han d&#8217;aportar certificaci\u00f3 de l&#8217;institut on cursa els seus estudis amb detall curs matriculat i especificaci\u00f3 de la primera opci\u00f3 de llengua estrangera cursada.<\/li>\n<li>Menors: cal omplir el formulari de contacte dels pares <a href=\"https:\/\/drive.google.com\/file\/d\/1dcMBBw_r1w1XcQKtcy-7Mw9aBpzOLxgc\/view\" target=\"_blank\" rel=\"noopener noreferrer\">aqu\u00ed<\/a>.<\/li>\n<li>En cas de convalidaci\u00f3 d&#8217;estudis de l&#8217;EOI a l&#8217;institut, cal aportar certificaci\u00f3 de l&#8217;institut (amb detall curs matriculat i especificaci\u00f3 de la primera opci\u00f3 de llengua estrangera cursada).<\/li>\n<\/ul>\n<p>Consulteu les taxes i bonificacions generals <a href=\"https:\/\/agora-eoi.xtec.cat\/eoifigueres\/secretaria\/preu-i-modificacions\/\" target=\"_blank\" rel=\"noopener noreferrer\">cliqueu aqu\u00ed<\/a>. i les bonificacions o exempcions addicionals\u00a0que estableix la normativa \u00a0per a cada un dels apartats de les\u00a0<a title=\"taxes\" href=\"http:\/\/educacio.gencat.cat\/ca\/departament\/normativa\/taxes-preus-publics\/taxes\/\" target=\"_blank\" rel=\"noopener noreferrer\">taxes<\/a>\u00a0i dels\u00a0<a title=\"preus p\u00fablics\" href=\"http:\/\/educacio.gencat.cat\/ca\/departament\/normativa\/taxes-preus-publics\/preu-public\/\" target=\"_blank\" rel=\"noopener noreferrer\">preus p\u00fablics<\/a>.<\/p>\n<p>En cas que us matriculeu a A1, A2, C1 o C2 podeu tenir dret a una bonificaci\u00f3 del <strong>50%<\/strong> de l\u2019import dels preus p\u00fablics en els sup\u00f2sits seg\u00fcents:<\/p>\n<ul>\n<li>L\u2019alumnat que es matriculi en una segona llengua en la mateixa o una altra EOI.<\/li>\n<li>L\u2019alumnat que es matriculi en una nova llengua estrangera despr\u00e9s d\u2019haver cursat B2.2 el curs immediatament anterior.<\/li>\n<li>L\u2019alumnat de centres sostinguts amb fons p\u00fablics que es matriculi a una llengua estrangera diferent de la que cursa en el seu centre.<\/li>\n<\/ul>\n<p>En el cas de l&#8217;alumnat de <strong>catal\u00e0<\/strong>, teniu dret a una bonificaci\u00f3 del<strong> 75%<\/strong> en la matr\u00edcula dels nivells <strong>A1 i A2<\/strong> i una bonificaci\u00f3 del <strong>50%<\/strong> en l&#8217;import dels nivells <strong>C1 i C2<\/strong>.<\/p>\n<p>&nbsp;<\/p>\n<\/div>\n","protected":false},"excerpt":{"rendered":"<p>Qualsevol persona no matriculada en un curs oficial d\u2019un idioma en aquesta escola l\u2019any acad\u00e8mic immediatament anterior es considera nou alumnat d\u2019aquell idioma.<br \/>\nM\u00e9s informaci\u00f3 a\u00a0<a href=\"https:\/\/triaeducativa.gencat.cat\/ca\/idiomes-eoi\/\" target=\"_blank\" rel=\"noopener\">https:\/\/triaeducativa.gencat.cat\/ca\/idiomes-eoi\/<\/a><br \/>\nInfografia\u00a0<a href=\"https:\/\/educacio.gencat.cat\/web\/.content\/home\/departament\/publicacions\/infografies\/eoi-10-eoi.pdf\" target=\"_blank\" rel=\"noopener\">https:\/\/educacio.gencat.cat\/web\/.content\/home\/departament\/publicacions\/infografies\/eoi-10-eoi.pdf<\/a><br \/>\nPREINSCRIPCI\u00d3<\/p>\n<p>La preinscripci\u00f3 \u00e9s un tr\u00e0mit obligatori per entrar com alumne\/a nou\/va a l&#8217;EOI. Es fa&hellip;  <a href=\"https:\/\/agora-eoi.xtec.cat\/eoifigueres\/matricula\/alumnes-nous\/\" title=\"Read Nou alumnat\">Llegeix m\u00e9s\u00bb<\/a><\/p>\n","protected":false},"author":1,"featured_media":0,"parent":8161,"menu_order":20,"comment_status":"closed","ping_status":"closed","template":"page-templates\/side-menu.php","meta":{"_bbp_topic_count":0,"_bbp_reply_count":0,"_bbp_total_topic_count":0,"_bbp_total_reply_count":0,"_bbp_voice_count":0,"_bbp_anonymous_reply_count":0,"_bbp_topic_count_hidden":0,"_bbp_reply_count_hidden":0,"_bbp_forum_subforum_count":0,"footnotes":""},"class_list":["post-8166","page","type-page","status-publish","hentry"],"post_mailing_queue_ids":[],"_links":{"self":[{"href":"https:\/\/agora-eoi.xtec.cat\/eoifigueres\/wp-json\/wp\/v2\/pages\/8166","targetHints":{"allow":["GET"]}}],"collection":[{"href":"https:\/\/agora-eoi.xtec.cat\/eoifigueres\/wp-json\/wp\/v2\/pages"}],"about":[{"href":"https:\/\/agora-eoi.xtec.cat\/eoifigueres\/wp-json\/wp\/v2\/types\/page"}],"author":[{"embeddable":true,"href":"https:\/\/agora-eoi.xtec.cat\/eoifigueres\/wp-json\/wp\/v2\/users\/1"}],"replies":[{"embeddable":true,"href":"https:\/\/agora-eoi.xtec.cat\/eoifigueres\/wp-json\/wp\/v2\/comments?post=8166"}],"version-history":[{"count":6,"href":"https:\/\/agora-eoi.xtec.cat\/eoifigueres\/wp-json\/wp\/v2\/pages\/8166\/revisions"}],"predecessor-version":[{"id":12147,"href":"https:\/\/agora-eoi.xtec.cat\/eoifigueres\/wp-json\/wp\/v2\/pages\/8166\/revisions\/12147"}],"up":[{"embeddable":true,"href":"https:\/\/agora-eoi.xtec.cat\/eoifigueres\/wp-json\/wp\/v2\/pages\/8161"}],"wp:attachment":[{"href":"https:\/\/agora-eoi.xtec.cat\/eoifigueres\/wp-json\/wp\/v2\/media?parent=8166"}],"curies":[{"name":"wp","href":"https:\/\/api.w.org\/{rel}","templated":true}]}}