{"id":8164,"date":"2016-06-08T17:00:04","date_gmt":"2016-06-08T16:00:04","guid":{"rendered":"https:\/\/agora-eoi.xtec.cat\/eoifigueres\/?page_id=8164"},"modified":"2025-06-25T13:56:45","modified_gmt":"2025-06-25T11:56:45","slug":"alumnes-antics","status":"publish","type":"page","link":"https:\/\/agora-eoi.xtec.cat\/eoifigueres\/matricula\/alumnes-antics\/","title":{"rendered":"Antic alumnat"},"content":{"rendered":"<p><strong>La matr\u00edcula dels antics alumnes es fa via telem\u00e0tica durant <a href=\"https:\/\/docs.google.com\/document\/d\/1gz0iEHi0G-zX_HRbjoWa1-v-Ltf1ESBo\/edit?usp=sharing&amp;ouid=115638401115537801261&amp;rtpof=true&amp;sd=true\" target=\"_blank\" rel=\"noopener\">la primera setmana del mes de juliol<\/a><\/strong> i d\u00f3na dret a assistir a classe i als ex\u00e0mens oficials corresponents: <a href=\"https:\/\/www.informaticacentros.com\/centrosnet\/ultralogin.php?tcentro=EOI&amp;centro=GI3\" target=\"_blank\" rel=\"noopener noreferrer\">Enlla\u00e7 de matr\u00edcula aqu\u00ed<\/a>.<\/p>\n<p>Cal adjuntar o portar presencialment la documentaci\u00f3 seg\u00fcent:<\/p>\n<ul>\n<li>Nom\u00e9s en cas de caducitat: DNI original i fotoc\u00f2pia o passaport\/ i NIE en cas de l\u2019alumnat estranger.<\/li>\n<li>Carnet de fam\u00ed\u00adlia nombrosa o monoparental, original i fotoc\u00f2pia, si s&#8217;escau.<\/li>\n<li>Targeta de discapacitat i certificat acreditatiu igual o superior al 33%, si s\u2019escau.<\/li>\n<\/ul>\n<p>Consulteu les taxes i bonificacions generals <a href=\"https:\/\/agora-eoi.xtec.cat\/eoifigueres\/secretaria\/preu-i-modificacions\/\" target=\"_blank\" rel=\"noopener noreferrer\">cliqueu aqu\u00ed<\/a>. i les bonificacions o exempcions addicionals\u00a0que estableix la normativa \u00a0per a cada un dels apartats de les\u00a0<a title=\"taxes\" href=\"http:\/\/educacio.gencat.cat\/ca\/departament\/normativa\/taxes-preus-publics\/taxes\/\" target=\"_blank\" rel=\"noopener noreferrer\">taxes<\/a>\u00a0i dels\u00a0<a title=\"preus p\u00fablics\" href=\"http:\/\/educacio.gencat.cat\/ca\/departament\/normativa\/taxes-preus-publics\/preu-public\/\" target=\"_blank\" rel=\"noopener noreferrer\">preus p\u00fablics<\/a>.<\/p>\n<p>En cas que us matriculeu a A1, A2, C1, C2.1 o C2.2, podeu tenir dret a una bonificaci\u00f3 del <strong>50%<\/strong> de l\u2019import dels preus p\u00fablics en els sup\u00f2sits seg\u00fcents:<\/p>\n<ul>\n<li>L\u2019alumnat que es matriculi en una segona llengua en la mateixa o una altra EOI.<\/li>\n<li>L\u2019alumnat que es matriculi en una nova llengua estrangera despr\u00e9s d\u2019haver cursat 5\u00e8 (Intermedi B2) el curs immediatament anterior.<\/li>\n<li>L&#8217;alumnat de centres sostinguts amb fons p\u00fablics que es matriculi a una llengua estrangera diferent de la que cursa en el seu centre.<\/li>\n<\/ul>\n<p><a href=\"https:\/\/drive.google.com\/file\/d\/1yN9qMEJNKness3OL3WF-wFZv3KVT2pYj\/view?usp=sharing\" target=\"_blank\" rel=\"noopener\">Instruccions per accedir al portal de matr\u00edcula<\/a><\/p>\n<p>&nbsp;<\/p>\n","protected":false},"excerpt":{"rendered":"<p>La matr\u00edcula dels antics alumnes es fa via telem\u00e0tica durant <a href=\"https:\/\/docs.google.com\/document\/d\/1gz0iEHi0G-zX_HRbjoWa1-v-Ltf1ESBo\/edit?usp=sharing&amp;ouid=115638401115537801261&amp;rtpof=true&amp;sd=true\" target=\"_blank\" rel=\"noopener\">la primera setmana del mes de juliol<\/a> i d\u00f3na dret a assistir a classe i als ex\u00e0mens oficials corresponents: <a href=\"https:\/\/www.informaticacentros.com\/centrosnet\/ultralogin.php?tcentro=EOI&amp;centro=GI3\" target=\"_blank\" rel=\"noopener noreferrer\">Enlla\u00e7 de matr\u00edcula aqu\u00ed<\/a>.<br \/>\nCal adjuntar o portar presencialment la&hellip;  <a href=\"https:\/\/agora-eoi.xtec.cat\/eoifigueres\/matricula\/alumnes-antics\/\" title=\"Read Antic alumnat\">Llegeix m\u00e9s\u00bb<\/a><\/p>\n","protected":false},"author":1,"featured_media":0,"parent":8161,"menu_order":10,"comment_status":"closed","ping_status":"closed","template":"page-templates\/side-menu.php","meta":{"_bbp_topic_count":0,"_bbp_reply_count":0,"_bbp_total_topic_count":0,"_bbp_total_reply_count":0,"_bbp_voice_count":0,"_bbp_anonymous_reply_count":0,"_bbp_topic_count_hidden":0,"_bbp_reply_count_hidden":0,"_bbp_forum_subforum_count":0,"footnotes":""},"class_list":["post-8164","page","type-page","status-publish","hentry"],"post_mailing_queue_ids":[],"_links":{"self":[{"href":"https:\/\/agora-eoi.xtec.cat\/eoifigueres\/wp-json\/wp\/v2\/pages\/8164","targetHints":{"allow":["GET"]}}],"collection":[{"href":"https:\/\/agora-eoi.xtec.cat\/eoifigueres\/wp-json\/wp\/v2\/pages"}],"about":[{"href":"https:\/\/agora-eoi.xtec.cat\/eoifigueres\/wp-json\/wp\/v2\/types\/page"}],"author":[{"embeddable":true,"href":"https:\/\/agora-eoi.xtec.cat\/eoifigueres\/wp-json\/wp\/v2\/users\/1"}],"replies":[{"embeddable":true,"href":"https:\/\/agora-eoi.xtec.cat\/eoifigueres\/wp-json\/wp\/v2\/comments?post=8164"}],"version-history":[{"count":7,"href":"https:\/\/agora-eoi.xtec.cat\/eoifigueres\/wp-json\/wp\/v2\/pages\/8164\/revisions"}],"predecessor-version":[{"id":12116,"href":"https:\/\/agora-eoi.xtec.cat\/eoifigueres\/wp-json\/wp\/v2\/pages\/8164\/revisions\/12116"}],"up":[{"embeddable":true,"href":"https:\/\/agora-eoi.xtec.cat\/eoifigueres\/wp-json\/wp\/v2\/pages\/8161"}],"wp:attachment":[{"href":"https:\/\/agora-eoi.xtec.cat\/eoifigueres\/wp-json\/wp\/v2\/media?parent=8164"}],"curies":[{"name":"wp","href":"https:\/\/api.w.org\/{rel}","templated":true}]}}